{"id":27218,"date":"2021-04-02T22:05:25","date_gmt":"2021-04-02T20:05:25","guid":{"rendered":"https:\/\/www.slovakdoublebassclub.com\/?post_type=product&#038;p=27218"},"modified":"2021-04-02T22:05:26","modified_gmt":"2021-04-02T20:05:26","slug":"j-n-hummel-sonata-for-violoncello-and-piano-transcription-for-double-bass","status":"publish","type":"product","link":"https:\/\/www.slovakdoublebassclub.com\/SK\/product\/j-n-hummel-sonata-for-violoncello-and-piano-transcription-for-double-bass\/","title":{"rendered":"J. N. Hummel: son\u00e1ta pre violon\u010delo a klav\u00edr \/transkripcia pre kontrabas"},"content":{"rendered":"<p><a href=\"https:\/\/www.slovakdoublebassclub.com\/wp-content\/uploads\/2021\/04\/noty-02.jpg\"><img loading=\"lazy\" decoding=\"async\" class=\"size-large wp-image-27216 aligncenter\" src=\"https:\/\/www.slovakdoublebassclub.com\/wp-content\/uploads\/2021\/04\/noty-02-725x1024.jpg\" alt=\"\" width=\"725\" height=\"1024\" srcset=\"https:\/\/www.slovakdoublebassclub.com\/wp-content\/uploads\/2021\/04\/noty-02-725x1024.jpg 725w, https:\/\/www.slovakdoublebassclub.com\/wp-content\/uploads\/2021\/04\/noty-02-600x848.jpg 600w, https:\/\/www.slovakdoublebassclub.com\/wp-content\/uploads\/2021\/04\/noty-02-212x300.jpg 212w, https:\/\/www.slovakdoublebassclub.com\/wp-content\/uploads\/2021\/04\/noty-02-768x1085.jpg 768w, https:\/\/www.slovakdoublebassclub.com\/wp-content\/uploads\/2021\/04\/noty-02.jpg 828w\" sizes=\"auto, (max-width: 725px) 100vw, 725px\" \/><\/a><\/p>\n","protected":false},"excerpt":{"rendered":"<p><em><strong>Slovak Double Bass Archive<\/strong><\/em>, je iniciat\u00edva <strong><em>Slovak Double Bass Club<\/em><\/strong> ktor\u00fd chce touto cestou spoluvytv\u00e1ra\u0165 a podporova\u0165 vznik nov\u00fdch preva\u017ene slovensk\u00fdch kompoz\u00edci\u00ed pre kontrabas. Preto vznikla v priebehu nieko\u013ek\u00fdch rokov ed\u00edcia, resp. ed\u00edcie, ktor\u00e9 maj\u00fa za prvorad\u00fd cie\u013e podporu a vyd\u00e1vanie t\u00fdchto kompoz\u00edci\u00ed vo vlastnej <em><strong>produkcii SDBC<\/strong><\/em>. Na tento \u00fa\u010del sa sna\u017e\u00edme z\u00e1skava\u0165 r\u00f4zne granty a podporu, ktor\u00e1 je na tak\u00fato produkciu nevyhnutn\u00e1. Va\u0161ou podporou a k\u00fapou t\u00fdchto n\u00f4t teda podporujete predov\u0161etk\u00fdm skladate\u013eov a ich snahu prispie\u0165 do slovensk\u00e9ho kontrabasov\u00e9ho arch\u00edvu nov\u00fdmi kompoz\u00edciami.<\/p>\n<p><em>Slovak Double Bass Archive<\/em> je rozdelen\u00fd na tieto z\u00e1kladn\u00e9 skupiny a to:<\/p>\n<ul>\n<li>S\u00f3lov\u00e9 kompoz\u00edcie<\/li>\n<li>kompoz\u00edcie pre kontrabas a klav\u00edr<\/li>\n<li>komorn\u00e9 diela<\/li>\n<li>diela pre kontrabas a orchester<\/li>\n<li>detsk\u00e1 ed\u00edcia<\/li>\n<\/ul>\n<p>\u010eakujeme za Va\u0161u podporu!&nbsp;<\/p>\n<p><em>SDBC<\/em><\/p>\n","protected":false},"featured_media":27216,"comment_status":"closed","ping_status":"closed","template":"","meta":{"ngg_post_thumbnail":0},"product_brand":[],"product_cat":[56],"product_tag":[],"class_list":{"0":"post-27218","1":"product","2":"type-product","3":"status-publish","4":"has-post-thumbnail","6":"product_cat-uncategorized","8":"first","9":"instock","10":"shipping-taxable","11":"purchasable","12":"product-type-simple"},"_links":{"self":[{"href":"https:\/\/www.slovakdoublebassclub.com\/SK\/wp-json\/wp\/v2\/product\/27218","targetHints":{"allow":["GET"]}}],"collection":[{"href":"https:\/\/www.slovakdoublebassclub.com\/SK\/wp-json\/wp\/v2\/product"}],"about":[{"href":"https:\/\/www.slovakdoublebassclub.com\/SK\/wp-json\/wp\/v2\/types\/product"}],"replies":[{"embeddable":true,"href":"https:\/\/www.slovakdoublebassclub.com\/SK\/wp-json\/wp\/v2\/comments?post=27218"}],"wp:featuredmedia":[{"embeddable":true,"href":"https:\/\/www.slovakdoublebassclub.com\/SK\/wp-json\/wp\/v2\/media\/27216"}],"wp:attachment":[{"href":"https:\/\/www.slovakdoublebassclub.com\/SK\/wp-json\/wp\/v2\/media?parent=27218"}],"wp:term":[{"taxonomy":"product_brand","embeddable":true,"href":"https:\/\/www.slovakdoublebassclub.com\/SK\/wp-json\/wp\/v2\/product_brand?post=27218"},{"taxonomy":"product_cat","embeddable":true,"href":"https:\/\/www.slovakdoublebassclub.com\/SK\/wp-json\/wp\/v2\/product_cat?post=27218"},{"taxonomy":"product_tag","embeddable":true,"href":"https:\/\/www.slovakdoublebassclub.com\/SK\/wp-json\/wp\/v2\/product_tag?post=27218"}],"curies":[{"name":"wp","href":"https:\/\/api.w.org\/{rel}","templated":true}]}}