{"id":27418,"date":"2022-06-03T19:58:32","date_gmt":"2022-06-03T17:58:32","guid":{"rendered":"https:\/\/www.slovakdoublebassclub.com\/?post_type=product&#038;p=27418"},"modified":"2022-06-03T20:00:48","modified_gmt":"2022-06-03T18:00:48","slug":"vitezoslav-kubicka-medvedku-daj-labku","status":"publish","type":"product","link":"https:\/\/www.slovakdoublebassclub.com\/SK\/product\/vitezoslav-kubicka-medvedku-daj-labku\/","title":{"rendered":"V\u00edtezoslav Kubi\u010dka: Medve\u010fku daj labku"},"content":{"rendered":"<p>&nbsp;<\/p>\n<p style=\"text-align: center;\"><strong>Predstavujeme V\u00e1m ed\u00edciu n\u00f4t venovan\u00fa de\u0165om.<\/strong><\/p>\n<p style=\"text-align: center;\">V\u010faka skladate\u013eovi <strong>V\u00edtezoslavovi Kubi\u010dkovi<\/strong> sa n\u00e1m podarilo v predch\u00e1dzaj\u00facom obdob\u00ed uskuto\u010dni\u0165 projekt \u201cMedve\u010fku daj labku\u201d. Z\u00e1merom bolo a je podpori\u0165 najmlad\u0161iu gener\u00e1ciu, deti a hudobn\u00fd dorast v hre na kontrabase. Skladbi\u010dkami \u0161it\u00fdmi na mieru sa maj\u00fa mo\u017enos\u0165 zapoji\u0165 do kontrabasov\u00e9ho ans\u00e1mblu a tak motivova\u0165 a podpori\u0165 svoju hudobn\u00fa predstavivos\u0165, muzikalitu a techniku v hre na kontrabas od \u00fatleho veku.&nbsp;<\/p>\n<p>&nbsp;<\/p>\n<p><a href=\"https:\/\/www.slovakdoublebassclub.com\/wp-content\/uploads\/2022\/06\/FIN_obalka-medvedku_predna_EAN_page-0001.jpg\"><img loading=\"lazy\" decoding=\"async\" class=\"size-large wp-image-27415 aligncenter\" src=\"https:\/\/www.slovakdoublebassclub.com\/wp-content\/uploads\/2022\/06\/FIN_obalka-medvedku_predna_EAN_page-0001-686x1024.jpg\" alt=\"\" width=\"686\" height=\"1024\" srcset=\"https:\/\/www.slovakdoublebassclub.com\/wp-content\/uploads\/2022\/06\/FIN_obalka-medvedku_predna_EAN_page-0001-686x1024.jpg 686w, https:\/\/www.slovakdoublebassclub.com\/wp-content\/uploads\/2022\/06\/FIN_obalka-medvedku_predna_EAN_page-0001-201x300.jpg 201w, https:\/\/www.slovakdoublebassclub.com\/wp-content\/uploads\/2022\/06\/FIN_obalka-medvedku_predna_EAN_page-0001-768x1147.jpg 768w, https:\/\/www.slovakdoublebassclub.com\/wp-content\/uploads\/2022\/06\/FIN_obalka-medvedku_predna_EAN_page-0001-1028x1536.jpg 1028w, https:\/\/www.slovakdoublebassclub.com\/wp-content\/uploads\/2022\/06\/FIN_obalka-medvedku_predna_EAN_page-0001-600x896.jpg 600w, https:\/\/www.slovakdoublebassclub.com\/wp-content\/uploads\/2022\/06\/FIN_obalka-medvedku_predna_EAN_page-0001.jpg 1189w\" sizes=\"auto, (max-width: 686px) 100vw, 686px\" \/><\/a><\/p>\n","protected":false},"excerpt":{"rendered":"<p>&nbsp; Predstavujeme V\u00e1m ed\u00edciu n\u00f4t venovan\u00fa de\u0165om. V\u010faka skladate\u013eovi V\u00edtezoslavovi Kubi\u010dkovi sa n\u00e1m podarilo v predch\u00e1dzaj\u00facom obdob\u00ed uskuto\u010dni\u0165 projekt \u201cMedve\u010fku daj labku\u201d. Z\u00e1merom bolo a je podpori\u0165 najmlad\u0161iu gener\u00e1ciu, deti a hudobn\u00fd dorast v hre na kontrabase. Skladbi\u010dkami \u0161it\u00fdmi na &hellip; <a href=\"https:\/\/www.slovakdoublebassclub.com\/SK\/product\/vitezoslav-kubicka-medvedku-daj-labku\/\">Continued<\/a><\/p>\n","protected":false},"featured_media":27415,"comment_status":"closed","ping_status":"closed","template":"","meta":{"ngg_post_thumbnail":0},"product_brand":[],"product_cat":[56],"product_tag":[],"class_list":{"0":"post-27418","1":"product","2":"type-product","3":"status-publish","4":"has-post-thumbnail","6":"product_cat-uncategorized","8":"first","9":"instock","10":"shipping-taxable","11":"product-type-simple"},"_links":{"self":[{"href":"https:\/\/www.slovakdoublebassclub.com\/SK\/wp-json\/wp\/v2\/product\/27418","targetHints":{"allow":["GET"]}}],"collection":[{"href":"https:\/\/www.slovakdoublebassclub.com\/SK\/wp-json\/wp\/v2\/product"}],"about":[{"href":"https:\/\/www.slovakdoublebassclub.com\/SK\/wp-json\/wp\/v2\/types\/product"}],"replies":[{"embeddable":true,"href":"https:\/\/www.slovakdoublebassclub.com\/SK\/wp-json\/wp\/v2\/comments?post=27418"}],"wp:featuredmedia":[{"embeddable":true,"href":"https:\/\/www.slovakdoublebassclub.com\/SK\/wp-json\/wp\/v2\/media\/27415"}],"wp:attachment":[{"href":"https:\/\/www.slovakdoublebassclub.com\/SK\/wp-json\/wp\/v2\/media?parent=27418"}],"wp:term":[{"taxonomy":"product_brand","embeddable":true,"href":"https:\/\/www.slovakdoublebassclub.com\/SK\/wp-json\/wp\/v2\/product_brand?post=27418"},{"taxonomy":"product_cat","embeddable":true,"href":"https:\/\/www.slovakdoublebassclub.com\/SK\/wp-json\/wp\/v2\/product_cat?post=27418"},{"taxonomy":"product_tag","embeddable":true,"href":"https:\/\/www.slovakdoublebassclub.com\/SK\/wp-json\/wp\/v2\/product_tag?post=27418"}],"curies":[{"name":"wp","href":"https:\/\/api.w.org\/{rel}","templated":true}]}}