{"id":27492,"date":"2022-11-14T22:08:54","date_gmt":"2022-11-14T21:08:54","guid":{"rendered":"https:\/\/www.slovakdoublebassclub.com\/?post_type=product&#038;p=27492"},"modified":"2022-11-14T22:12:44","modified_gmt":"2022-11-14T21:12:44","slug":"contrabasso-violone-in-presburg","status":"publish","type":"product","link":"https:\/\/www.slovakdoublebassclub.com\/SK\/product\/contrabasso-violone-in-presburg\/","title":{"rendered":"Contrabasso \/Violone in Presburg"},"content":{"rendered":"<p style=\"text-align: center;\">V spolupr\u00e1ci so s\u00faborom <em><strong>Collegium Wartberg 430<\/strong><\/em> sa n\u00e1m podarilo vyda\u0165 toto unik\u00e1tne nov\u00e9 CD so skladbami slovensk\u00fdch, resp. svetov\u00fdch premi\u00e9rach. J. M. Sperger a A . Zimmermann s\u00fa skladatelia obdobia tzv. Viedensk\u00e9ho kasicizmu, a jedny z najv\u00fdznamnej\u0161\u00edch predstavite\u013eov klasicimu v\u00f4bec. OZ <em><strong>Slovak Double Bass Club<\/strong><\/em> V\u00e1m preto pon\u00faka toto CD pozost\u00e1vaj\u00face (a\u017e na \u00e1riu J. M. Spergera <i><span lang=\"SK\">\u201eNon t\u2019avvilir&#8230; Al furor d&#8217;avversa sorte&#8230;\u201c) z premi\u00e9r skladieb ktor\u00e9 vznikli na \u00fazem\u00ed dne\u0161n\u00e9ho slovenska v Bratislave &#8211; Presburgu.&nbsp;<\/span><\/i><\/p>\n<p style=\"text-align: center;\"><strong>Anton Zimmermann<em> \u201eConcerto per il Violone in D&#8220; (Pressburg cca 1779)<\/em><\/strong><\/p>\n<p>&nbsp;<\/p>\n<p style=\"text-align: center;\"><strong>Johann Mathias Sperger<em> \u2013 Recitat\u00edv a \u00e1ria pre Sopr\u00e1n, oblig\u00e1tny kontrabas a orchester <\/em><\/strong><\/p>\n<p style=\"text-align: center;\"><strong><em>\u201eN <i><span lang=\"SK\">\u201eNon t\u2019avvilir&#8230; Al furor d&#8217;avversa sorte<\/span><\/i>\u201c (Ludewigslust 1793) \u2028<\/em><\/strong><\/p>\n<p>&nbsp;<\/p>\n<p style=\"text-align: center;\"><strong>Johann Mathias Spegrer <em>&nbsp;\u201eConcerto per il Contrabasso ex G\u201d (Pressburg 1779)<a href=\"https:\/\/www.slovakdoublebassclub.com\/wp-content\/uploads\/2022\/11\/01.jpg\"><img loading=\"lazy\" decoding=\"async\" class=\" wp-image-27493 aligncenter\" src=\"https:\/\/www.slovakdoublebassclub.com\/wp-content\/uploads\/2022\/11\/01.jpg\" alt=\"\" width=\"734\" height=\"734\" srcset=\"https:\/\/www.slovakdoublebassclub.com\/wp-content\/uploads\/2022\/11\/01.jpg 1000w, https:\/\/www.slovakdoublebassclub.com\/wp-content\/uploads\/2022\/11\/01-536x536.jpg 536w, https:\/\/www.slovakdoublebassclub.com\/wp-content\/uploads\/2022\/11\/01-268x268.jpg 268w, https:\/\/www.slovakdoublebassclub.com\/wp-content\/uploads\/2022\/11\/01-916x916.jpg 916w, https:\/\/www.slovakdoublebassclub.com\/wp-content\/uploads\/2022\/11\/01-458x458.jpg 458w, https:\/\/www.slovakdoublebassclub.com\/wp-content\/uploads\/2022\/11\/01-730x730.jpg 730w, https:\/\/www.slovakdoublebassclub.com\/wp-content\/uploads\/2022\/11\/01-365x365.jpg 365w\" sizes=\"auto, (max-width: 734px) 100vw, 734px\" \/><\/a> <a href=\"https:\/\/www.slovakdoublebassclub.com\/wp-content\/uploads\/2022\/11\/CD_OBAL_Mockup-oranz.jpg\"><img loading=\"lazy\" decoding=\"async\" class=\" wp-image-27494 aligncenter\" src=\"https:\/\/www.slovakdoublebassclub.com\/wp-content\/uploads\/2022\/11\/CD_OBAL_Mockup-oranz.jpg\" alt=\"\" width=\"756\" height=\"567\"><\/a><\/em><\/strong><\/p>\n<p>&nbsp;<\/p>\n<p>&nbsp;<\/p>\n<p style=\"text-align: center;\"><em>&#8220; Z verejn\u00fdch zdrojov podporil Fond na podporu umenia&#8220; , <\/em><\/p>\n<p style=\"text-align: center;\"><em>&#8222;Supported using public funding by Slovak Arts Council&#8220;,&nbsp;<\/em><\/p>\n<p><a href=\"http:\/\/www.slovakdoublebassclub.com\/wp-content\/uploads\/2017\/02\/FPU_logo1_modre.jpg\"><img loading=\"lazy\" decoding=\"async\" class=\"aligncenter wp-image-4406 size-medium\" src=\"http:\/\/www.slovakdoublebassclub.com\/wp-content\/uploads\/2017\/02\/FPU_logo1_modre-300x225.jpg\" alt=\"\" width=\"300\" height=\"225\" srcset=\"https:\/\/www.slovakdoublebassclub.com\/wp-content\/uploads\/2017\/02\/FPU_logo1_modre-300x225.jpg 300w, https:\/\/www.slovakdoublebassclub.com\/wp-content\/uploads\/2017\/02\/FPU_logo1_modre-600x450.jpg 600w, https:\/\/www.slovakdoublebassclub.com\/wp-content\/uploads\/2017\/02\/FPU_logo1_modre-768x576.jpg 768w, https:\/\/www.slovakdoublebassclub.com\/wp-content\/uploads\/2017\/02\/FPU_logo1_modre-1024x768.jpg 1024w\" sizes=\"auto, (max-width: 300px) 100vw, 300px\" \/><\/a>","protected":false},"excerpt":{"rendered":"<p>V spolupr\u00e1ci so s\u00faborom Collegium Wartberg 430 sa n\u00e1m podarilo vyda\u0165 toto unik\u00e1tne nov\u00e9 CD so skladbami slovensk\u00fdch, resp. svetov\u00fdch premi\u00e9rach. J. M. Sperger a A . Zimmermann s\u00fa skladatelia obdobia tzv. Viedensk\u00e9ho kasicizmu, a jedny z najv\u00fdznamnej\u0161\u00edch predstavite\u013eov klasicimu &hellip; <a href=\"https:\/\/www.slovakdoublebassclub.com\/SK\/product\/contrabasso-violone-in-presburg\/\">Continued<\/a><\/p>\n","protected":false},"featured_media":27493,"comment_status":"closed","ping_status":"closed","template":"","meta":{"ngg_post_thumbnail":0},"product_brand":[],"product_cat":[56],"product_tag":[],"class_list":{"0":"post-27492","1":"product","2":"type-product","3":"status-publish","4":"has-post-thumbnail","6":"product_cat-uncategorized","8":"first","9":"instock","10":"shipping-taxable","11":"purchasable","12":"product-type-simple"},"_links":{"self":[{"href":"https:\/\/www.slovakdoublebassclub.com\/SK\/wp-json\/wp\/v2\/product\/27492","targetHints":{"allow":["GET"]}}],"collection":[{"href":"https:\/\/www.slovakdoublebassclub.com\/SK\/wp-json\/wp\/v2\/product"}],"about":[{"href":"https:\/\/www.slovakdoublebassclub.com\/SK\/wp-json\/wp\/v2\/types\/product"}],"replies":[{"embeddable":true,"href":"https:\/\/www.slovakdoublebassclub.com\/SK\/wp-json\/wp\/v2\/comments?post=27492"}],"wp:featuredmedia":[{"embeddable":true,"href":"https:\/\/www.slovakdoublebassclub.com\/SK\/wp-json\/wp\/v2\/media\/27493"}],"wp:attachment":[{"href":"https:\/\/www.slovakdoublebassclub.com\/SK\/wp-json\/wp\/v2\/media?parent=27492"}],"wp:term":[{"taxonomy":"product_brand","embeddable":true,"href":"https:\/\/www.slovakdoublebassclub.com\/SK\/wp-json\/wp\/v2\/product_brand?post=27492"},{"taxonomy":"product_cat","embeddable":true,"href":"https:\/\/www.slovakdoublebassclub.com\/SK\/wp-json\/wp\/v2\/product_cat?post=27492"},{"taxonomy":"product_tag","embeddable":true,"href":"https:\/\/www.slovakdoublebassclub.com\/SK\/wp-json\/wp\/v2\/product_tag?post=27492"}],"curies":[{"name":"wp","href":"https:\/\/api.w.org\/{rel}","templated":true}]}}