{"id":27600,"date":"2023-03-27T22:12:35","date_gmt":"2023-03-27T20:12:35","guid":{"rendered":"https:\/\/www.slovakdoublebassclub.com\/?post_type=product&#038;p=27600"},"modified":"2023-03-28T19:43:17","modified_gmt":"2023-03-28T17:43:17","slug":"j-m-sperger-concerto-per-il-contra-basso-in-d-urtext-edition","status":"publish","type":"product","link":"https:\/\/www.slovakdoublebassclub.com\/SK\/product\/j-m-sperger-concerto-per-il-contra-basso-in-d-urtext-edition\/","title":{"rendered":"J. M .Sperger concerto per il Contra Basso in D, Nr.2 &#8211; URTEXT edition"},"content":{"rendered":"<p><a href=\"https:\/\/www.slovakdoublebassclub.com\/wp-content\/uploads\/2023\/02\/Sperger-Nr.-2-in-D-.jpg\"><img loading=\"lazy\" decoding=\"async\" class=\"size-large wp-image-27611 aligncenter\" src=\"https:\/\/www.slovakdoublebassclub.com\/wp-content\/uploads\/2023\/02\/Sperger-Nr.-2-in-D--724x1024.jpg\" alt=\"\" width=\"724\" height=\"1024\" srcset=\"https:\/\/www.slovakdoublebassclub.com\/wp-content\/uploads\/2023\/02\/Sperger-Nr.-2-in-D--724x1024.jpg 724w, https:\/\/www.slovakdoublebassclub.com\/wp-content\/uploads\/2023\/02\/Sperger-Nr.-2-in-D--212x300.jpg 212w, https:\/\/www.slovakdoublebassclub.com\/wp-content\/uploads\/2023\/02\/Sperger-Nr.-2-in-D--768x1086.jpg 768w, https:\/\/www.slovakdoublebassclub.com\/wp-content\/uploads\/2023\/02\/Sperger-Nr.-2-in-D--1087x1536.jpg 1087w, https:\/\/www.slovakdoublebassclub.com\/wp-content\/uploads\/2023\/02\/Sperger-Nr.-2-in-D--600x848.jpg 600w, https:\/\/www.slovakdoublebassclub.com\/wp-content\/uploads\/2023\/02\/Sperger-Nr.-2-in-D-.jpg 1100w\" sizes=\"auto, (max-width: 724px) 100vw, 724px\" \/><\/a><\/p>\n","protected":false},"excerpt":{"rendered":"<p style=\"text-align: center;\"><strong>Koncert \u010d.2 in D dur \u2013 \u201eConcerto per il Contra basso da Giovanni Sperger\u201c,<\/strong><\/p>\n<p style=\"text-align: center;\">vznikol v&nbsp;\u010dasovom horizonte: 17.apr\u00edla \u2013 30.apr\u00edla 1778. Je to prv\u00e1 origin\u00e1lne verzia.<br \/>\nJeho kompozi\u010dn\u00fd \u0161t\u00fdl je ovplyvnen\u00fd viedenskou noblesou, no z\u00e1rove\u0148 pln\u00fd v\u00e1\u0161ne a&nbsp;pl\u00e1novanej harmonickej architekt\u00fary zn\u00e1mej ako \u201eciaro -scuro\u201c.<br \/>\nV prvej \u010dasti <strong>Allegro moderato<\/strong> u\u017e od za\u010diatku ud\u00e1va duktus s\u00f3lista, nako\u013eko hr\u00e1 introdukciu unisono s&nbsp;hus\u013eami. Je to znak, \u017ee si Sperger dirigoval orchester od kontrabasu s\u00e1m. T\u00e1to &nbsp;\u010das\u0165 je pln\u00e1 rokokov\u00fdch ornamentov a&nbsp;pas\u00e1\u017e\u00ed v dynamick\u00fdch n\u00e1valoch. Kontrastn\u00e1 je druh\u00e1 \u010das\u0165 <strong>Cantabile<\/strong>, kde Sperger berie oh\u013ead na s\u00f3lov\u00fa jemn\u00fa hru, tembrov\u00fa tenorov\u00fa farbu kontrabasu p\u00f4sobiacu pokojne. Zn\u00e1me \u201ebasso continuo\u201c pas\u00e1\u017ee podporuj\u00fa harmonick\u00fa v\u00e1hu stredn\u00fdch hlasov. <strong>Rondo \u2013 tempo giusto <\/strong>je tre\u0165ou \u010das\u0165ou koncertu, ktor\u00e1 hne\u010f \u00favodnou t\u00e9mou d\u00e1 najavo, \u017ee kontrabas sa chce podeli\u0165 s&nbsp;vami o&nbsp;rados\u0165 zo \u017eivota typickou pre Slovanov! Ide akoby o&nbsp;tanec R\u00f3mea pln\u00e9ho l\u00e1sky a&nbsp;v\u00e1\u0161ne.<\/p>\n<p>&nbsp;<\/p>\n<p style=\"text-align: center;\"><strong>J\u00e1n Krigovsk\u00fd<\/strong><\/p>\n<p>&nbsp;<\/p>\n<div class=\"page\" title=\"Page 1\">\n<div class=\"layoutArea\">\n<div class=\"column\">\n<p style=\"text-align: center;\"><strong>Z verejn\u00fdch zdrojov podporil Fond na podporu umenia<\/strong><\/p>\n<p style=\"text-align: center;\"><em><strong>Supported using public funding by Slovak Arts Council<\/strong><\/em><\/p>\n<\/div>\n<\/div>\n<\/div>\n<p style=\"text-align: center;\"><a href=\"https:\/\/www.slovakdoublebassclub.com\/wp-content\/uploads\/2017\/02\/FPU_logo1_modre-scaled.jpg\"><img loading=\"lazy\" decoding=\"async\" class=\"wp-image-4406 aligncenter\" src=\"https:\/\/www.slovakdoublebassclub.com\/wp-content\/uploads\/2017\/02\/FPU_logo1_modre-1024x768.jpg\" alt=\"\" width=\"374\" height=\"280\" srcset=\"https:\/\/www.slovakdoublebassclub.com\/wp-content\/uploads\/2017\/02\/FPU_logo1_modre-1024x768.jpg 1024w, https:\/\/www.slovakdoublebassclub.com\/wp-content\/uploads\/2017\/02\/FPU_logo1_modre-600x450.jpg 600w, https:\/\/www.slovakdoublebassclub.com\/wp-content\/uploads\/2017\/02\/FPU_logo1_modre-300x225.jpg 300w, https:\/\/www.slovakdoublebassclub.com\/wp-content\/uploads\/2017\/02\/FPU_logo1_modre-768x576.jpg 768w\" sizes=\"auto, (max-width: 374px) 100vw, 374px\" \/><\/a><\/p>\n","protected":false},"featured_media":27611,"comment_status":"closed","ping_status":"closed","template":"","meta":{"ngg_post_thumbnail":0},"product_brand":[],"product_cat":[56],"product_tag":[],"class_list":{"0":"post-27600","1":"product","2":"type-product","3":"status-publish","4":"has-post-thumbnail","6":"product_cat-uncategorized","8":"first","9":"instock","10":"shipping-taxable","11":"purchasable","12":"product-type-simple"},"_links":{"self":[{"href":"https:\/\/www.slovakdoublebassclub.com\/SK\/wp-json\/wp\/v2\/product\/27600","targetHints":{"allow":["GET"]}}],"collection":[{"href":"https:\/\/www.slovakdoublebassclub.com\/SK\/wp-json\/wp\/v2\/product"}],"about":[{"href":"https:\/\/www.slovakdoublebassclub.com\/SK\/wp-json\/wp\/v2\/types\/product"}],"replies":[{"embeddable":true,"href":"https:\/\/www.slovakdoublebassclub.com\/SK\/wp-json\/wp\/v2\/comments?post=27600"}],"wp:featuredmedia":[{"embeddable":true,"href":"https:\/\/www.slovakdoublebassclub.com\/SK\/wp-json\/wp\/v2\/media\/27611"}],"wp:attachment":[{"href":"https:\/\/www.slovakdoublebassclub.com\/SK\/wp-json\/wp\/v2\/media?parent=27600"}],"wp:term":[{"taxonomy":"product_brand","embeddable":true,"href":"https:\/\/www.slovakdoublebassclub.com\/SK\/wp-json\/wp\/v2\/product_brand?post=27600"},{"taxonomy":"product_cat","embeddable":true,"href":"https:\/\/www.slovakdoublebassclub.com\/SK\/wp-json\/wp\/v2\/product_cat?post=27600"},{"taxonomy":"product_tag","embeddable":true,"href":"https:\/\/www.slovakdoublebassclub.com\/SK\/wp-json\/wp\/v2\/product_tag?post=27600"}],"curies":[{"name":"wp","href":"https:\/\/api.w.org\/{rel}","templated":true}]}}