{"id":27603,"date":"2023-03-27T22:24:55","date_gmt":"2023-03-27T20:24:55","guid":{"rendered":"https:\/\/www.slovakdoublebassclub.com\/?post_type=product&#038;p=27603"},"modified":"2023-03-28T19:42:10","modified_gmt":"2023-03-28T17:42:10","slug":"slovencina-j-m-sperger-concerto-per-il-contra-basso-in-f-nr-3-urtext-edition","status":"publish","type":"product","link":"https:\/\/www.slovakdoublebassclub.com\/SK\/product\/slovencina-j-m-sperger-concerto-per-il-contra-basso-in-f-nr-3-urtext-edition\/","title":{"rendered":"J. M .Sperger concerto per il Contrabasso in F, Nr.3 &#8211; URTEXT edition"},"content":{"rendered":"<p><a href=\"https:\/\/www.slovakdoublebassclub.com\/wp-content\/uploads\/2023\/02\/Sperger-Nr.-3-in-B-.jpg\"><img loading=\"lazy\" decoding=\"async\" class=\"size-large wp-image-27612 aligncenter\" src=\"https:\/\/www.slovakdoublebassclub.com\/wp-content\/uploads\/2023\/02\/Sperger-Nr.-3-in-B--724x1024.jpg\" alt=\"\" width=\"724\" height=\"1024\" srcset=\"https:\/\/www.slovakdoublebassclub.com\/wp-content\/uploads\/2023\/02\/Sperger-Nr.-3-in-B--724x1024.jpg 724w, https:\/\/www.slovakdoublebassclub.com\/wp-content\/uploads\/2023\/02\/Sperger-Nr.-3-in-B--212x300.jpg 212w, https:\/\/www.slovakdoublebassclub.com\/wp-content\/uploads\/2023\/02\/Sperger-Nr.-3-in-B--768x1086.jpg 768w, https:\/\/www.slovakdoublebassclub.com\/wp-content\/uploads\/2023\/02\/Sperger-Nr.-3-in-B--1087x1536.jpg 1087w, https:\/\/www.slovakdoublebassclub.com\/wp-content\/uploads\/2023\/02\/Sperger-Nr.-3-in-B--600x848.jpg 600w, https:\/\/www.slovakdoublebassclub.com\/wp-content\/uploads\/2023\/02\/Sperger-Nr.-3-in-B-.jpg 1100w\" sizes=\"auto, (max-width: 724px) 100vw, 724px\" \/><\/a><\/p>\n","protected":false},"excerpt":{"rendered":"<p style=\"text-align: center;\"><strong>Koncert \u010d.3 in B dur \u2013 \u201eConcerto per il Contrabasso da Giovanni Sperger\u201c,<\/strong><\/p>\n<p style=\"text-align: center;\">vznikol v&nbsp;\u010dasovom horizonte: 8.augusta \u2013 20.augusta 1778. Origin\u00e1lna verzia vznikla v&nbsp;Bratislave.<br \/>\nV tomto koncerte je cite\u013en\u00e9 Spergerov posun v&nbsp;technike kontrabasovej hry. Pri tomto koncerte m\u00e1m dve hypot\u00e9zy. Maestro Sperger musel pr\u00eds\u0165 do kontaktu s&nbsp;violon\u010delov\u00fdmi koncertami Jozefa Haydna a&nbsp;\u00faplne sa zamilova\u0165 do &nbsp;kompozi\u010dn\u00e9ho \u0161t\u00fdlu. Druh\u00e1 mo\u017enos\u0165 je \u00faplne jasnej\u0161ia. Jozef K\u00e4mpfer dostal nov\u00fd koncert od Antona Zimmermanna (kapeln\u00edk Batth\u00e1nyho orchestra) a&nbsp;v&nbsp;tom istom roku 1778 ho priemeroval v&nbsp;Bratislave, kde ho doprev\u00e1dzal pravdepodobne Sperger.<\/p>\n<ol style=\"text-align: center;\">\n<li><strong>Allegro moderato<\/strong> je hrdo majest\u00e1tne a&nbsp;virtu\u00f3zne. Sperger si dal n\u00e1mahu, nevedno z&nbsp;ak\u00e9ho d\u00f4vodu, zv\u00e4\u010d\u0161il orchester o&nbsp;tymp\u00e1ny ozna\u010den\u00e9 v&nbsp;partit\u00fare. Z\u00e1pis n\u00f4t neexistuje! Po mojej dlhoro\u010dnej sk\u00fasenosti s&nbsp;pou\u010denou hudobnou literat\u00farou som sa rozhodol, \u017ee ch\u00fdbaj\u00faci part tymp\u00e1nov dopln\u00edme, no prirodzene k&nbsp;tymp\u00e1nom patra aj clarini (tr\u00fabky), \u010do obohatilo cel\u00fd koncert a&nbsp;posunulo o&nbsp;stupe\u0148 kvality smerom k&nbsp;ve\u013ek\u00fdm koncertom. Part tymp\u00e1nov a&nbsp;clarin doplnil Marek \u010cerm\u00e1k vych\u00e1dzaj\u00fac z&nbsp;partov lesn\u00fdch rohov. V ka\u017edej \u010dasti koncertu sa odpor\u00fa\u010da pou\u017ei\u0165 \u010dembalo. Zauj\u00edmavos\u0165ou a&nbsp;aj historick\u00fdm dokladom ako sa maj\u00fa doprev\u00e1dza\u0165 n\u00edzko polo\u017een\u00e9 n\u00e1stroje, s\u00fa ripieno party husl\u00ed, to znamen\u00e1 , \u017ee sa tutti hr\u00e1\u010di prid\u00e1vaj\u00fa v&nbsp;ritolneloch (medzihr\u00e1ch).V druhej \u010dasti <strong>Adagio<\/strong> <strong>Cantabile <\/strong>doprev\u00e1dzaj\u00fa s\u00f3listu sl\u00e1\u010diky, dva hoboje a&nbsp;dva lesn\u00e9 rohy. \u010ci\u017ee ide u&nbsp;Spergera o&nbsp;nov\u00fd kompozi\u010dn\u00fd z\u00e1mer vytvori\u0165 nov\u00fd farbistej\u0161\u00ed harmonick\u00fd priestor v&nbsp;kontraste s&nbsp;kontrabasom pohybuj\u00facim sa vo v\u0161etk\u00fdch hlasov\u00fdch poloh\u00e1ch ktor\u00e9 vie poskytn\u00fa\u0165.<\/li>\n<\/ol>\n<p style=\"text-align: center;\"><strong>Allegro <\/strong>je tre\u0165ou \u010das\u0165ou koncertu. Sperger si v nej vyhradil \u00fapln\u00e9 pr\u00e1vo ve\u013ek\u00e9ho s\u00f3listu, alebo tak povediac koncertn\u00e9ho majstra \u201eStehgeiger-a\u201c. M\u00e1 absol\u00fatnu moc nad t\u00e9mou. Predv\u00e1dza novinky s&nbsp;kompozi\u010dnej dielne majstra vo varia\u010dnom \u0161t\u00fdle na obrovskom n\u00e1stroji. Sperger n\u00e1m tu zanechal odkaz: \u201eKontrabas je s\u00f3lov\u00fdm n\u00e1strojom a&nbsp;patr\u00ed mu p\u00f3dium tak isto ako jeho kolegom!\u201c<\/p>\n<p style=\"text-align: center;\">&nbsp;<\/p>\n<p style=\"text-align: center;\"><strong>J\u00e1n&nbsp; Krigovsk\u00fd<\/strong><\/p>\n<div class=\"page\" title=\"Page 1\">\n<div class=\"layoutArea\">\n<div class=\"column\">\n<p style=\"text-align: center;\"><strong>Z verejn\u00fdch zdrojov podporil Fond na podporu umenia<\/strong><\/p>\n<p style=\"text-align: center;\"><em><strong>Supported using public funding by Slovak Arts Council<\/strong><\/em><\/p>\n<\/div>\n<\/div>\n<\/div>\n<p style=\"text-align: center;\"><a href=\"https:\/\/www.slovakdoublebassclub.com\/wp-content\/uploads\/2017\/02\/FPU_logo1_modre-scaled.jpg\"><img loading=\"lazy\" decoding=\"async\" class=\"wp-image-4406 aligncenter\" src=\"https:\/\/www.slovakdoublebassclub.com\/wp-content\/uploads\/2017\/02\/FPU_logo1_modre-1024x768.jpg\" alt=\"\" width=\"374\" height=\"280\" srcset=\"https:\/\/www.slovakdoublebassclub.com\/wp-content\/uploads\/2017\/02\/FPU_logo1_modre-1024x768.jpg 1024w, https:\/\/www.slovakdoublebassclub.com\/wp-content\/uploads\/2017\/02\/FPU_logo1_modre-600x450.jpg 600w, https:\/\/www.slovakdoublebassclub.com\/wp-content\/uploads\/2017\/02\/FPU_logo1_modre-300x225.jpg 300w, https:\/\/www.slovakdoublebassclub.com\/wp-content\/uploads\/2017\/02\/FPU_logo1_modre-768x576.jpg 768w\" sizes=\"auto, (max-width: 374px) 100vw, 374px\" \/><\/a><\/p>\n","protected":false},"featured_media":27612,"comment_status":"closed","ping_status":"closed","template":"","meta":{"ngg_post_thumbnail":0},"product_brand":[],"product_cat":[56],"product_tag":[],"class_list":{"0":"post-27603","1":"product","2":"type-product","3":"status-publish","4":"has-post-thumbnail","6":"product_cat-uncategorized","8":"first","9":"instock","10":"shipping-taxable","11":"purchasable","12":"product-type-simple"},"_links":{"self":[{"href":"https:\/\/www.slovakdoublebassclub.com\/SK\/wp-json\/wp\/v2\/product\/27603","targetHints":{"allow":["GET"]}}],"collection":[{"href":"https:\/\/www.slovakdoublebassclub.com\/SK\/wp-json\/wp\/v2\/product"}],"about":[{"href":"https:\/\/www.slovakdoublebassclub.com\/SK\/wp-json\/wp\/v2\/types\/product"}],"replies":[{"embeddable":true,"href":"https:\/\/www.slovakdoublebassclub.com\/SK\/wp-json\/wp\/v2\/comments?post=27603"}],"wp:featuredmedia":[{"embeddable":true,"href":"https:\/\/www.slovakdoublebassclub.com\/SK\/wp-json\/wp\/v2\/media\/27612"}],"wp:attachment":[{"href":"https:\/\/www.slovakdoublebassclub.com\/SK\/wp-json\/wp\/v2\/media?parent=27603"}],"wp:term":[{"taxonomy":"product_brand","embeddable":true,"href":"https:\/\/www.slovakdoublebassclub.com\/SK\/wp-json\/wp\/v2\/product_brand?post=27603"},{"taxonomy":"product_cat","embeddable":true,"href":"https:\/\/www.slovakdoublebassclub.com\/SK\/wp-json\/wp\/v2\/product_cat?post=27603"},{"taxonomy":"product_tag","embeddable":true,"href":"https:\/\/www.slovakdoublebassclub.com\/SK\/wp-json\/wp\/v2\/product_tag?post=27603"}],"curies":[{"name":"wp","href":"https:\/\/api.w.org\/{rel}","templated":true}]}}