{"id":27604,"date":"2023-03-27T22:26:54","date_gmt":"2023-03-27T20:26:54","guid":{"rendered":"https:\/\/www.slovakdoublebassclub.com\/?post_type=product&#038;p=27604"},"modified":"2023-03-28T19:41:27","modified_gmt":"2023-03-28T17:41:27","slug":"j-m-sperger-concerto-per-il-contrabasso-in-b-nr-4-urtext-edition","status":"publish","type":"product","link":"https:\/\/www.slovakdoublebassclub.com\/SK\/product\/j-m-sperger-concerto-per-il-contrabasso-in-b-nr-4-urtext-edition\/","title":{"rendered":"J. M .Sperger concerto per il Contrabasso in B, Nr.4 &#8211; URTEXT edition"},"content":{"rendered":"<p><a href=\"https:\/\/www.slovakdoublebassclub.com\/wp-content\/uploads\/2023\/02\/Sperger-Nr.-4-in-F-.jpg\"><img loading=\"lazy\" decoding=\"async\" class=\"size-large wp-image-27613 aligncenter\" src=\"https:\/\/www.slovakdoublebassclub.com\/wp-content\/uploads\/2023\/02\/Sperger-Nr.-4-in-F--724x1024.jpg\" alt=\"\" width=\"724\" height=\"1024\" srcset=\"https:\/\/www.slovakdoublebassclub.com\/wp-content\/uploads\/2023\/02\/Sperger-Nr.-4-in-F--724x1024.jpg 724w, https:\/\/www.slovakdoublebassclub.com\/wp-content\/uploads\/2023\/02\/Sperger-Nr.-4-in-F--212x300.jpg 212w, https:\/\/www.slovakdoublebassclub.com\/wp-content\/uploads\/2023\/02\/Sperger-Nr.-4-in-F--768x1086.jpg 768w, https:\/\/www.slovakdoublebassclub.com\/wp-content\/uploads\/2023\/02\/Sperger-Nr.-4-in-F--1087x1536.jpg 1087w, https:\/\/www.slovakdoublebassclub.com\/wp-content\/uploads\/2023\/02\/Sperger-Nr.-4-in-F--600x848.jpg 600w, https:\/\/www.slovakdoublebassclub.com\/wp-content\/uploads\/2023\/02\/Sperger-Nr.-4-in-F-.jpg 1100w\" sizes=\"auto, (max-width: 724px) 100vw, 724px\" \/><\/a><\/p>\n","protected":false},"excerpt":{"rendered":"<p style=\"text-align: center;\"><strong>Koncert \u010d.4 in F dur \u2013 \u201eConcerto per il Contrabasso da Giovanni Sperger\u201c,<\/strong><\/p>\n<p style=\"text-align: center;\">Vznikol v&nbsp;\u010dasovom horizonte: za\u010diatkom roka 1779. Origin\u00e1lna verzia vznikla v&nbsp;Bratislave.<\/p>\n<p style=\"text-align: center;\">Slovensko je krajina mnoh\u00fdch n\u00e1rodnost\u00ed a&nbsp;ent\u00edt. V&nbsp;dejin\u00e1ch n\u00e1\u0161ho n\u00e1roda s\u00fa pozostatky star\u00fdch Eur\u00f3panov ale aj \u00e1zijsk\u00fdch n\u00e1rodov. V&nbsp;\u010dase, ke\u010f pri\u0161iel na Slovensko Sperger, sme patrili do ve\u013ekej habsbursko \u2013 uhorskej monarchie. Ma\u010farsk\u00fd folkl\u00f3r bolo po\u010du\u0165 na ka\u017edom rohu. Sperger patr\u00ed svoj\u00edm p\u00f4vodom do oblasti, ktor\u00e1 sa dodnes vol\u00e1 \u201eHan\u00e1cko\u201c. 29.ro\u010dn\u00fd Johann majstrovsk\u00fdm perom zakomponoval do koncertu F -dur v\u0161etky zn\u00e1me n\u00e1pevky jeho doby, takzvan\u00fd \u201epopul\u00e1r\u201c.<br \/>\nKoncert prin\u00e1\u0161a sl\u00e1vnostn\u00fa atmosf\u00e9ru pripodobnite\u013en\u00fa Brandeburgsk\u00e9mu koncertu \u010d.1 od J. S. Bacha alebo H\u00e4ndlovej&nbsp; \u201e Wasser Musik\u201c ktor\u00e9 s\u00fa akousi pozv\u00e1nkou k&nbsp;ve\u013ekej oslave n\u00e1rodn\u00fdch tancov Eur\u00f3py a&nbsp;tak je tomu aj v&nbsp;tomto koncerte. Zauj\u00edmav\u00e9 aj ve\u013emi vysok\u00e9 ladenie (C-F-a-c), ktor\u00e9 sa u\u017e nenach\u00e1dza v&nbsp;\u017eiadnom inom \u010fal\u0161om koncerte. Kontrabas tak dosahuje v\u00fdborn\u00fa po\u010dute\u013enos\u0165 a&nbsp;zrete\u013enos\u0165 v&nbsp;s\u00f3lov\u00fdch pas\u00e1\u017each.<br \/>\nV prvej \u010dasti <strong>Allegro moderato<\/strong> si dal Sperger z\u00e1le\u017ea\u0165 na vstupnej predohre. In\u0161trument\u00e1cia m\u00e1 vzletn\u00fd charakter a&nbsp;optimistick\u00e9ho ducha. V&nbsp;\u0161irokej harmonickej sadzbe doplnen\u00e9 o&nbsp;basso continuo, ktor\u00fdm dosiahol plnos\u0165 \u201esymfonick\u00e9ho\u201c orchestra preplnen\u00fd afektami \u201csturm und drank\u201c. Po uveden\u00ed t\u00e9my vstupuje na sc\u00e9nu mal\u00e9 concertino sl\u00e1\u010dikov\u00e9ho tria. V&nbsp;t\u00e9me prvej \u010dasti koncertu spozn\u00e1vame sarkazmus a&nbsp;vtip u\u017e zrel\u00e9ho hudobn\u00e9ho g\u00e9nia Spergera .Je to jeho povahov\u00e1 vlastnos\u0165, no na prec\u00edznej b\u00e1ze kompozi\u010dn\u00e9ho umenia. Striedanie dur a&nbsp;mol n\u00e1lad dod\u00e1va esprit celej \u010dasti. Varia\u010dn\u00fdmi fig\u00farami s\u00f3lov\u00e9ho partu predviedol Sperger znalos\u0165 violonovej hry s&nbsp;jeho technick\u00fdmi finesamy a mo\u017enos\u0165ami. Pre utvrdenie hudobn\u00e9ho \u017earg\u00f3nu predpisuje glizzand\u00e1 v&nbsp;t\u00e9me kontrabasu, ktor\u00e9 sa u\u017e nikde v&nbsp;jeho tvorbe neopakuj\u00fa.<br \/>\n<strong>Adagio<\/strong> <strong>Cantabile <\/strong>doprev\u00e1dzaj\u00fa s\u00f3listu sl\u00e1\u010diky, dva hoboje a&nbsp;dva lesn\u00e9 rohy, opakuj\u00faca sa sadzba z 3.koncertu B -dur. Tematick\u00fd materi\u00e1l t\u00e9my ja naplnen\u00fd melanch\u00f3liou a&nbsp;zasnenos\u0165ou. Pokojn\u00fd ve\u010der oddychu po prebdenej noci v&nbsp;tane\u010dnej s\u00e1le. \u010clovek sa prech\u00e1dza svetom fant\u00e1zie zastretej \u201eanglickou hmlou\u201c, kde kont\u00fary sveta neexistuj\u00fa a&nbsp;je dovolen\u00e9 du\u0161i darova\u0165 letie\u0165 k&nbsp;v\u00fd\u0161in\u00e1m, ktor\u00e9 Sperger vykreslil melismami striedan\u00fdmi s&nbsp;augmentovan\u00fdmi t\u00e9mami v&nbsp;spodnom registri n\u00e1stroja.<br \/>\nN\u00e1dhern\u00fd rozpr\u00e1vkov\u00fd svet! &nbsp;<\/p>\n<p style=\"text-align: center;\"><strong>Rondo &#8211; Allegro moderato <\/strong>je tre\u0165ou \u010das\u0165ou koncertu. Sperger si v nej vyhradil \u00fapln\u00e9 pr\u00e1vo ve\u013ek\u00e9ho s\u00f3listu, alebo tak povediac koncertn\u00e9ho majstra \u201eStehgeiger-a\u201c. T\u00e9ma nastupuje r\u00e1zne a&nbsp;ve\u013ek\u00fdmi tempov\u00fdmi kontrastmi na malej ploche. Hlavn\u00e1 t\u00e9ma je melodick\u00e1 a&nbsp;vesel\u00e1 no stoj\u00ed vo ve\u013ekom kontraste s&nbsp;ved\u013eaj\u0161ou, ktor\u00e1 si zobrala n\u00e1met s&nbsp;ma\u010farsk\u00e9ho \u010dard\u00e1\u0161u \u010do je vlastn\u00e9 aj spolo\u010densk\u00fdm k\u00f3dom doby, v&nbsp;ktorej sa Slovensko nach\u00e1dzalo. Rondo je pomern\u00e9 rozsiahle, \u010do m\u00f4\u017ee pri prvom kontakte s&nbsp;hudobnou mat\u00e9riou vytvori\u0165 dojem nekone\u010dn\u00e9ho opakovania toho ist\u00e9ho afektu. Pravdou je opak, \u017ee Sperger n\u00e1m ponechal priestor na rozvinutie vlastnej fant\u00e1zie, ktor\u00e1 je dobovou praxou a&nbsp;predpoklad\u00e1 minim\u00e1lnu sk\u00fasenos\u0165 interpreta s&nbsp;kompozi\u010dnou technikou.<\/p>\n<p style=\"text-align: center;\">PS: \u201eNebojte sa vlo\u017ei\u0165 vlastn\u00fa fant\u00e1ziu do Spergrovej kompoz\u00edcie!\u201c(J\u00e1n Krigovsk\u00fd)<\/p>\n<p style=\"text-align: center;\">Sperger n\u00e1m tu zanechal d\u00f4le\u017eit\u00fd odkaz: <strong>\u201eKontrabas je s\u00f3lov\u00fdm n\u00e1strojom a&nbsp;patr\u00ed mu p\u00f3dium tak isto ako jeho kolegom!\u201c<\/strong><\/p>\n<p style=\"text-align: center;\">&nbsp;<\/p>\n<p style=\"text-align: center;\"><strong>J\u00e1n&nbsp; Krigovsk\u00fd<\/strong><\/p>\n<p>&nbsp;<\/p>\n<div class=\"page\" title=\"Page 1\">\n<div class=\"layoutArea\">\n<div class=\"column\">\n<p style=\"text-align: center;\"><strong>Z verejn\u00fdch zdrojov podporil Fond na podporu umenia<\/strong><\/p>\n<p style=\"text-align: center;\"><em><strong>Supported using public funding by Slovak Arts Council<\/strong><\/em><\/p>\n<\/div>\n<\/div>\n<\/div>\n<p style=\"text-align: center;\"><a href=\"https:\/\/www.slovakdoublebassclub.com\/wp-content\/uploads\/2017\/02\/FPU_logo1_modre-scaled.jpg\"><img loading=\"lazy\" decoding=\"async\" class=\"wp-image-4406 aligncenter\" src=\"https:\/\/www.slovakdoublebassclub.com\/wp-content\/uploads\/2017\/02\/FPU_logo1_modre-1024x768.jpg\" alt=\"\" width=\"374\" height=\"280\" srcset=\"https:\/\/www.slovakdoublebassclub.com\/wp-content\/uploads\/2017\/02\/FPU_logo1_modre-1024x768.jpg 1024w, https:\/\/www.slovakdoublebassclub.com\/wp-content\/uploads\/2017\/02\/FPU_logo1_modre-600x450.jpg 600w, https:\/\/www.slovakdoublebassclub.com\/wp-content\/uploads\/2017\/02\/FPU_logo1_modre-300x225.jpg 300w, https:\/\/www.slovakdoublebassclub.com\/wp-content\/uploads\/2017\/02\/FPU_logo1_modre-768x576.jpg 768w\" sizes=\"auto, (max-width: 374px) 100vw, 374px\" \/><\/a><\/p>\n","protected":false},"featured_media":27613,"comment_status":"closed","ping_status":"closed","template":"","meta":{"ngg_post_thumbnail":0},"product_brand":[],"product_cat":[56],"product_tag":[],"class_list":{"0":"post-27604","1":"product","2":"type-product","3":"status-publish","4":"has-post-thumbnail","6":"product_cat-uncategorized","8":"first","9":"instock","10":"shipping-taxable","11":"purchasable","12":"product-type-simple"},"_links":{"self":[{"href":"https:\/\/www.slovakdoublebassclub.com\/SK\/wp-json\/wp\/v2\/product\/27604","targetHints":{"allow":["GET"]}}],"collection":[{"href":"https:\/\/www.slovakdoublebassclub.com\/SK\/wp-json\/wp\/v2\/product"}],"about":[{"href":"https:\/\/www.slovakdoublebassclub.com\/SK\/wp-json\/wp\/v2\/types\/product"}],"replies":[{"embeddable":true,"href":"https:\/\/www.slovakdoublebassclub.com\/SK\/wp-json\/wp\/v2\/comments?post=27604"}],"wp:featuredmedia":[{"embeddable":true,"href":"https:\/\/www.slovakdoublebassclub.com\/SK\/wp-json\/wp\/v2\/media\/27613"}],"wp:attachment":[{"href":"https:\/\/www.slovakdoublebassclub.com\/SK\/wp-json\/wp\/v2\/media?parent=27604"}],"wp:term":[{"taxonomy":"product_brand","embeddable":true,"href":"https:\/\/www.slovakdoublebassclub.com\/SK\/wp-json\/wp\/v2\/product_brand?post=27604"},{"taxonomy":"product_cat","embeddable":true,"href":"https:\/\/www.slovakdoublebassclub.com\/SK\/wp-json\/wp\/v2\/product_cat?post=27604"},{"taxonomy":"product_tag","embeddable":true,"href":"https:\/\/www.slovakdoublebassclub.com\/SK\/wp-json\/wp\/v2\/product_tag?post=27604"}],"curies":[{"name":"wp","href":"https:\/\/api.w.org\/{rel}","templated":true}]}}