{"id":4421,"date":"2017-02-23T21:35:42","date_gmt":"2017-02-23T20:35:42","guid":{"rendered":"http:\/\/www.slovakdoublebassclub.com\/?post_type=product&#038;p=4421"},"modified":"2023-03-27T22:10:38","modified_gmt":"2023-03-27T20:10:38","slug":"2cd-4-slovak-double-bass-centuries-jan-krigovsky","status":"publish","type":"product","link":"https:\/\/www.slovakdoublebassclub.com\/SK\/product\/2cd-4-slovak-double-bass-centuries-jan-krigovsky\/","title":{"rendered":"2CD 4storo\u010dia kontrabasu na Slovensku\/ J\u00e1n Krigovsk\u00fd\/ moment\u00e1lne nedostupn\u00e9"},"content":{"rendered":"<p><a href=\"http:\/\/www.slovakdoublebassclub.com\/wp-content\/uploads\/2017\/02\/j\u00e1n-krigovsk\u00fd-men\u0161ia-kvalita.jpg\"><img loading=\"lazy\" decoding=\"async\" class=\"alignnone wp-image-4379\" src=\"http:\/\/www.slovakdoublebassclub.com\/wp-content\/uploads\/2017\/02\/j\u00e1n-krigovsk\u00fd-men\u0161ia-kvalita-683x1024.jpg\" alt=\"\" width=\"598\" height=\"897\" srcset=\"https:\/\/www.slovakdoublebassclub.com\/wp-content\/uploads\/2017\/02\/j\u00e1n-krigovsk\u00fd-men\u0161ia-kvalita-683x1024.jpg 683w, https:\/\/www.slovakdoublebassclub.com\/wp-content\/uploads\/2017\/02\/j\u00e1n-krigovsk\u00fd-men\u0161ia-kvalita-600x900.jpg 600w, https:\/\/www.slovakdoublebassclub.com\/wp-content\/uploads\/2017\/02\/j\u00e1n-krigovsk\u00fd-men\u0161ia-kvalita-200x300.jpg 200w, https:\/\/www.slovakdoublebassclub.com\/wp-content\/uploads\/2017\/02\/j\u00e1n-krigovsk\u00fd-men\u0161ia-kvalita-768x1152.jpg 768w, https:\/\/www.slovakdoublebassclub.com\/wp-content\/uploads\/2017\/02\/j\u00e1n-krigovsk\u00fd-men\u0161ia-kvalita-scaled.jpg 1707w\" sizes=\"auto, (max-width: 598px) 100vw, 598px\" \/><\/a><\/p>\n","protected":false},"excerpt":{"rendered":"<p><a href=\"http:\/\/www.slovakdoublebassclub.com\/wp-content\/uploads\/2017\/02\/Krigovsky_4sk_nahlad-men\u0161\u00ed.jpg\"><img loading=\"lazy\" decoding=\"async\" class=\"alignnone size-large wp-image-4422\" src=\"http:\/\/www.slovakdoublebassclub.com\/wp-content\/uploads\/2017\/02\/Krigovsky_4sk_nahlad-men\u0161\u00ed-1024x436.jpg\" alt=\"\" width=\"1024\" height=\"436\" srcset=\"https:\/\/www.slovakdoublebassclub.com\/wp-content\/uploads\/2017\/02\/Krigovsky_4sk_nahlad-men\u0161\u00ed-1024x436.jpg 1024w, https:\/\/www.slovakdoublebassclub.com\/wp-content\/uploads\/2017\/02\/Krigovsky_4sk_nahlad-men\u0161\u00ed-600x256.jpg 600w, https:\/\/www.slovakdoublebassclub.com\/wp-content\/uploads\/2017\/02\/Krigovsky_4sk_nahlad-men\u0161\u00ed-300x128.jpg 300w, https:\/\/www.slovakdoublebassclub.com\/wp-content\/uploads\/2017\/02\/Krigovsky_4sk_nahlad-men\u0161\u00ed-768x327.jpg 768w\" sizes=\"auto, (max-width: 1024px) 100vw, 1024px\" \/><\/a><\/p>\n","protected":false},"featured_media":4392,"comment_status":"closed","ping_status":"closed","template":"","meta":{"ngg_post_thumbnail":0},"product_brand":[],"product_cat":[56],"product_tag":[],"class_list":{"0":"post-4421","1":"product","2":"type-product","3":"status-publish","4":"has-post-thumbnail","6":"product_cat-uncategorized","8":"first","9":"instock","10":"shipping-taxable","11":"purchasable","12":"product-type-simple"},"_links":{"self":[{"href":"https:\/\/www.slovakdoublebassclub.com\/SK\/wp-json\/wp\/v2\/product\/4421","targetHints":{"allow":["GET"]}}],"collection":[{"href":"https:\/\/www.slovakdoublebassclub.com\/SK\/wp-json\/wp\/v2\/product"}],"about":[{"href":"https:\/\/www.slovakdoublebassclub.com\/SK\/wp-json\/wp\/v2\/types\/product"}],"replies":[{"embeddable":true,"href":"https:\/\/www.slovakdoublebassclub.com\/SK\/wp-json\/wp\/v2\/comments?post=4421"}],"wp:featuredmedia":[{"embeddable":true,"href":"https:\/\/www.slovakdoublebassclub.com\/SK\/wp-json\/wp\/v2\/media\/4392"}],"wp:attachment":[{"href":"https:\/\/www.slovakdoublebassclub.com\/SK\/wp-json\/wp\/v2\/media?parent=4421"}],"wp:term":[{"taxonomy":"product_brand","embeddable":true,"href":"https:\/\/www.slovakdoublebassclub.com\/SK\/wp-json\/wp\/v2\/product_brand?post=4421"},{"taxonomy":"product_cat","embeddable":true,"href":"https:\/\/www.slovakdoublebassclub.com\/SK\/wp-json\/wp\/v2\/product_cat?post=4421"},{"taxonomy":"product_tag","embeddable":true,"href":"https:\/\/www.slovakdoublebassclub.com\/SK\/wp-json\/wp\/v2\/product_tag?post=4421"}],"curies":[{"name":"wp","href":"https:\/\/api.w.org\/{rel}","templated":true}]}}