{"id":4432,"date":"2017-02-23T23:32:44","date_gmt":"2017-02-23T22:32:44","guid":{"rendered":"http:\/\/www.slovakdoublebassclub.com\/?post_type=product&#038;p=4432"},"modified":"2019-07-04T10:30:53","modified_gmt":"2019-07-04T08:30:53","slug":"slovak-double-bass-archive-band-1","status":"publish","type":"product","link":"https:\/\/www.slovakdoublebassclub.com\/SK\/product\/slovak-double-bass-archive-band-1\/","title":{"rendered":"Slovak Double Bass Archive BAND 1"},"content":{"rendered":"<p style=\"text-align: center;\">V prvom zv\u00e4zku n\u00f4t <em><strong>Slovak Double Bass Archive BAND 1&nbsp;<\/strong><\/em>sa nach\u00e1dzaj\u00fa noty od Slovensk\u00fdch skladate\u013eov venovan\u00e9 Slovak Double Bass Club-u pri pr\u00edle\u017eitosti s\u00fa\u0165a\u017ee <em><strong>K. D von Dittersdorfa<\/strong><\/em> a taktie\u017e skladby venovan\u00e9 <strong>J\u00e1novi Krigovsk\u00e9mu a SDBC.<\/strong> D\u00f4le\u017eit\u00fd je hlavne odkaz slovensk\u00fdch skladate\u013eov (<strong>J. Irshai, V. Kubi\u010dka, V. Didi, B. Lenko, S. Pal\u00fach, M. Comendant, M. Pa\u013eko a i.),<\/strong> &nbsp;ktor\u00ed t\u00fdmto sp\u00f4sobom obohacuj\u00fa nielen slovensk\u00fa tvorbu pre kontrabas. Zak\u00fapen\u00edm tohoto zv\u00e4zku z\u00e1rove\u0148 podpor\u00edte \u010fal\u0161ie na\u0161e aktivity v podobe vyd\u00e1vania n\u00f4t pod n\u00e1zvom <strong>Slovak Double Bass Archive.&nbsp;<\/strong><\/p>\n<p style=\"text-align: center;\"><em>SDBC<\/em> &nbsp;<\/p>\n<p style=\"text-align: center;\">Cena produktu je bez po\u0161tovn\u00e9ho.<\/p>","protected":false},"excerpt":{"rendered":"<p>V prvom zv\u00e4zku n\u00f4t Slovak Double Bass Archive BAND 1&nbsp;sa nach\u00e1dzaj\u00fa noty od Slovensk\u00fdch skladate\u013eov venovan\u00e9 Slovak Double Bass Club-u pri pr\u00edle\u017eitosti s\u00fa\u0165a\u017ee K. D von Dittersdorfa a taktie\u017e skladby venovan\u00e9 J\u00e1novi Krigovsk\u00e9mu a SDBC. D\u00f4le\u017eit\u00fd je hlavne odkaz slovensk\u00fdch &hellip; <a href=\"https:\/\/www.slovakdoublebassclub.com\/SK\/product\/slovak-double-bass-archive-band-1\/\">Continued<\/a><\/p>\n","protected":false},"featured_media":4413,"comment_status":"closed","ping_status":"closed","template":"","meta":{"ngg_post_thumbnail":0},"product_brand":[],"product_cat":[56],"product_tag":[],"class_list":{"0":"post-4432","1":"product","2":"type-product","3":"status-publish","4":"has-post-thumbnail","6":"product_cat-uncategorized","8":"first","9":"instock","10":"shipping-taxable","11":"purchasable","12":"product-type-simple"},"_links":{"self":[{"href":"https:\/\/www.slovakdoublebassclub.com\/SK\/wp-json\/wp\/v2\/product\/4432","targetHints":{"allow":["GET"]}}],"collection":[{"href":"https:\/\/www.slovakdoublebassclub.com\/SK\/wp-json\/wp\/v2\/product"}],"about":[{"href":"https:\/\/www.slovakdoublebassclub.com\/SK\/wp-json\/wp\/v2\/types\/product"}],"replies":[{"embeddable":true,"href":"https:\/\/www.slovakdoublebassclub.com\/SK\/wp-json\/wp\/v2\/comments?post=4432"}],"wp:featuredmedia":[{"embeddable":true,"href":"https:\/\/www.slovakdoublebassclub.com\/SK\/wp-json\/wp\/v2\/media\/4413"}],"wp:attachment":[{"href":"https:\/\/www.slovakdoublebassclub.com\/SK\/wp-json\/wp\/v2\/media?parent=4432"}],"wp:term":[{"taxonomy":"product_brand","embeddable":true,"href":"https:\/\/www.slovakdoublebassclub.com\/SK\/wp-json\/wp\/v2\/product_brand?post=4432"},{"taxonomy":"product_cat","embeddable":true,"href":"https:\/\/www.slovakdoublebassclub.com\/SK\/wp-json\/wp\/v2\/product_cat?post=4432"},{"taxonomy":"product_tag","embeddable":true,"href":"https:\/\/www.slovakdoublebassclub.com\/SK\/wp-json\/wp\/v2\/product_tag?post=4432"}],"curies":[{"name":"wp","href":"https:\/\/api.w.org\/{rel}","templated":true}]}}