{"id":4914,"date":"2019-01-25T13:38:45","date_gmt":"2019-01-25T12:38:45","guid":{"rendered":"http:\/\/www.slovakdoublebassclub.com\/?post_type=product&#038;p=4914"},"modified":"2019-07-04T10:33:31","modified_gmt":"2019-07-04T08:33:31","slug":"cd-anton-jaro-shadow-game","status":"publish","type":"product","link":"https:\/\/www.slovakdoublebassclub.com\/SK\/product\/cd-anton-jaro-shadow-game\/","title":{"rendered":"CD Anton Jaro &#8222;Shadow Game&#8220;"},"content":{"rendered":"<a href=\"http:\/\/www.slovakdoublebassclub.com\/wp-content\/uploads\/2019\/02\/Anton-Jaro-Trio-Tienohra-CD-4-page-001.jpg\"><img loading=\"lazy\" decoding=\"async\" class=\"alignnone size-large wp-image-4916\" src=\"http:\/\/www.slovakdoublebassclub.com\/wp-content\/uploads\/2019\/02\/Anton-Jaro-Trio-Tienohra-CD-4-page-001-1024x447.jpg\" alt=\"\" width=\"1024\" height=\"447\" srcset=\"https:\/\/www.slovakdoublebassclub.com\/wp-content\/uploads\/2019\/02\/Anton-Jaro-Trio-Tienohra-CD-4-page-001-1024x447.jpg 1024w, https:\/\/www.slovakdoublebassclub.com\/wp-content\/uploads\/2019\/02\/Anton-Jaro-Trio-Tienohra-CD-4-page-001-600x262.jpg 600w, https:\/\/www.slovakdoublebassclub.com\/wp-content\/uploads\/2019\/02\/Anton-Jaro-Trio-Tienohra-CD-4-page-001-300x131.jpg 300w, https:\/\/www.slovakdoublebassclub.com\/wp-content\/uploads\/2019\/02\/Anton-Jaro-Trio-Tienohra-CD-4-page-001-768x336.jpg 768w, https:\/\/www.slovakdoublebassclub.com\/wp-content\/uploads\/2019\/02\/Anton-Jaro-Trio-Tienohra-CD-4-page-001.jpg 1689w\" sizes=\"auto, (max-width: 1024px) 100vw, 1024px\" \/><\/a><\/p>\n<p style=\"text-align: center;\">all prices are without post expenses&#8230;<\/p>\n<p style=\"text-align: center;\">ceny s\u00fa bez po\u0161tovn\u00fdch n\u00e1kladov&#8230;<\/p>","protected":false},"excerpt":{"rendered":"<p style=\"text-align: center;\"><strong>Nov\u00e9 CD<\/strong> slovensk\u00e9ho kontrabasistu <strong>Antona Jara &#8222;SHADOW GAME&#8220;<\/strong> , ktor\u00e9 vy\u0161lo v produkcii <strong>SDBC production!&nbsp;<\/strong><\/p>\n<p style=\"text-align: center;\">Srde\u010dne blaho\u017eel\u00e1me a \u017eel\u00e1me ve\u013ea spokojn\u00fdch posluch\u00e1\u010dov!&nbsp;<\/p>\n<p style=\"text-align: center;\"><em>SDBC<\/em><\/p>\n<p style=\"text-align: center;\"><strong>tento projekt podporili:&nbsp;<\/strong><\/p>\n<p style=\"text-align: center;\">&#8220; Z verejn\u00fdch zdrojov podporil Fond na podporu umenia&#8220; ,<\/p>\n<p style=\"text-align: center;\">&#8222;Supported using public funding by Slovak Arts Council&#8220;,<a href=\"http:\/\/www.slovakdoublebassclub.com\/wp-content\/uploads\/2017\/02\/FPU_logo1_modre.jpg\"><img loading=\"lazy\" decoding=\"async\" class=\"aligncenter wp-image-4406 size-medium\" src=\"http:\/\/www.slovakdoublebassclub.com\/wp-content\/uploads\/2017\/02\/FPU_logo1_modre-300x225.jpg\" alt=\"\" width=\"300\" height=\"225\" srcset=\"https:\/\/www.slovakdoublebassclub.com\/wp-content\/uploads\/2017\/02\/FPU_logo1_modre-300x225.jpg 300w, https:\/\/www.slovakdoublebassclub.com\/wp-content\/uploads\/2017\/02\/FPU_logo1_modre-600x450.jpg 600w, https:\/\/www.slovakdoublebassclub.com\/wp-content\/uploads\/2017\/02\/FPU_logo1_modre-768x576.jpg 768w, https:\/\/www.slovakdoublebassclub.com\/wp-content\/uploads\/2017\/02\/FPU_logo1_modre-1024x768.jpg 1024w\" sizes=\"auto, (max-width: 300px) 100vw, 300px\" \/><\/a><\/p>\n","protected":false},"featured_media":4916,"comment_status":"closed","ping_status":"closed","template":"","meta":{"ngg_post_thumbnail":0},"product_brand":[],"product_cat":[56],"product_tag":[],"class_list":{"0":"post-4914","1":"product","2":"type-product","3":"status-publish","4":"has-post-thumbnail","6":"product_cat-uncategorized","8":"first","9":"instock","10":"shipping-taxable","11":"purchasable","12":"product-type-simple"},"_links":{"self":[{"href":"https:\/\/www.slovakdoublebassclub.com\/SK\/wp-json\/wp\/v2\/product\/4914","targetHints":{"allow":["GET"]}}],"collection":[{"href":"https:\/\/www.slovakdoublebassclub.com\/SK\/wp-json\/wp\/v2\/product"}],"about":[{"href":"https:\/\/www.slovakdoublebassclub.com\/SK\/wp-json\/wp\/v2\/types\/product"}],"replies":[{"embeddable":true,"href":"https:\/\/www.slovakdoublebassclub.com\/SK\/wp-json\/wp\/v2\/comments?post=4914"}],"wp:featuredmedia":[{"embeddable":true,"href":"https:\/\/www.slovakdoublebassclub.com\/SK\/wp-json\/wp\/v2\/media\/4916"}],"wp:attachment":[{"href":"https:\/\/www.slovakdoublebassclub.com\/SK\/wp-json\/wp\/v2\/media?parent=4914"}],"wp:term":[{"taxonomy":"product_brand","embeddable":true,"href":"https:\/\/www.slovakdoublebassclub.com\/SK\/wp-json\/wp\/v2\/product_brand?post=4914"},{"taxonomy":"product_cat","embeddable":true,"href":"https:\/\/www.slovakdoublebassclub.com\/SK\/wp-json\/wp\/v2\/product_cat?post=4914"},{"taxonomy":"product_tag","embeddable":true,"href":"https:\/\/www.slovakdoublebassclub.com\/SK\/wp-json\/wp\/v2\/product_tag?post=4914"}],"curies":[{"name":"wp","href":"https:\/\/api.w.org\/{rel}","templated":true}]}}