{"id":4922,"date":"2018-11-01T14:12:25","date_gmt":"2018-11-01T13:12:25","guid":{"rendered":"http:\/\/www.slovakdoublebassclub.com\/?post_type=product&#038;p=4922"},"modified":"2019-07-04T10:35:08","modified_gmt":"2019-07-04T08:35:08","slug":"2cd-bassband-martin-babjak-father","status":"publish","type":"product","link":"https:\/\/www.slovakdoublebassclub.com\/SK\/product\/2cd-bassband-martin-babjak-father\/","title":{"rendered":"2CD BassBand &#038; Martin Babjak &#8222;FATHER&#8220;"},"content":{"rendered":"<p style=\"text-align: center;\"><strong>SDBC production<\/strong> V\u00e1m predstavuje v porad\u00ed <strong>druh\u00e9 CD<\/strong> slovensk\u00e9ho kontrabasov\u00e9ho kvarteta <strong>BassBand<\/strong> a slovensk\u00e9ho bas baritonistu <strong>Martina Babjaka<\/strong> s n\u00e1zvom <strong>&#8222;Father&#8220;.&nbsp;<\/strong><\/p>\n<p style=\"text-align: center;\">Na CD n\u00e1jdete zn\u00e1me origin\u00e1lne skladby nap\u00edsan\u00e9 pre kontrabasov\u00fd kvartet <em>(Bernard Alt, Josef Lauber a i.) <\/em>ale i kompoz\u00edcie venovan\u00e9 a skomponovan\u00e9 priamo pre BassBand od slovensk\u00fdch skladate\u013eov ako <em><strong>\u013dubica \u010cekovsk\u00e1 <\/strong>(&#8222;Fathers downbeat&#8220; &#8211; &#8222;Otcova \u0165a\u017ek\u00e1 doba&#8220;)<strong>&nbsp;<\/strong>, <\/em>alebo <strong><em>Michal Pa\u013eko<\/em><\/strong><em> (&#8222;Ahava Rabba&#8220;)<\/em><strong><em>&nbsp;<\/em><\/strong><em>a <strong>Jozefa Kolkovi\u010da <\/strong>(&#8222;Silent tears of Fathers&#8220; &#8211; &#8222;Tich\u00e9 slzy otcov&#8220;)<\/em><\/p>\n<p style=\"text-align: center;\">Na 2 CD sa nach\u00e1dzaj\u00fa aj aran\u017em\u00e1ny a transkipcie zn\u00e1mych skladieb od&nbsp;<strong><em>A. Dvo\u0159\u00e1ka, B Smetanu, G Bizeta, A. Stradellu, \u010di W. A. Mozarta.&nbsp;<\/em><\/strong><\/p>\n<p><a href=\"http:\/\/www.slovakdoublebassclub.com\/wp-content\/uploads\/2019\/02\/Bassband_cover.jpg\"><img loading=\"lazy\" decoding=\"async\" class=\"wp-image-4923 aligncenter\" src=\"http:\/\/www.slovakdoublebassclub.com\/wp-content\/uploads\/2019\/02\/Bassband_cover-1024x1024.jpg\" alt=\"\" width=\"727\" height=\"727\" srcset=\"https:\/\/www.slovakdoublebassclub.com\/wp-content\/uploads\/2019\/02\/Bassband_cover-1024x1024.jpg 1024w, https:\/\/www.slovakdoublebassclub.com\/wp-content\/uploads\/2019\/02\/Bassband_cover-300x300.jpg 300w, https:\/\/www.slovakdoublebassclub.com\/wp-content\/uploads\/2019\/02\/Bassband_cover-100x100.jpg 100w, https:\/\/www.slovakdoublebassclub.com\/wp-content\/uploads\/2019\/02\/Bassband_cover-600x600.jpg 600w, https:\/\/www.slovakdoublebassclub.com\/wp-content\/uploads\/2019\/02\/Bassband_cover-150x150.jpg 150w, https:\/\/www.slovakdoublebassclub.com\/wp-content\/uploads\/2019\/02\/Bassband_cover-768x768.jpg 768w, https:\/\/www.slovakdoublebassclub.com\/wp-content\/uploads\/2019\/02\/Bassband_cover-536x536.jpg 536w, https:\/\/www.slovakdoublebassclub.com\/wp-content\/uploads\/2019\/02\/Bassband_cover-268x268.jpg 268w, https:\/\/www.slovakdoublebassclub.com\/wp-content\/uploads\/2019\/02\/Bassband_cover-730x730.jpg 730w, https:\/\/www.slovakdoublebassclub.com\/wp-content\/uploads\/2019\/02\/Bassband_cover-365x365.jpg 365w, https:\/\/www.slovakdoublebassclub.com\/wp-content\/uploads\/2019\/02\/Bassband_cover-916x916.jpg 916w, https:\/\/www.slovakdoublebassclub.com\/wp-content\/uploads\/2019\/02\/Bassband_cover-458x458.jpg 458w, https:\/\/www.slovakdoublebassclub.com\/wp-content\/uploads\/2019\/02\/Bassband_cover.jpg 1639w\" sizes=\"auto, (max-width: 727px) 100vw, 727px\" \/><\/a><\/p>\n<p style=\"text-align: center;\"><em>&#8220; Z verejn\u00fdch zdrojov podporil Fond na podporu umenia&#8220; , <\/em><\/p>\n<p style=\"text-align: center;\"><em>&#8222;Supported using public funding by Slovak Arts Council&#8220;,&nbsp;<\/em><\/p>\n<p>&nbsp;<\/p>\n<p><a href=\"http:\/\/www.slovakdoublebassclub.com\/wp-content\/uploads\/2017\/02\/FPU_logo1_modre.jpg\"><img loading=\"lazy\" decoding=\"async\" class=\"aligncenter wp-image-4406 size-medium\" src=\"http:\/\/www.slovakdoublebassclub.com\/wp-content\/uploads\/2017\/02\/FPU_logo1_modre-300x225.jpg\" alt=\"\" width=\"300\" height=\"225\" srcset=\"https:\/\/www.slovakdoublebassclub.com\/wp-content\/uploads\/2017\/02\/FPU_logo1_modre-300x225.jpg 300w, https:\/\/www.slovakdoublebassclub.com\/wp-content\/uploads\/2017\/02\/FPU_logo1_modre-600x450.jpg 600w, https:\/\/www.slovakdoublebassclub.com\/wp-content\/uploads\/2017\/02\/FPU_logo1_modre-768x576.jpg 768w, https:\/\/www.slovakdoublebassclub.com\/wp-content\/uploads\/2017\/02\/FPU_logo1_modre-1024x768.jpg 1024w\" sizes=\"auto, (max-width: 300px) 100vw, 300px\" \/><\/a><\/p>\n<p style=\"text-align: center;\">all prices are without post expenses&#8230;<\/p>\n<p style=\"text-align: center;\">ceny s\u00fa bez po\u0161tovn\u00fdch n\u00e1kladov&#8230;<\/p>\n<p>&nbsp;","protected":false},"excerpt":{"rendered":"<p>SDBC production V\u00e1m predstavuje v porad\u00ed druh\u00e9 CD slovensk\u00e9ho kontrabasov\u00e9ho kvarteta BassBand a slovensk\u00e9ho bas baritonistu Martina Babjaka s n\u00e1zvom &#8222;Father&#8220;.&nbsp; Na CD n\u00e1jdete zn\u00e1me origin\u00e1lne skladby nap\u00edsan\u00e9 pre kontrabasov\u00fd kvartet (Bernard Alt, Josef Lauber a i.) ale i kompoz\u00edcie &hellip; <a href=\"https:\/\/www.slovakdoublebassclub.com\/SK\/product\/2cd-bassband-martin-babjak-father\/\">Continued<\/a><\/p>\n","protected":false},"featured_media":4923,"comment_status":"closed","ping_status":"closed","template":"","meta":{"ngg_post_thumbnail":0},"product_brand":[],"product_cat":[56],"product_tag":[],"class_list":{"0":"post-4922","1":"product","2":"type-product","3":"status-publish","4":"has-post-thumbnail","6":"product_cat-uncategorized","8":"first","9":"instock","10":"shipping-taxable","11":"purchasable","12":"product-type-simple"},"_links":{"self":[{"href":"https:\/\/www.slovakdoublebassclub.com\/SK\/wp-json\/wp\/v2\/product\/4922","targetHints":{"allow":["GET"]}}],"collection":[{"href":"https:\/\/www.slovakdoublebassclub.com\/SK\/wp-json\/wp\/v2\/product"}],"about":[{"href":"https:\/\/www.slovakdoublebassclub.com\/SK\/wp-json\/wp\/v2\/types\/product"}],"replies":[{"embeddable":true,"href":"https:\/\/www.slovakdoublebassclub.com\/SK\/wp-json\/wp\/v2\/comments?post=4922"}],"wp:featuredmedia":[{"embeddable":true,"href":"https:\/\/www.slovakdoublebassclub.com\/SK\/wp-json\/wp\/v2\/media\/4923"}],"wp:attachment":[{"href":"https:\/\/www.slovakdoublebassclub.com\/SK\/wp-json\/wp\/v2\/media?parent=4922"}],"wp:term":[{"taxonomy":"product_brand","embeddable":true,"href":"https:\/\/www.slovakdoublebassclub.com\/SK\/wp-json\/wp\/v2\/product_brand?post=4922"},{"taxonomy":"product_cat","embeddable":true,"href":"https:\/\/www.slovakdoublebassclub.com\/SK\/wp-json\/wp\/v2\/product_cat?post=4922"},{"taxonomy":"product_tag","embeddable":true,"href":"https:\/\/www.slovakdoublebassclub.com\/SK\/wp-json\/wp\/v2\/product_tag?post=4922"}],"curies":[{"name":"wp","href":"https:\/\/api.w.org\/{rel}","templated":true}]}}