{"id":1242,"date":"2013-10-19T19:01:26","date_gmt":"2013-10-19T17:01:26","guid":{"rendered":"http:\/\/www.slovakdoublebassclub.com\/?page_id=1242"},"modified":"2016-11-03T13:50:13","modified_gmt":"2016-11-03T12:50:13","slug":"ponuka-programov","status":"publish","type":"page","link":"https:\/\/www.slovakdoublebassclub.com\/en\/ponuka-programov\/","title":{"rendered":"Ponuka programov"},"content":{"rendered":"<h2 style=\"text-align: center; font-weight: bold;\">&#8220;Il Tutto Mondo serra&#8221;<\/h2>\n<p><strong>W. A. Mozart<\/strong> &#8211; Divertimento D dur &#8220;arr&#8221; pre kontrabasov\u00fd kvartet<br \/>\n<strong>Jozef Lauber<\/strong> &#8211; Suita pre kontrabasov\u00fd kvartet<br \/>\n<strong>J. S. Bach<\/strong> &#8211; Air<br \/>\n<strong>Giovanni Bottesini<\/strong> &#8211; Fantasia &#8221; La Sonnambula&#8221;<br \/>\n<strong>Anonymus<\/strong> &#8211; v\u00fdber tancov<br \/>\n<strong>Stano Pal\u00fach<\/strong> &#8211; Basovica<br \/>\n<strong>S. Wonder<\/strong> &#8211; Sir Duke<br \/>\n<strong>D. Elfman<\/strong> &#8211; The Simpsons Theme<br \/>\n<strong>J. Strauss<\/strong> &#8211; Tritsch- Tratsch &#8211; Polka<\/p>\n<p>&nbsp;<\/p>\n<p><a href=\"https:\/\/www.youtube.com\/watch?v=zZNtKoKA5dA\">BassBand &#8211; W. A. Dvo\u0159\u00e1k &#8211; Divertimento D dur<\/a><\/p>\n<p><a href=\"https:\/\/www.youtube.com\/watch?v=El5UQoLn--s\">BassBand &#8211; J. Lauber &#8211; suita III., IV. \u010das\u0165<\/a><\/p>\n<p><a href=\"https:\/\/www.youtube.com\/watch?v=zQjCnwwyyUM\">BassBand &#8211; tritsch &#8211; tratsch polka<\/a><\/p>\n<p>&nbsp;<\/p>\n<p><strong>\u00a0<\/strong><\/p>\n<p style=\"text-align: center;\">&#8212;&#8212;&#8212;&#8212;&#8212;&#8212;&#8212;&#8212;&#8212;&#8212;&#8212;&#8212;&#8212;&#8212;&#8212;&#8212;&#8212;&#8212;&#8212;&#8212;&#8212;&#8212;&#8212;&#8212;&#8212;&#8212;&#8212;&#8212;&#8212;&#8212;&#8212;&#8212;&#8212;&#8212;&#8212;&#8212;&#8212;&#8212;&#8212;&#8212;&#8212;&#8212;&#8212;&#8212;&#8212;&#8212;-<\/p>\n<h2 style=\"text-align: center;\"><\/h2>\n<h2 style=\"text-align: center;\"><strong>&#8220;Ludvik XIV &#8211; King of art &#8221; <\/strong><\/h2>\n<p>Kr\u00e1\u013e, ktor\u00fd ovplyvnil umenie a vyzdvihol kr\u00e1su umenia nad slovo. Jeho z\u00e1sluhou sa spev a tanec spojil a dostal priestor v opere.<\/p>\n<p>Program je malou uk\u00e1\u017ekou, ako kr\u00e1\u013e &#8211; celebrita prin\u00e1\u0161a noblesu na p\u00f3dium a svojou l\u00e1skou a osobnou charizmou k tancu a spevu d\u00e1va umeniu pe\u010da\u0165 bo\u017eskosti.<\/p>\n<p>Najzn\u00e1mej\u0161\u00edmi skladbami z obdobia renesancie a baroka sa V\u00e1m predstav\u00ed <strong>Matej Benda<\/strong>, zn\u00e1my zo s\u00fa\u0165a\u017ee <strong>&#8220;Super Star\u201c<\/strong> za doprovodu \u0161tyroch basov\u00fdch n\u00e1strojov.<\/p>\n<p><strong>Anonymus<\/strong> &#8211; Ben\u00e1tske tance<br \/>\n<strong>C.Caccini<\/strong> &#8211; Ave Maria<br \/>\n<strong>J.S.Bach<\/strong> &#8211; Erbarme dich<br \/>\n&#8211; najzn\u00e1mej\u0161ie chor\u00e1ly z kant\u00e1t a pa\u0161i\u00ed<br \/>\n<strong>G.F.Handel<\/strong> &#8211; Lascia con pianga<br \/>\n<strong>M.A.Charpentier<\/strong> &#8211; March de nation<br \/>\n<strong>J.B.Lully<\/strong> -Te Deum<\/p>\n<p>&nbsp;<\/p>\n<p>&#8212;&#8212;&#8212;&#8212;&#8212;&#8212;&#8212;&#8212;&#8212;&#8212;&#8212;&#8212;&#8212;&#8212;&#8212;&#8212;&#8212;&#8212;&#8212;&#8212;&#8212;&#8212;&#8212;&#8212;&#8212;&#8212;&#8212;&#8212;&#8212;&#8212;&#8212;&#8212;&#8212;&#8212;&#8212;&#8212;&#8212;&#8212;&#8212;&#8212;&#8212;&#8212;&#8212;&#8212;&#8212;&#8212;-<\/p>\n<h2 style=\"text-align: center;\"><\/h2>\n<h2 style=\"text-align: center;\"><strong>\u201eMartin Babjak a Bass Band\u201c<\/strong><\/h2>\n<p>Program V\u00e1m pon\u00faka paletu humoru, z\u00e1bavnej i v\u00e1\u017enej, \u010deskej a slovenskej hudby.<br \/>\nLaure\u00e1t svetovej spev\u00e1ckej s\u00fa\u0165a\u017ee Luciana Pavarottiho <strong>Martin Babjak<\/strong> si \u013eahkos\u0165ou spevu a humorom r\u00fdchlo z\u00edska srdcia publika.<\/p>\n<p>V aran\u017em\u00e1noch Bass Bandu predstav\u00edme zn\u00e1me \u00e1rie od skladate\u013eov ako <strong>Dvo\u0159\u00e1k, Smetana, Suk, Verdi, Mascani, Schubert<\/strong>, at\u010f. Spozn\u00e1te aj zn\u00e1me hity a \u0161l\u00e1gre z hudobn\u00fdch \u017e\u00e1nrov jazzu, country a folkl\u00f3ru.<\/p>\n<p>Na z\u00e1ver m\u00e1me pre v\u00e1s <strong>prekvapenie<\/strong>, ktor\u00e9 je v\u00fdsadou len tohto programu!<\/p>\n<p>&nbsp;<\/p>\n<p><a href=\"https:\/\/www.youtube.com\/watch?v=hg-egMa_Pcg\">BassBand &amp; Martin Babjak \/ M. Sch. Trnavsk\u00fd &#8211; Ot\u010de n\u00e1\u0161<\/a><\/p>\n<p><a href=\"https:\/\/www.youtube.com\/watch?v=iYAMjzpHtqE\">BassBand &amp; Martin Babjak \/ A. Dvo\u0159\u00e1k &#8211; sly\u0161 \u00f3 Bo\u017ee<\/a><\/p>\n<p><a href=\"https:\/\/www.youtube.com\/watch?v=cVnLYEKcbu8\">BassBand &amp; Martin Babjak \/ J. Hermann &#8211; Hello Dolly<\/a><\/p>\n<p>&nbsp;<\/p>\n<p>&nbsp;<\/p>\n<p>&nbsp;<\/p>\n<p>&#8212;&#8212;&#8212;&#8212;&#8212;&#8212;&#8212;&#8212;&#8212;&#8212;&#8212;&#8212;&#8212;&#8212;&#8212;&#8212;&#8212;&#8212;&#8212;&#8212;&#8212;&#8212;&#8212;&#8212;&#8212;&#8212;&#8212;&#8212;&#8212;&#8212;&#8212;&#8212;&#8212;&#8212;&#8212;&#8212;&#8212;&#8212;&#8212;&#8212;&#8212;&#8212;&#8212;&#8212;&#8212;&#8212;<\/p>\n<p>&nbsp;<\/p>\n<h2 align=\"center\"><b>\u201eSlovensk\u00fd program\u201c<\/b><\/h2>\n<p>&nbsp;<\/p>\n<p>Program pozost\u00e1va z\u00a0klasick\u00fdch kompoz\u00edci\u00ed, vytvoren\u00fdch priamo na objedn\u00e1vku BassBand-u a\u00a0skladieb venovan\u00fdch tomuto s\u00faboru. Predstavia sa v\u00e1m popredn\u00fd <strong>slovensk\u00fd skladatelia<\/strong> <strong>klasickej<\/strong> ale i\u00a0<strong>jazzovej<\/strong> a\u00a0<strong>\u013eudovej<\/strong> hudby. Tento program sa bude nach\u00e1dza\u0165 na debutovom <strong>CD BassBand<\/strong>-u, ktor\u00e9ho nat\u00e1\u010danie je napl\u00e1novan\u00e9 na apr\u00edl 2015. Krst CD sa bude kona\u0165 v r\u00e1mci koncertu BassBand 29. septembra 2015 na medzin\u00e1rodn\u00fdch workshopoch <a href=\"http:\/\/www.slovakdoublebassclub.com\/bass-fest-2015\/\"><strong>BASS FEST+2015 v Banskej Bystrici.\u00a0<\/strong><\/a><\/p>\n<p>Program:<\/p>\n<p><b>Stano <\/b><b>Pal\u00fach<\/b>&#8211; Basovica<\/p>\n<p><b>Marcel Comendant<\/b> &#8211; Nu stiu<\/p>\n<p><b>J\u00e1n Borza\u00a0<\/b>&#8211; H\u00e1dka<\/p>\n<p><b>Vincent Ja\u0161\u00a0<\/b>&#8211;\u00a0 M\u00e1lka<\/p>\n<p><b>Herwig Neugabauer<\/b> &#8211; Suzana<\/p>\n<p><b>Egon Kr\u00e1k\u00a0\u00a0\u00a0\u00a0\u00a0\u00a0\u00a0\u00a0\u00a0\u00a0\u00a0\u00a0\u00a0\u00a0\u00a0\u00a0\u00a0\u00a0\u00a0\u00a0<wbr \/>\u00a0\u00a0\u00a0\u00a0\u00a0 \u00a0 \u00a0 \u00a0 \u00a0 \u00a0 <\/b><\/p>\n<p><b>M.Pastirik<\/b><\/p>\n<p><b>Mari\u00e1n Lejava\u00a0\u00a0\u00a0\u00a0\u00a0\u00a0\u00a0\u00a0\u00a0\u00a0\u00a0\u00a0\u00a0\u00a0\u00a0\u00a0\u00a0<wbr \/>\u00a0\u00a0\u00a0\u00a0\u00a0 \u00a0 \u00a0 \u00a0 \u00a0 \u00a0\u00a0 <\/b><\/p>\n<p><b>J\u00e1n Grener<\/b>&#8211; \u013eudovka<\/p>\n<p><b>Vladislav Jaro\u0161<\/b>&#8211; V\u00fdber<\/p>\n<p><b>Jozef Kolkovich\u00a0<\/b>-Tich\u00e9 slzy otcov<\/p>\n<p>&nbsp;<\/p>\n<p><a href=\"https:\/\/www.youtube.com\/watch?v=CqRIKTjH7V8\">BassBand &#8211; Marcel Comendant &#8211; &#8220;Nu Stiu&#8221;<\/a>\u00a0\/koncert festival &#8220;Hudba Trnave&#8221; 19.9. 2014<\/p>\n<p><a href=\"https:\/\/www.youtube.com\/watch?v=V1bLn1AkySE\">BassBand &#8211; S. Pal\u00fach &#8211; &#8220;Basovica&#8221;<\/a>\u00a0\/koncert Ve\u013ek\u00fd Biel 2014<\/p>\n<p><a href=\"https:\/\/www.youtube.com\/watch?v=5xuXveLzrvE\">BassBand &#8211; J. Kolkovich &#8211; Silent tears of fathers<\/a>\u00a0\/ koncert Senec 2014<\/p>\n<p><a href=\"https:\/\/www.youtube.com\/watch?v=RX4P-6eGTVw\">BassBand &#8211; J. Borza &#8211; &#8220;piata h\u00e1dka&#8221;<\/a><\/p>\n<p>&nbsp;<\/p>\n<p>&#8212;&#8212;&#8212;&#8212;&#8212;&#8212;&#8212;&#8212;&#8212;&#8212;&#8212;&#8212;&#8212;&#8212;&#8212;&#8212;&#8212;&#8212;&#8212;&#8212;&#8212;&#8212;&#8212;&#8212;&#8212;&#8212;&#8212;&#8212;&#8212;&#8212;&#8212;&#8212;&#8212;&#8212;&#8212;&#8212;&#8212;&#8212;&#8212;&#8212;&#8212;&#8212;&#8212;&#8212;&#8212;&#8212;&#8212;&#8212;<\/p>\n<h2 align=\"center\"><\/h2>\n<h2 align=\"center\"><b>\u201eBassBand &amp; M\u00e1ria \u010c\u00edrov\u00e1\u201c<\/b><\/h2>\n<p>&nbsp;<\/p>\n<p>Popredn\u00e1 slovensk\u00e1 spev\u00e1\u010dka, ktorej hlas pozn\u00e1te zo slovensk\u00fdch r\u00e1di\u00ed a koncertn\u00fdch p\u00f3di\u00ed, vydala dva CD albumy,<strong> B\u00farka<\/strong>(2009) a <strong>Na Dosah <\/strong>(2011). V\u00ed\u0165azka Slovensk\u00e9ho Sl\u00e1vika (s\u00fa\u0165a\u017e Petra Dvorsk\u00e9ho, 1996,1999), v\u0161estrann\u00e1 hudobn\u00ed\u010dka, v\u00fdborn\u00e1 klaviristka (\u0161t\u00fadium klav\u00edra na konzervat\u00f3riu), spev\u00e1\u010dka zo zamatov\u00fdm \u010dist\u00fdm hlasom. Zn\u00e1ma tie\u017e so spolupr\u00e1ce s gospelovou kapelou Trinity Group.<\/p>\n<p>Program je <strong>novinkou roku 2015<\/strong>, objavia sa v \u0148om skladby M\u00e1rie \u010c\u00edrovej v arran\u017em\u00e1noch pre kontrabasov\u00e9 kvarteto, klav\u00edr a samozrejme spev.<\/p>\n<p>&nbsp;<\/p>\n<p>&#8212;&#8212;&#8212;&#8212;&#8212;&#8212;&#8212;&#8212;&#8212;&#8212;&#8212;&#8212;&#8212;&#8212;&#8212;&#8212;&#8212;&#8212;&#8212;&#8212;&#8212;&#8212;&#8212;&#8212;&#8212;&#8212;&#8212;&#8212;&#8212;&#8212;&#8212;&#8212;&#8212;&#8212;&#8212;&#8212;&#8212;&#8212;&#8212;&#8212;&#8212;&#8212;&#8212;&#8212;&#8212;&#8212;&#8212;&#8212;<\/p>\n<p>&nbsp;<\/p>\n<h2 align=\"center\"><b>\u201eDis -moi tes amours\u201c<\/b><\/h2>\n<h2 align=\"center\"><b>Pocta \u017eene!\u00a0<\/b><\/h2>\n<p style=\"text-align: left;\" align=\"center\">\n<p>V hlavnej \u00falohe :<\/p>\n<p><strong>Robert Roth, Stephanie Szanto,\u00a0BassBand, r\u00e9\u017eia: Marek Moko\u0161 \u00a0<\/strong><\/p>\n<p>&#8230;&#8230;na programe sa pracuje&#8230;. <\/p>\n<p>And in some cases a rather ware of an English university <a href=\"http:\/\/topessay.jimdo.com\/review-on-essaywriter-org\">essaywriter review<\/a> How a pro essay redaction servicing can help? The online essay redaction servicing is all approximately proofreading and correcting the well-formed, punctuation, spelling, and time structure errors. At times I receive myself wondering why I eventide retain.<\/p>\n","protected":false},"excerpt":{"rendered":"<p>&#8220;Il Tutto Mondo serra&#8221; W. A. Mozart &#8211; Divertimento D dur &#8220;arr&#8221; pre kontrabasov\u00fd kvartet Jozef Lauber &#8211; Suita pre kontrabasov\u00fd kvartet J. S. Bach &#8211; Air Giovanni Bottesini &#8211; Fantasia &#8221; La Sonnambula&#8221; Anonymus &#8211; v\u00fdber tancov Stano Pal\u00fach &hellip; <a href=\"https:\/\/www.slovakdoublebassclub.com\/en\/ponuka-programov\/\">Continued<\/a><\/p>\n","protected":false},"author":5,"featured_media":0,"parent":0,"menu_order":0,"comment_status":"closed","ping_status":"closed","template":"page-sidebar.php","meta":{"ngg_post_thumbnail":0,"footnotes":""},"class_list":["post-1242","page","type-page","status-publish","hentry"],"_links":{"self":[{"href":"https:\/\/www.slovakdoublebassclub.com\/en\/wp-json\/wp\/v2\/pages\/1242","targetHints":{"allow":["GET"]}}],"collection":[{"href":"https:\/\/www.slovakdoublebassclub.com\/en\/wp-json\/wp\/v2\/pages"}],"about":[{"href":"https:\/\/www.slovakdoublebassclub.com\/en\/wp-json\/wp\/v2\/types\/page"}],"author":[{"embeddable":true,"href":"https:\/\/www.slovakdoublebassclub.com\/en\/wp-json\/wp\/v2\/users\/5"}],"replies":[{"embeddable":true,"href":"https:\/\/www.slovakdoublebassclub.com\/en\/wp-json\/wp\/v2\/comments?post=1242"}],"version-history":[{"count":27,"href":"https:\/\/www.slovakdoublebassclub.com\/en\/wp-json\/wp\/v2\/pages\/1242\/revisions"}],"predecessor-version":[{"id":4328,"href":"https:\/\/www.slovakdoublebassclub.com\/en\/wp-json\/wp\/v2\/pages\/1242\/revisions\/4328"}],"wp:attachment":[{"href":"https:\/\/www.slovakdoublebassclub.com\/en\/wp-json\/wp\/v2\/media?parent=1242"}],"curies":[{"name":"wp","href":"https:\/\/api.w.org\/{rel}","templated":true}]}}