{"id":12420,"date":"2019-08-28T23:20:34","date_gmt":"2019-08-28T21:20:34","guid":{"rendered":"https:\/\/www.slovakdoublebassclub.com\/?page_id=12420"},"modified":"2019-08-28T23:20:34","modified_gmt":"2019-08-28T21:20:34","slug":"music-camp-2019-music-for-double-bass-orchestra","status":"publish","type":"page","link":"https:\/\/www.slovakdoublebassclub.com\/en\/music-camp-2019-music-for-double-bass-orchestra\/","title":{"rendered":"MUSIC CAMP 2019 &#8211; Music for double bass orchestra"},"content":{"rendered":"<p style=\"text-align: center;\"><em><strong>autor kompoz\u00edci\u00ed pre MUSIC CAMP 2019: <\/strong><\/em><\/p>\n<p style=\"text-align: center;\"><em><strong>V\u00ed\u0165azoslav Kubi\u010dka:<\/strong><\/em><\/p>\n<p>&nbsp;<\/p>\n<p style=\"text-align: center;\"><a href=\"https:\/\/www.slovakdoublebassclub.com\/wp-content\/uploads\/2019\/08\/Bobry-Arch\u00edv.zip\">Bobry &#8211; party + partit\u00fara<\/a><\/p>\n<p style=\"text-align: center;\"><a href=\"https:\/\/www.slovakdoublebassclub.com\/wp-content\/uploads\/2019\/08\/Les-Arch\u00edv.zip\">Les &#8211; party + partit\u00fara<\/a><\/p>\n<p style=\"text-align: center;\"><a href=\"https:\/\/www.slovakdoublebassclub.com\/wp-content\/uploads\/2019\/08\/Medve\u010f-Arch\u00edv.zip\">Medve\u010f &#8211; party + partit\u00fara<\/a><\/p>\n<p style=\"text-align: center;\"><a href=\"https:\/\/www.slovakdoublebassclub.com\/wp-content\/uploads\/2019\/08\/Slovensk\u00e1-Arch\u00edv.zip\">Slovensk\u00e1 pre 4 kontrabasy &#8211; party + partit\u00fara<\/a><\/p>\n<p style=\"text-align: center;\"><a href=\"https:\/\/www.slovakdoublebassclub.com\/wp-content\/uploads\/2019\/08\/Te\u010die-voda-a-mlyn\u010deky-klepoc\u00fa-Arch\u00edv.zip\">Te\u010die voda a mlyn\u010deky klepoc\u00fa &#8211; party + partit\u00fara<\/a><\/p>\n<p>&nbsp;<\/p>\n<p>&nbsp;<\/p>\n<p>&nbsp;<\/p>\n","protected":false},"excerpt":{"rendered":"<p>autor kompoz\u00edci\u00ed pre MUSIC CAMP 2019: V\u00ed\u0165azoslav Kubi\u010dka: &nbsp; Bobry &#8211; party + partit\u00fara Les &#8211; party + partit\u00fara Medve\u010f &#8211; party + partit\u00fara Slovensk\u00e1 pre 4 kontrabasy &#8211; party + partit\u00fara Te\u010die voda a mlyn\u010deky klepoc\u00fa &#8211; party + &hellip; <a href=\"https:\/\/www.slovakdoublebassclub.com\/en\/music-camp-2019-music-for-double-bass-orchestra\/\">Continued<\/a><\/p>\n","protected":false},"author":5,"featured_media":12381,"parent":0,"menu_order":0,"comment_status":"closed","ping_status":"closed","template":"","meta":{"ngg_post_thumbnail":0,"footnotes":""},"class_list":["post-12420","page","type-page","status-publish","has-post-thumbnail","hentry"],"_links":{"self":[{"href":"https:\/\/www.slovakdoublebassclub.com\/en\/wp-json\/wp\/v2\/pages\/12420","targetHints":{"allow":["GET"]}}],"collection":[{"href":"https:\/\/www.slovakdoublebassclub.com\/en\/wp-json\/wp\/v2\/pages"}],"about":[{"href":"https:\/\/www.slovakdoublebassclub.com\/en\/wp-json\/wp\/v2\/types\/page"}],"author":[{"embeddable":true,"href":"https:\/\/www.slovakdoublebassclub.com\/en\/wp-json\/wp\/v2\/users\/5"}],"replies":[{"embeddable":true,"href":"https:\/\/www.slovakdoublebassclub.com\/en\/wp-json\/wp\/v2\/comments?post=12420"}],"version-history":[{"count":1,"href":"https:\/\/www.slovakdoublebassclub.com\/en\/wp-json\/wp\/v2\/pages\/12420\/revisions"}],"predecessor-version":[{"id":12435,"href":"https:\/\/www.slovakdoublebassclub.com\/en\/wp-json\/wp\/v2\/pages\/12420\/revisions\/12435"}],"wp:featuredmedia":[{"embeddable":true,"href":"https:\/\/www.slovakdoublebassclub.com\/en\/wp-json\/wp\/v2\/media\/12381"}],"wp:attachment":[{"href":"https:\/\/www.slovakdoublebassclub.com\/en\/wp-json\/wp\/v2\/media?parent=12420"}],"curies":[{"name":"wp","href":"https:\/\/api.w.org\/{rel}","templated":true}]}}