{"id":1414,"date":"2013-10-30T23:04:30","date_gmt":"2013-10-30T22:04:30","guid":{"rendered":"http:\/\/www.slovakdoublebassclub.com\/?page_id=1414"},"modified":"2013-11-07T23:56:32","modified_gmt":"2013-11-07T22:56:32","slug":"boris-lenko","status":"publish","type":"page","link":"https:\/\/www.slovakdoublebassclub.com\/en\/boris-lenko\/","title":{"rendered":"Boris Lenko &#8211; akorde\u00f3n\/accordion"},"content":{"rendered":"<p><a href=\"http:\/\/www.slovakdoublebassclub.com\/wp-content\/uploads\/2013\/10\/Boris_Lenko.jpg\"><img loading=\"lazy\" decoding=\"async\" class=\"alignnone size-medium wp-image-1415 aligncenter\" alt=\"Boris_Lenko\" src=\"http:\/\/www.slovakdoublebassclub.com\/wp-content\/uploads\/2013\/10\/Boris_Lenko-198x300.jpg\" width=\"198\" height=\"300\" srcset=\"https:\/\/www.slovakdoublebassclub.com\/wp-content\/uploads\/2013\/10\/Boris_Lenko-198x300.jpg 198w, https:\/\/www.slovakdoublebassclub.com\/wp-content\/uploads\/2013\/10\/Boris_Lenko.jpg 397w\" sizes=\"auto, (max-width: 198px) 100vw, 198px\" \/><\/a><\/p>\n<table width=\"472\" border=\"0\" cellspacing=\"3\">\n<tbody>\n<tr>\n<td colspan=\"4\" valign=\"top\" bgcolor=\"#F0F0F0\" width=\"468\" height=\"10\">\n<p align=\"left\"><span style=\"color: #000000; font-family: Arial; font-size: small;\">Boris Lenko je odchovancom \u017eilinsk\u00e9ho konzervat\u00f3ria z triedy Antona Pittnera(1979 \u2013 1984) a Vysokej \u0161koly m\u00fazick\u00fdch umen\u00ed v Bratislave z triedy Marty Sz\u00f6keovej (1984 \u2013 1988).<br \/>\nod\u00a0<strong>1989<\/strong>\u00a0&#8211; intern\u00fd pedag\u00f3g V\u0160MU (napr. \u017eiak Milo\u0161 Todorovski \u2013 dr\u017eite\u013e 2. ceny na s\u00fa\u0165a\u017ei poriadanej Conf\u00e9d\u00e9ration mondial de l\u00b4accord\u00e9on v Portugalsku)<br \/>\nod\u00a0<strong>1998<\/strong>\u00a0&#8211; doktorandsk\u00e9 \u0161t\u00fadium na V\u0160MU v Bratislave.<br \/>\n<\/span><\/p>\n<\/td>\n<\/tr>\n<tr>\n<td colspan=\"4\" valign=\"top\" bgcolor=\"#F0F0F0\" width=\"468\" height=\"10\"><\/td>\n<\/tr>\n<tr>\n<td colspan=\"4\" valign=\"top\" bgcolor=\"#DDDDDD\" width=\"468\" height=\"10\"><b><span style=\"font-family: Arial; font-size: small;\">\u017eivotopis<\/span><\/b><\/td>\n<\/tr>\n<tr>\n<td colspan=\"4\" valign=\"top\" bgcolor=\"#F0F0F0\" width=\"468\" height=\"10\"><\/td>\n<\/tr>\n<tr>\n<td colspan=\"4\" valign=\"top\" bgcolor=\"#F0F0F0\" width=\"468\" height=\"10\">\n<p align=\"justify\"><span style=\"font-family: Arial; font-size: small;\">\u00daspechy na mnoh\u00fdch dom\u00e1cich aj zahrani\u010dn\u00fdch s\u00fa\u0165a\u017eiach od\u0161tartovali jeho medzin\u00e1rodn\u00fa s\u00f3listick\u00fa kari\u00e9ru. V roku\u00a0<strong>1987<\/strong>\u00a0z\u00edskal dve I. ceny na medzin\u00e1rodnej s\u00fa\u0165a\u017ei akordeonistov Grand Prix v Andrezieux &#8211; Boutheone vo Franc\u00fazsku a to v kateg\u00f3rii s\u00f3lovej hry a v kateg\u00f3rii akorde\u00f3nov\u00e9ho dua. Od roku<strong>1990<\/strong>\u00a0pravidelne vystupuje na najv\u00fdznamnej\u0161\u00edch dom\u00e1cich podujatiach, festivaloch, koncertn\u00fdch cykloch. Pravidelne \u00fa\u010dinkuje na festivaloch Ve\u010dery novej hudby a Melos Etos v Bratislave. Vyst\u00fapil v Rak\u00fasku, Slovinsku, Juhosl\u00e1vii, Rusku, Ukrajine, vo Franc\u00fazsku, \u0160vaj\u010diarsku a i. Od roku\u00a0<strong>1996<\/strong>spolupracuje so s\u00faborom Po\u017eo\u0148 sentiment\u00e1l, pre ktor\u00fd skomponoval viacero kompoz\u00edci\u00ed. D\u00f4le\u017eitou s\u00fa\u010das\u0165ou jeho koncertnej \u010dinnosti je spolupr\u00e1ca v akorde\u00f3novom duu s Rajmundom K\u00e1konim a so s\u00faborom Veni a Vapori del cuore. Od roku\u00a0<strong>1989<\/strong>\u00a0p\u00f4sob\u00ed ako pedag\u00f3g akorde\u00f3novej hry na V\u0160MU v Bratislave.<br \/>\nReperto\u00e1r B. Lenku je ve\u013emi \u0161irok\u00fd a z mnoh\u00fdch poh\u013eadov ve\u013emi nov\u00e1torsk\u00fd. Obohatil koncertn\u00e9 p\u00f3di\u00e1 na Slovensku o cel\u00fd rad zauj\u00edmav\u00fdch diel z cel\u00e9ho sveta, ako aj o slovensk\u00e9 diela, komponovan\u00e9 autormi priamo pre neho (J. Bene\u0161, \u013d. Burgr, J. Hatr\u00edk, P. Machajd\u00edk, M. Pia\u010dek, I. Zeljenka a i.). S \u0160KO \u017dilina uviedol v roku\u00a0<strong>2001<\/strong>\u00a0v \u017diline a na festivale Melos Etos v Bratislave Koncert pre bandoneon, sl\u00e1\u010diky a bicie Astora Piazzollu.<\/span><\/p>\n<p><strong>Ceny a vyznamenania:<\/strong><br \/>\n<strong>1986<\/strong>\u00a0Celo\u0161t\u00e1tna umeleck\u00e1 s\u00fa\u0165a\u017e akordeonistov, Ho\u0159ovice (CZ) &#8211; 2. cena, ceny Slovensk\u00e9ho hudobn\u00e9ho fondu a \u010cesk\u00e9ho hudobn\u00e9ho fondu a najvy\u0161\u0161ie uznanie poroty za hru v duu s \u013dubom\u00edrom \u017dovicom<\/p>\n<p><strong>1987<\/strong>\u00a0Grand Prix de l\u2019 Accord\u00e9on v Andrezieux-Boutheon (FR) &#8211; cena Grand prix za s\u00f3lov\u00fa hru a za hru v duu s \u013dubom\u00edrom \u017dovicom<\/td>\n<\/tr>\n<\/tbody>\n<\/table>\n","protected":false},"excerpt":{"rendered":"<p>Boris Lenko je odchovancom \u017eilinsk\u00e9ho konzervat\u00f3ria z triedy Antona Pittnera(1979 \u2013 1984) a Vysokej \u0161koly m\u00fazick\u00fdch umen\u00ed v Bratislave z triedy Marty Sz\u00f6keovej (1984 \u2013 1988). od\u00a01989\u00a0&#8211; intern\u00fd pedag\u00f3g V\u0160MU (napr. \u017eiak Milo\u0161 Todorovski \u2013 dr\u017eite\u013e 2. ceny na s\u00fa\u0165a\u017ei &hellip; <a href=\"https:\/\/www.slovakdoublebassclub.com\/en\/boris-lenko\/\">Continued<\/a><\/p>\n","protected":false},"author":5,"featured_media":0,"parent":0,"menu_order":0,"comment_status":"closed","ping_status":"open","template":"","meta":{"ngg_post_thumbnail":0,"footnotes":""},"class_list":["post-1414","page","type-page","status-publish","hentry"],"_links":{"self":[{"href":"https:\/\/www.slovakdoublebassclub.com\/en\/wp-json\/wp\/v2\/pages\/1414","targetHints":{"allow":["GET"]}}],"collection":[{"href":"https:\/\/www.slovakdoublebassclub.com\/en\/wp-json\/wp\/v2\/pages"}],"about":[{"href":"https:\/\/www.slovakdoublebassclub.com\/en\/wp-json\/wp\/v2\/types\/page"}],"author":[{"embeddable":true,"href":"https:\/\/www.slovakdoublebassclub.com\/en\/wp-json\/wp\/v2\/users\/5"}],"replies":[{"embeddable":true,"href":"https:\/\/www.slovakdoublebassclub.com\/en\/wp-json\/wp\/v2\/comments?post=1414"}],"version-history":[{"count":3,"href":"https:\/\/www.slovakdoublebassclub.com\/en\/wp-json\/wp\/v2\/pages\/1414\/revisions"}],"predecessor-version":[{"id":1457,"href":"https:\/\/www.slovakdoublebassclub.com\/en\/wp-json\/wp\/v2\/pages\/1414\/revisions\/1457"}],"wp:attachment":[{"href":"https:\/\/www.slovakdoublebassclub.com\/en\/wp-json\/wp\/v2\/media?parent=1414"}],"curies":[{"name":"wp","href":"https:\/\/api.w.org\/{rel}","templated":true}]}}