{"id":1422,"date":"2013-10-30T23:14:16","date_gmt":"2013-10-30T22:14:16","guid":{"rendered":"http:\/\/www.slovakdoublebassclub.com\/?page_id=1422"},"modified":"2015-03-19T00:04:44","modified_gmt":"2015-03-18T23:04:44","slug":"daniel-buranovsky-klavir-piano","status":"publish","type":"page","link":"https:\/\/www.slovakdoublebassclub.com\/en\/daniel-buranovsky-klavir-piano\/","title":{"rendered":"Daniel Buranovsk\u00fd"},"content":{"rendered":"<p style=\"text-align: center;\"><a href=\"http:\/\/www.slovakdoublebassclub.com\/wp-content\/uploads\/2013\/10\/Daniel-Buranovsk\u00fd.jpg\"><img loading=\"lazy\" decoding=\"async\" class=\"aligncenter wp-image-1423\" src=\"http:\/\/www.slovakdoublebassclub.com\/wp-content\/uploads\/2013\/10\/Daniel-Buranovsk\u00fd-198x300.jpg\" alt=\"Daniel Buranovsk\u00fd\" width=\"265\" height=\"400\" srcset=\"https:\/\/www.slovakdoublebassclub.com\/wp-content\/uploads\/2013\/10\/Daniel-Buranovsk\u00fd-198x300.jpg 198w, https:\/\/www.slovakdoublebassclub.com\/wp-content\/uploads\/2013\/10\/Daniel-Buranovsk\u00fd.jpg 265w\" sizes=\"auto, (max-width: 265px) 100vw, 265px\" \/><\/a><\/p>\n<p style=\"text-align: justify;\">1978 \u2013 1984 Konzervat\u00f3rium v \u017diline, klav\u00edr (Anton K\u00e1llay)<br \/>\n1984 \u2013 1989 V\u0160MU v Bratislave, klav\u00edr (Miloslav Starosta)<br \/>\n1986 \u0161tudijn\u00fd pobyt na Sibeliovej akad\u00e9mii v Helsink\u00e1ch<br \/>\nbohat\u00e1 koncertn\u00e1 a pedagogick\u00e1 \u010dinnos\u0165<br \/>\n1986 \u2013 1992 extern\u00e1 spolupr\u00e1ca v triede Idy \u010cerneckej st. na Konzervat\u00f3riu v Bratislave<br \/>\n1992 \u2013 1997 spolupr\u00e1ca s vok\u00e1lnymi pedag\u00f3gmi Petrom Mikul\u00e1\u0161om a Alainom Nonatom na Medzin\u00e1rodn\u00fdch interpreta\u010dn\u00fdch kurzoch v Pie\u0161\u0165anoch<br \/>\nod 1990 intern\u00fd pedag\u00f3g klav\u00edrnej hry na Hudobnej a tane\u010dnej fakulte V\u0160MU v Bratislave<br \/>\n1999 \u2013 2000 hos\u0165uj\u00faci profesor hry na klav\u00edri na Catholic University Hyosung of Taegu v Ju\u017enej K\u00f3rei<br \/>\nod 2003 docent klav\u00edrnej hry na V\u0160MU<br \/>\nod 2004 ved\u00faci Katedry kl\u00e1vesov\u00fdch n\u00e1strojov na HTF V\u0160MU v Bratislave<br \/>\n2012 vymenovan\u00fd za profesora<\/p>\n<p style=\"text-align: justify;\">S\u00f3listicky i ako komorn\u00fd hr\u00e1\u010d pravidelne koncertuje u\u017e od obdobia \u0161t\u00fadi\u00ed. Rozvinul bohat\u00fa koncertn\u00fa aktivitu v zahrani\u010d\u00ed (Nemecko, Rak\u00fasko, F\u00ednsko, \u0160v\u00e9dsko, Taliansko, Holandsko, Ma\u010farsko, Vietnam, Ju\u017en\u00e1 K\u00f3rea, USA, Argent\u00edna). \u00da\u010dinkoval na viacer\u00fdch dom\u00e1cich a zahrani\u010dn\u00fdch festivaloch (Bratislavsk\u00e9 hudobn\u00e9 sl\u00e1vnosti 1994, 1995, 1998, 2000, Melos-\u00c9tos 1995, 1997, Nov\u00e1 slovensk\u00e1 hudba 1992, 1994, Mlad\u00e9 p\u00f3dium Karlovy Vary 1992, Festival mlad\u00fdch koncertn\u00fdch umelcov Pentagon\u00e1ly \u017dilina 1991, Musica Nobilis Poprad 1996 a \u010fal\u0161ie). Ako s\u00f3lista spolupracoval s takmer v\u0161etk\u00fdmi orchestrami na Slovensku a viacer\u00fdmi v zahrani\u010d\u00ed (Orchester Beethovenovej haly Bonn, Orchester Univerzity Hyosung Taegu v Ju\u017enej K\u00f3rei).<\/p>\n<p style=\"text-align: justify;\">Je tie\u017e vyh\u013ead\u00e1van\u00fdm partnerom in\u0161trumentalistov a spev\u00e1kov najm\u00e4 pre spolupr\u00e1cu v duu (huslisti: Alexander Jablokov, Peter Michalica, Juraj \u010ci\u017emarovi\u010d, Tibor Kov\u00e1\u010d, Dalibor Karvay, po\u013esk\u00fd violon\u010delista Lukasz Szyrner, spev\u00e1ci: J\u00e1n Babjak, Martin Babjak, Ter\u00e9zia Babjakov\u00e1-Kru\u017eliakov\u00e1, Mikul\u00e1\u0161 Dobo\u0161, Miroslav Dvorsk\u00fd, Elena Holi\u010dkov\u00e1, Vladim\u00edr Chmelo, Adriana Koh\u00fatkov\u00e1, Jozef Kundl\u00e1k, \u013dudov\u00edt Ludha, Ivan O\u017ev\u00e1t, Silvia Sklovsk\u00e1, Hana \u0160tolfov\u00e1-Bandov\u00e1, \u013dubica Vargicov\u00e1 a mnoh\u00ed \u010fal\u0161\u00ed).<\/p>\n<p style=\"text-align: justify;\">Jeho s\u00f3listick\u00fd reperto\u00e1r sa zameriava predov\u0161etk\u00fdm na k\u013e\u00fa\u010dov\u00e9 diela romantickej klav\u00edrnej literat\u00fary a na hudbu 20. storo\u010dia vr\u00e1tane tvorby slovensk\u00fdch autorov. Je vynikaj\u00facim znalcom komornej, najm\u00e4 duovej hudby in\u0161trument\u00e1lnej (husle, violon\u010delo), klav\u00edrnych tri\u00ed, no aj pies\u0148ovej literat\u00fary, \u00e1ri\u00ed i operetnej a muzik\u00e1lovej literat\u00fary. Postupne si roz\u0161iruje aj reperto\u00e1r literat\u00fary pre dva klav\u00edry.<\/p>\n<p style=\"text-align: justify;\">&#8220;Buranovsk\u00fd je popredn\u00fd predstavite\u013e svojej gener\u00e1cie, so z\u00e1\u013eubou v dynamick\u00fdch kontrastoch interpret\u00e1cie: popri lyricko-meditat\u00edvnych t\u00f3noch \u00faspe\u0161ne tlmo\u010d\u00ed zvukovo vyhroten\u00e9 a technicky n\u00e1ro\u010dn\u00e9 dramatick\u00e9 \u00faseky. Jeho umeleck\u00e1 strat\u00e9gia smeruje k \u010do najhlb\u0161iemu prieniku k autorsk\u00e9mu z\u00e1meru a v tomto zmysle sa jeho n\u00e1zor na interpret\u00e1ciu jednotliv\u00fdch diel neust\u00e1le vyv\u00edja.&#8221; (Vladim\u00edr \u010c\u00ed\u017eik: Slovn\u00edk slovensk\u00e9ho koncertn\u00e9ho umenia I.)<\/p>\n<hr \/>\n<p style=\"text-align: justify;\">\n<p><a href=\"http:\/\/www.collegiumwartberg.com\/clenovia\/daniel-buranovsky\/?utm_source=copy&amp;utm_medium=paste&amp;utm_campaign=copypaste&amp;utm_content=http%3A%2F%2Fwww.collegiumwartberg.com%2Fclenovia%2Fdaniel-buranovsky%2F\">http:\/\/www.collegiumwartberg.com\/clenovia\/daniel-buranovsky\/<\/a><\/p>\n","protected":false},"excerpt":{"rendered":"<p>1978 \u2013 1984 Konzervat\u00f3rium v \u017diline, klav\u00edr (Anton K\u00e1llay) 1984 \u2013 1989 V\u0160MU v Bratislave, klav\u00edr (Miloslav Starosta) 1986 \u0161tudijn\u00fd pobyt na Sibeliovej akad\u00e9mii v Helsink\u00e1ch bohat\u00e1 koncertn\u00e1 a pedagogick\u00e1 \u010dinnos\u0165 1986 \u2013 1992 extern\u00e1 spolupr\u00e1ca v triede Idy \u010cerneckej &hellip; <a href=\"https:\/\/www.slovakdoublebassclub.com\/en\/daniel-buranovsky-klavir-piano\/\">Continued<\/a><\/p>\n","protected":false},"author":5,"featured_media":0,"parent":0,"menu_order":0,"comment_status":"closed","ping_status":"open","template":"","meta":{"ngg_post_thumbnail":0,"footnotes":""},"class_list":["post-1422","page","type-page","status-publish","hentry"],"_links":{"self":[{"href":"https:\/\/www.slovakdoublebassclub.com\/en\/wp-json\/wp\/v2\/pages\/1422","targetHints":{"allow":["GET"]}}],"collection":[{"href":"https:\/\/www.slovakdoublebassclub.com\/en\/wp-json\/wp\/v2\/pages"}],"about":[{"href":"https:\/\/www.slovakdoublebassclub.com\/en\/wp-json\/wp\/v2\/types\/page"}],"author":[{"embeddable":true,"href":"https:\/\/www.slovakdoublebassclub.com\/en\/wp-json\/wp\/v2\/users\/5"}],"replies":[{"embeddable":true,"href":"https:\/\/www.slovakdoublebassclub.com\/en\/wp-json\/wp\/v2\/comments?post=1422"}],"version-history":[{"count":2,"href":"https:\/\/www.slovakdoublebassclub.com\/en\/wp-json\/wp\/v2\/pages\/1422\/revisions"}],"predecessor-version":[{"id":3629,"href":"https:\/\/www.slovakdoublebassclub.com\/en\/wp-json\/wp\/v2\/pages\/1422\/revisions\/3629"}],"wp:attachment":[{"href":"https:\/\/www.slovakdoublebassclub.com\/en\/wp-json\/wp\/v2\/media?parent=1422"}],"curies":[{"name":"wp","href":"https:\/\/api.w.org\/{rel}","templated":true}]}}