{"id":265,"date":"2012-03-17T00:40:33","date_gmt":"2012-03-16T23:40:33","guid":{"rendered":"http:\/\/www.slovakdoublebassclub.com\/?page_id=265"},"modified":"2024-10-24T15:57:19","modified_gmt":"2024-10-24T13:57:19","slug":"miloslav-gajdos","status":"publish","type":"page","link":"https:\/\/www.slovakdoublebassclub.com\/en\/miloslav-gajdos\/","title":{"rendered":"Miloslav Gajdo\u0161"},"content":{"rendered":"<p style=\"text-align: center;\"><a href=\"http:\/\/www.slovakdoublebassclub.com\/wp-content\/uploads\/2018\/05\/gajdos-.jpg\"><img loading=\"lazy\" decoding=\"async\" class=\"alignnone size-full wp-image-4745\" src=\"http:\/\/www.slovakdoublebassclub.com\/wp-content\/uploads\/2018\/05\/gajdos-.jpg\" alt=\"\" width=\"294\" height=\"196\"><\/a><\/p>\n<p>He studied double bass at the Krom\u011b\u0159\u00ed\u017e Conservatory with Alois Kr\u00ed\u017e (1963-68), and continued his studies at the Brno JAMU with Ji\u0159\u00ed Bortl\u00ed\u010dek, where he also studied composition with Zde\u0148ko Zouhar (1968-72). In 1976, 1977 and 1979 he studied double bass with Ludwig Streicher at summer courses in Weimar. He is the laureate of the Tchaikovsky competition in Moscow and the winner of the jury prize in Munich, in 1976 and 1977 he was awarded at the international double bass competition in Markneukirchen.<\/p>\n<p>During his studies, he played the double bass in the orchestra of the Jan\u00e1\u010dek Theater in Brno (1968\u201369) and the Working Gottwald Philharmonic (now Zl\u00edn, 1969\u201373). As a concert artist, he performed at solo recitals (among others at the ISB conferences in Mittenwald 1991 and Houston 1997) and accompanied by an orchestra (1987 Czechoslovak premiere of Bottesini&#8217;s concerto in F minor with the Moravian Philharmonic Olomouc). In 1995, he made the first of five concert trips to the USA, playing in Boulder and Chicago. In 1978, F. Gregory founded the Bass club and the international double bass competition in Kromez\u00ed\u017e. In 2000, he became a co-founder of the international company J.M. Sperger Michaelstein.<br \/>\nHis pedagogical activity is significant. Since 1971, he has been teaching at the Pavel Jozef Vejvanovsk\u00fd Conservatory in Krom\u011b\u0159\u00ed\u017e, he also briefly worked at the University of Ostrava (1993-95). He is a lecturer at seminars and courses here and abroad: Brno, Bratislava, Moscow, Lodz, Debrecen, Subotica, Miskolc, Munich, Dresden, Berlin, Wells, Wroclaw, Denton, Madison and elsewhere. He gave master classes in 1997 at the Juilliard School of Music in New York. His pupils include, among others, Radom\u00edr \u017dalud, Miloslav Buben\u00ed\u010dek, Roman Koudelka, Radoslav \u0160a\u0161ina, Miloslav Jel\u00ednek, Pavol Kle\u010dka, Martin \u0160ranko, Eva \u0160a\u0161inkov\u00e1, Lud\u011bk Zakopal, Miloslav Raisigl, Petr Ries and Jan Stan\u011bk. He is a regular member of the juries of conservatory competitions and many international competitions.<br \/>\nHe is also active as a composer, in addition to chamber and spiritual compositions, he composes primarily for his instrument, in the cast of double bass solo (Sen konrtrabasisty 1976, Semper flageoletti 1998) to five (Chanson triste, Scherzino) and even sixteen double basses (Sexde).<br \/>\nIn addition to the double bass, Gajdo\u0161 devoted himself to choirmaster work &#8211; he was the choirmaster of the Temple Male Choir in Zl\u00edn (1970-71) and the Moravian Mixed Choir in Krom\u011b\u0159\u00ed\u017e (1975-76), in the years 1971-89 he regularly collaborated with the Temple Choir. He was also the conductor of the Krom\u011b\u0159\u00ed\u017e Chamber Orchestra Capella Baroca (1974-92) and occasionally the organist and regenschoir of the church Bl. P. M\u00e1rie in Krom\u011b\u0159\u00ed\u017e.","protected":false},"excerpt":{"rendered":"<p>He studied double bass at the Krom\u011b\u0159\u00ed\u017e Conservatory with Alois Kr\u00ed\u017e (1963-68), and continued his studies at the Brno JAMU with Ji\u0159\u00ed Bortl\u00ed\u010dek, where he also studied composition with Zde\u0148ko Zouhar (1968-72). In 1976, 1977 and 1979 he studied double &hellip; <a href=\"https:\/\/www.slovakdoublebassclub.com\/en\/miloslav-gajdos\/\">Continued<\/a><\/p>\n","protected":false},"author":2,"featured_media":4745,"parent":0,"menu_order":0,"comment_status":"closed","ping_status":"closed","template":"","meta":{"ngg_post_thumbnail":0,"footnotes":""},"class_list":["post-265","page","type-page","status-publish","has-post-thumbnail","hentry"],"_links":{"self":[{"href":"https:\/\/www.slovakdoublebassclub.com\/en\/wp-json\/wp\/v2\/pages\/265","targetHints":{"allow":["GET"]}}],"collection":[{"href":"https:\/\/www.slovakdoublebassclub.com\/en\/wp-json\/wp\/v2\/pages"}],"about":[{"href":"https:\/\/www.slovakdoublebassclub.com\/en\/wp-json\/wp\/v2\/types\/page"}],"author":[{"embeddable":true,"href":"https:\/\/www.slovakdoublebassclub.com\/en\/wp-json\/wp\/v2\/users\/2"}],"replies":[{"embeddable":true,"href":"https:\/\/www.slovakdoublebassclub.com\/en\/wp-json\/wp\/v2\/comments?post=265"}],"version-history":[{"count":5,"href":"https:\/\/www.slovakdoublebassclub.com\/en\/wp-json\/wp\/v2\/pages\/265\/revisions"}],"predecessor-version":[{"id":28001,"href":"https:\/\/www.slovakdoublebassclub.com\/en\/wp-json\/wp\/v2\/pages\/265\/revisions\/28001"}],"wp:featuredmedia":[{"embeddable":true,"href":"https:\/\/www.slovakdoublebassclub.com\/en\/wp-json\/wp\/v2\/media\/4745"}],"wp:attachment":[{"href":"https:\/\/www.slovakdoublebassclub.com\/en\/wp-json\/wp\/v2\/media?parent=265"}],"curies":[{"name":"wp","href":"https:\/\/api.w.org\/{rel}","templated":true}]}}