{"id":272,"date":"2012-03-17T00:48:27","date_gmt":"2012-03-16T23:48:27","guid":{"rendered":"http:\/\/www.slovakdoublebassclub.com\/?page_id=272"},"modified":"2012-03-17T00:48:27","modified_gmt":"2012-03-16T23:48:27","slug":"stefan-bartus","status":"publish","type":"page","link":"https:\/\/www.slovakdoublebassclub.com\/en\/stefan-bartus\/","title":{"rendered":"\u0160tefan Bartu\u0161"},"content":{"rendered":"<p style=\"text-align: center;\"><span style=\"color: #000000;\"><strong><br \/>\n<\/strong><\/span><a href=\"http:\/\/www.slovakdoublebassclub.com\/wp-content\/uploads\/2012\/03\/Bartus_Stefan.jpg\"><img loading=\"lazy\" decoding=\"async\" class=\"aligncenter size-full wp-image-274\" title=\"Bartus_Stefan\" src=\"http:\/\/www.slovakdoublebassclub.com\/wp-content\/uploads\/2012\/03\/Bartus_Stefan.jpg\" alt=\"\" width=\"150\" height=\"206\" \/><\/a><strong>\u0160tefan Bartu\u0161\u00a0<\/strong>je\u00a0absolvent Konzervat\u00f3ria v Bratislave (odbor kontrabas)<br \/>\n\u010dlen hudobn\u00fdch telies:\u00a0<em>S\u013dUK<\/em>\u00a0(1999),\u00a0<em>Traditional Jazz Band<\/em>\u00a0(2001),<em>Swing Trio<\/em>\u00a0(2002),\u00a0<em>Milo Suchomel Quartet<\/em>\u00a0(2003),\u00a0<em>Jozef Dodo \u0160o\u0161oka Quartet<\/em>\u00a0(2004),\u00a0<em>Lucia Lu\u017einsk\u00e1 and All Time Jazz<\/em>\u00a0(2005)<br \/>\nod roku 2009 je leadrom vlastnej form\u00e1cie\u00a0<em>\u0160tefan &#8220;Pi\u0161ta&#8221; Bartu\u0161 &amp; JazzBrothers<\/em>\u00a0(\u0160. Bartu\u0161 \u2013 kontrabas, Klaudius Kov\u00e1\u010d \u2013 klav\u00edr, Michal Bugala \u2013 gitara, Peter Sol\u00e1rik \u2013 bicie n\u00e1stroje), s ktorou \u00faspe\u0161ne vystupuje na koncertoch a festivaloch doma i v zahrani\u010d\u00ed a pripravuje profilov\u00e9 CD<\/p>\n<p><strong>\u00fa\u010dinkovanie na festivaloch:<\/strong><br \/>\n2002, 2003, 2004 \u2013 Bratislavsk\u00e9 jazzov\u00e9 dni<br \/>\n2000, 2004 \u2013 \u010ceskoslovensk\u00fd jazzov\u00fd festival P\u0159erov<br \/>\n2004, 2006 \u2013 Novosadsk\u00fd Jazz Fest<\/p>\n<p><strong>s\u00fa\u0165a\u017en\u00e9 festivaly:<\/strong><br \/>\n2001 \u2013 Jazzov\u00e9 Vianoce Levice 2001 (cena za presved\u010div\u00fd umeleck\u00fd v\u00fdkon)<br \/>\n2003 \u2013 Jazz Hoeilaart International Belgicko (4. miesto)<br \/>\n2006 \u2013 Swingin&#8217; Saxonia Glauchau, Nemecko (1. miesto, so skupinou All Time Jazz Trio)<\/p>\n<p><strong>spolupr\u00e1ca:<\/strong>\u00a0Jana Kocianov\u00e1, Berco Balogh, Mat\u00fa\u0161 Jakab\u010dic, Ondrej Kraj\u0148\u00e1k, Juraj Barto\u0161, Gabo Jon\u00e1\u0161, Pavol Bodn\u00e1r, Harry Sokal, Lee Andrews Davidson, Curtis Howard, Lydia Murray, Janus Muniak, Gyarfas Istvan, Gabor Winand, Karen Edwards a \u010fal\u0161\u00ed.<\/p>\n","protected":false},"excerpt":{"rendered":"<p>\u0160tefan Bartu\u0161\u00a0je\u00a0absolvent Konzervat\u00f3ria v Bratislave (odbor kontrabas) \u010dlen hudobn\u00fdch telies:\u00a0S\u013dUK\u00a0(1999),\u00a0Traditional Jazz Band\u00a0(2001),Swing Trio\u00a0(2002),\u00a0Milo Suchomel Quartet\u00a0(2003),\u00a0Jozef Dodo \u0160o\u0161oka Quartet\u00a0(2004),\u00a0Lucia Lu\u017einsk\u00e1 and All Time Jazz\u00a0(2005) od roku 2009 je leadrom vlastnej form\u00e1cie\u00a0\u0160tefan &#8220;Pi\u0161ta&#8221; Bartu\u0161 &amp; JazzBrothers\u00a0(\u0160. Bartu\u0161 \u2013 kontrabas, Klaudius Kov\u00e1\u010d \u2013 &hellip; <a href=\"https:\/\/www.slovakdoublebassclub.com\/en\/stefan-bartus\/\">Continued<\/a><\/p>\n","protected":false},"author":2,"featured_media":0,"parent":0,"menu_order":0,"comment_status":"closed","ping_status":"closed","template":"","meta":{"ngg_post_thumbnail":0,"footnotes":""},"class_list":["post-272","page","type-page","status-publish","hentry"],"_links":{"self":[{"href":"https:\/\/www.slovakdoublebassclub.com\/en\/wp-json\/wp\/v2\/pages\/272","targetHints":{"allow":["GET"]}}],"collection":[{"href":"https:\/\/www.slovakdoublebassclub.com\/en\/wp-json\/wp\/v2\/pages"}],"about":[{"href":"https:\/\/www.slovakdoublebassclub.com\/en\/wp-json\/wp\/v2\/types\/page"}],"author":[{"embeddable":true,"href":"https:\/\/www.slovakdoublebassclub.com\/en\/wp-json\/wp\/v2\/users\/2"}],"replies":[{"embeddable":true,"href":"https:\/\/www.slovakdoublebassclub.com\/en\/wp-json\/wp\/v2\/comments?post=272"}],"version-history":[{"count":0,"href":"https:\/\/www.slovakdoublebassclub.com\/en\/wp-json\/wp\/v2\/pages\/272\/revisions"}],"wp:attachment":[{"href":"https:\/\/www.slovakdoublebassclub.com\/en\/wp-json\/wp\/v2\/media?parent=272"}],"curies":[{"name":"wp","href":"https:\/\/api.w.org\/{rel}","templated":true}]}}