{"id":27378,"date":"2022-05-04T22:36:35","date_gmt":"2022-05-04T20:36:35","guid":{"rendered":"https:\/\/www.slovakdoublebassclub.com\/?page_id=27378"},"modified":"2022-05-04T22:36:35","modified_gmt":"2022-05-04T20:36:35","slug":"slovencina-registracia-sutaz-2022","status":"publish","type":"page","link":"https:\/\/www.slovakdoublebassclub.com\/en\/slovencina-registracia-sutaz-2022\/","title":{"rendered":"(Sloven\u010dina) Registr\u00e1cia s\u00fa\u0165a\u017e 2022"},"content":{"rendered":"","protected":false},"excerpt":{"rendered":"","protected":false},"author":5,"featured_media":0,"parent":0,"menu_order":0,"comment_status":"closed","ping_status":"closed","template":"","meta":{"ngg_post_thumbnail":0,"footnotes":""},"class_list":["post-27378","page","type-page","status-publish","hentry"],"_links":{"self":[{"href":"https:\/\/www.slovakdoublebassclub.com\/en\/wp-json\/wp\/v2\/pages\/27378","targetHints":{"allow":["GET"]}}],"collection":[{"href":"https:\/\/www.slovakdoublebassclub.com\/en\/wp-json\/wp\/v2\/pages"}],"about":[{"href":"https:\/\/www.slovakdoublebassclub.com\/en\/wp-json\/wp\/v2\/types\/page"}],"author":[{"embeddable":true,"href":"https:\/\/www.slovakdoublebassclub.com\/en\/wp-json\/wp\/v2\/users\/5"}],"replies":[{"embeddable":true,"href":"https:\/\/www.slovakdoublebassclub.com\/en\/wp-json\/wp\/v2\/comments?post=27378"}],"version-history":[{"count":1,"href":"https:\/\/www.slovakdoublebassclub.com\/en\/wp-json\/wp\/v2\/pages\/27378\/revisions"}],"predecessor-version":[{"id":27379,"href":"https:\/\/www.slovakdoublebassclub.com\/en\/wp-json\/wp\/v2\/pages\/27378\/revisions\/27379"}],"wp:attachment":[{"href":"https:\/\/www.slovakdoublebassclub.com\/en\/wp-json\/wp\/v2\/media?parent=27378"}],"curies":[{"name":"wp","href":"https:\/\/api.w.org\/{rel}","templated":true}]}}