{"id":277,"date":"2012-03-17T00:54:07","date_gmt":"2012-03-16T23:54:07","guid":{"rendered":"http:\/\/www.slovakdoublebassclub.com\/?page_id=277"},"modified":"2013-10-19T17:14:30","modified_gmt":"2013-10-19T15:14:30","slug":"robert-vizvari","status":"publish","type":"page","link":"https:\/\/www.slovakdoublebassclub.com\/en\/robert-vizvari\/","title":{"rendered":"Robert Vizv\u00e1ri &#8211; solo bass, bass guitar"},"content":{"rendered":"<p style=\"text-align: center;\"><strong>Robert Vizv\u00e1ri <\/strong><\/p>\n<p style=\"text-align: center;\"><a href=\"http:\/\/www.slovakdoublebassclub.com\/wp-content\/uploads\/2012\/03\/robo-vizvari.jpg\"><img loading=\"lazy\" decoding=\"async\" class=\"alignnone size-full wp-image-1209\" alt=\"robo vizvari\" src=\"http:\/\/www.slovakdoublebassclub.com\/wp-content\/uploads\/2012\/03\/robo-vizvari.jpg\" width=\"275\" height=\"183\" \/><\/a><\/p>\n<p>\u0161tudoval na Konzervatoriu v Bratislave.Po\u010das \u0161t\u00fadia bol vybran\u00fd do<br \/>\nMedzin\u00e1rodn\u00e9ho orchestra v Salzburgu,ako solo kontrabasista,kde pracoval pod veden\u00edm Lorda<br \/>\nYehudi Menuhina,Leopold Hagera a \u010dlenov Viede\u0148skej filharmonie.V roku 1995 z\u00edskal 1. cenu na<br \/>\nceloslovenskej s\u00fa\u0165a\u017ei kontrabasistov.Od roku 1996 je \u010dlenom orchestra SF a od roku 2004 1.hr\u00e1\u010dom<br \/>\nkontrabasovej skupiny.V rokoch 1997-1999 absolvoval \u0161t\u00fadijn\u00fd pobyt na Viede\u0148skej Hochschule<br \/>\nfur Music und Darstellende Kunst.V roku 2000 z\u00edskal cenu vydavate\u013estva Hoffmeister &#8211;<br \/>\nMusikverlag za interpret\u00e1ciu Spergerovej Son\u00e1ty na medzin\u00e1rodnej kontrabasovej s\u00fa\u0165a\u017ei v<br \/>\nNemecku a druh\u00fa cenu na medzin\u00e1rodnej kontrabasovej s\u00fa\u0165a\u017ei v Kromer\u00ed\u017ei.V roku 2006 z\u00edskal<br \/>\ncenu od Slovenskej sporite\u013ene \u201eZlat\u00e1 Nota\u201c za solov\u00fa \u010dinnos\u0165.V roku 2001 uviedol so SF koncert<br \/>\npre kontrabas a orchester od J.B.Va\u0148hala koncert D-dur a v roku 2006 uviedol so SF od Giovanni<br \/>\nBottesiniho koncert H-mol a taktie\u017e toho ist\u00e9ho roku ho interpretoval so St\u00e1tnym komorn\u00fdm<br \/>\norchestrom Zilina na Bayreuthskom festivale vo ve\u013ekej s\u00e1le v Stadthalle v Nemecku ,ktor\u00fd bol<br \/>\nv\u00fdborne ohodnoten\u00fd od nemeck\u00edch kritikov.V m\u00e1ji roku 2011 predviedol so SF koncert od F.Hertla<br \/>\nkoncert pre kontrabas a orchester v historickej s\u00e1le SND.Od roku 2009 spolupracuje v komornom<br \/>\nzoskupen\u00ed so svetozn\u00e1mou huslistkou Patricija Kopatchinskaja ,kde \u00fa\u010dinkovali na Franz Liszt<br \/>\nfestivale vo Wiener Konzerthaus,Musikverein atd.Popri klasickej hudbe sa venuje aj hre na<br \/>\nbasgitare ,kde \u00fa\u010dinkoval s r\u00f4znimi slovensk\u00edmi a \u010desk\u00edmi umelcami,ale hlavne p\u00f4sob\u00ed spolu s<br \/>\nEugenom Boto\u0161om vo form\u00e1cii jazz- funkovej kapely \u201eFinally\u201c ,v ktorej p\u00f4sobia aj svetov\u00ed umelci<br \/>\nako je Eric Mariental(Elektric Band),Gary Bias(Earth,Wind and Fire),Eric Valentine<br \/>\n,Steve Lukather,kde spolu odohrali viacero koncertov doma a v zahrani\u010d\u00ed.V roku 2010 nahrali svoj<br \/>\ndebutov\u00fd album \u201eMy Space\u201c, na ktorom spolupracovali hviezdi ako Alain Caron,Harry<br \/>\nStojka,Janek Gwizdala ,Otmaro Ruiz,Peter Hor\u00e1th a Eric Marienthal.<\/p>\n","protected":false},"excerpt":{"rendered":"<p>Robert Vizv\u00e1ri \u0161tudoval na Konzervatoriu v Bratislave.Po\u010das \u0161t\u00fadia bol vybran\u00fd do Medzin\u00e1rodn\u00e9ho orchestra v Salzburgu,ako solo kontrabasista,kde pracoval pod veden\u00edm Lorda Yehudi Menuhina,Leopold Hagera a \u010dlenov Viede\u0148skej filharmonie.V roku 1995 z\u00edskal 1. cenu na celoslovenskej s\u00fa\u0165a\u017ei kontrabasistov.Od roku 1996 je &hellip; <a href=\"https:\/\/www.slovakdoublebassclub.com\/en\/robert-vizvari\/\">Continued<\/a><\/p>\n","protected":false},"author":2,"featured_media":0,"parent":0,"menu_order":0,"comment_status":"closed","ping_status":"closed","template":"","meta":{"ngg_post_thumbnail":0,"footnotes":""},"class_list":["post-277","page","type-page","status-publish","hentry"],"_links":{"self":[{"href":"https:\/\/www.slovakdoublebassclub.com\/en\/wp-json\/wp\/v2\/pages\/277","targetHints":{"allow":["GET"]}}],"collection":[{"href":"https:\/\/www.slovakdoublebassclub.com\/en\/wp-json\/wp\/v2\/pages"}],"about":[{"href":"https:\/\/www.slovakdoublebassclub.com\/en\/wp-json\/wp\/v2\/types\/page"}],"author":[{"embeddable":true,"href":"https:\/\/www.slovakdoublebassclub.com\/en\/wp-json\/wp\/v2\/users\/2"}],"replies":[{"embeddable":true,"href":"https:\/\/www.slovakdoublebassclub.com\/en\/wp-json\/wp\/v2\/comments?post=277"}],"version-history":[{"count":1,"href":"https:\/\/www.slovakdoublebassclub.com\/en\/wp-json\/wp\/v2\/pages\/277\/revisions"}],"predecessor-version":[{"id":1210,"href":"https:\/\/www.slovakdoublebassclub.com\/en\/wp-json\/wp\/v2\/pages\/277\/revisions\/1210"}],"wp:attachment":[{"href":"https:\/\/www.slovakdoublebassclub.com\/en\/wp-json\/wp\/v2\/media?parent=277"}],"curies":[{"name":"wp","href":"https:\/\/api.w.org\/{rel}","templated":true}]}}