{"id":27895,"date":"2024-04-01T10:40:42","date_gmt":"2024-04-01T08:40:42","guid":{"rendered":"https:\/\/www.slovakdoublebassclub.com\/?page_id=27895"},"modified":"2024-05-22T10:53:17","modified_gmt":"2024-05-22T08:53:17","slug":"music-camp-2024","status":"publish","type":"page","link":"https:\/\/www.slovakdoublebassclub.com\/en\/music-camp-2024\/","title":{"rendered":"MUSIC CAMP 2024"},"content":{"rendered":"<p style=\"text-align: center;\"><em><strong>V\u00e1\u017een\u00ed priatelia, mil\u00ed \u017eiaci. <\/strong><\/em><\/p>\n<p style=\"text-align: center;\"><em><strong>SDBC<\/strong><\/em> aj tento rok pripravilo eduka\u010dno vzdel\u00e1vac\u00ed projekt MUSIC CAMP 2024. Tentoraz je venovan\u00fd de\u0165om a dorastencom ktor\u00ed sa venuj\u00fa hre na violon\u010delo a kontrabas. <em><strong>Kona\u0165 sa bude v Senci v d\u0148och 23-26 m\u00e1ja 2024<\/strong><\/em>.<\/p>\n<p style=\"text-align: center;\">V\u0161etky info ni\u017e\u0161ie:<\/p>\n<p><a href=\"https:\/\/www.slovakdoublebassclub.com\/wp-content\/uploads\/2024\/05\/Music-Camp-2024.jpg\"><img loading=\"lazy\" decoding=\"async\" class=\"size-large wp-image-27884 aligncenter\" src=\"https:\/\/www.slovakdoublebassclub.com\/wp-content\/uploads\/2024\/05\/Music-Camp-2024-724x1024.jpg\" alt=\"\" width=\"724\" height=\"1024\" srcset=\"https:\/\/www.slovakdoublebassclub.com\/wp-content\/uploads\/2024\/05\/Music-Camp-2024-724x1024.jpg 724w, https:\/\/www.slovakdoublebassclub.com\/wp-content\/uploads\/2024\/05\/Music-Camp-2024-212x300.jpg 212w, https:\/\/www.slovakdoublebassclub.com\/wp-content\/uploads\/2024\/05\/Music-Camp-2024-768x1086.jpg 768w, https:\/\/www.slovakdoublebassclub.com\/wp-content\/uploads\/2024\/05\/Music-Camp-2024-600x849.jpg 600w, https:\/\/www.slovakdoublebassclub.com\/wp-content\/uploads\/2024\/05\/Music-Camp-2024.jpg 992w\" sizes=\"auto, (max-width: 724px) 100vw, 724px\" \/><\/a><\/p>\n<p>&nbsp;<\/p>\n<h3 style=\"text-align: center;\">Program:<\/h3>\n<p style=\"text-align: center;\"><strong>23.5 \u0160tvrtok\/ <em>Thursday<\/em><\/strong><\/p>\n<p style=\"text-align: center;\">9.00&nbsp; ra\u0148ajky\/ <em>breakfast<\/em><br \/>\n<strong>10-12 J\u00e1n Bogdan (SK) violoncello master class<\/strong><br \/>\n12-13 \u0161portov\u00e9 hry\/ <em>sport activities<\/em><br \/>\n13.00 obed\/ <em>lunch<\/em><br \/>\n15.00 sk\u00fa\u0161ka orchestra \/<em>orchestra rehearsal <\/em><br \/>\n18.00 ve\u010dera\/ <em>dinner<\/em><br \/>\n19.00 vo\u013en\u00fd program\/ <em>free program<\/em><\/p>\n<p>&nbsp;<\/p>\n<p style=\"text-align: center;\"><strong>24.5 Piatok\/ <em>Friday<\/em><\/strong><\/p>\n<p style=\"text-align: center;\">8.30 ra\u0148ajky\/ <em>breakfast<\/em><br \/>\n<strong>9-10 J\u00e1n Krigovsk\u00fd (SK) double bass + violoncello master class<\/strong><br \/>\n10.30- 12.00 ORCHESTER \/<em>ORCHESTRA<\/em><strong><br \/>\n<\/strong>12-13 vo\u013en\u00fd \u010das \/ <em>free time<\/em><br \/>\n13.00 obed\/ <em>lunch<\/em><br \/>\n<strong>14.00<\/strong> <strong>Belma Ali\u010d (BIH)<\/strong> <strong>violoncello master class<\/strong><br \/>\n15.30 ORCHESTER \/<em>ORCHESTRA<\/em> &nbsp; &nbsp; &nbsp; &nbsp; &nbsp;<br \/>\n18.00 ve\u010dera\/ <em>dinner<\/em><br \/>\n<strong>19.00 AQUAPARK SENEC<\/strong><br \/>\n21.00 vo\u013en\u00fd program\/ <em>free program<\/em><\/p>\n<p>&nbsp;<\/p>\n<p style=\"text-align: center;\"><strong>25.5 Sobota\/ <em>Saturday<\/em><\/strong><\/p>\n<p style=\"text-align: center;\">8.30 ra\u0148ajky\/ <em>breakfast<\/em><br \/>\n<strong>9-10 Jakub Stra\u010dina(SK) &amp; Pavol Ku\u0161\u00edk (SK) &nbsp;double bass master class\/ Labyrint<br \/>\n10.30-12 ORCHESTER<\/strong><br \/>\n12.00 obed\/ <em>lunch<\/em><br \/>\n13.00 cesta na hrad \u201e\u010cerven\u00fd kame\u0148\u201c\/ <em>travel to \u201e\u010cerven\u00fd kame\u0148\u201c castle<\/em><br \/>\n<strong>18.00 mal\u00fd koncert na ulici &#8220;Marathon Senec&#8221; \/ <em>concert on the street \u201eMarathon Senec\u201c<\/em><\/strong><br \/>\n18.00 ve\u010dera\/ <em>dinner in the Marathon restaurant<\/em><br \/>\n19.00 vo\u013en\u00fd program\/ <em>free program<\/em><\/p>\n<p>&nbsp;<\/p>\n<p style=\"text-align: center;\"><strong>26.5 Nede\u013ea\/ <em>Sunday<\/em><\/strong><\/p>\n<p style=\"text-align: center;\">9.00 ra\u0148ajky\/ <em>breakfast<\/em><br \/>\n9.30 cesta do Bratislavy\/ <em>travel to Bratislava<\/em><br \/>\n10.00 n\u00e1v\u0161teva mesta a hradu\/ <em>visit of the Bratislava city and castle<\/em><br \/>\n<strong>12.00 koncert na ulici\/ <em>concert on the street<\/em><\/strong><br \/>\n13.30 obed \/<em>lunch in Senec <\/em><br \/>\n16.00 gener\u00e1lka\/ <em>general rehearsal&nbsp;<\/em><br \/>\n<strong>17.00 Koncert na festivale MPI Labyrint Senec\/ <em>Concert at the festival MPI Senec<\/em><\/strong><br \/>\n19.00 ve\u010dera\/ <em>dinner<\/em><br \/>\n20.00 vo\u013en\u00fd program\/ <em>free program<\/em><\/p>\n<p>&nbsp;<\/p>\n<p style=\"text-align: center;\"><strong>27.5 Pondelok\/ <em>Monday<\/em><\/strong><\/p>\n<p style=\"text-align: center;\">9.30-11.30 <strong>Hummelova strunka\/ <em>\u201eHummelova strunka\u201c competition for stringed instruments<\/em><\/strong><br \/>\n&nbsp;&nbsp;&nbsp;&nbsp;&nbsp;&nbsp;&nbsp;&nbsp;&nbsp;&nbsp;&nbsp;&nbsp;&nbsp;&nbsp;&nbsp;&nbsp;&nbsp; MsKs Labyrint Senec<\/p>\n<hr>\n<div class=\"page\" title=\"Page 10\">\n<div class=\"section\">\n<div class=\"layoutArea\">\n<div class=\"column\">\n<p style=\"text-align: center;\"><strong>Z verejn\u00fdch zdrojov podporil Fond na podporu umenia\/ <\/strong><\/p>\n<p style=\"text-align: center;\">Supported using public funding by Slovak Arts Council<\/p>\n<\/div>\n<\/div>\n<\/div>\n<\/div>\n<h4 style=\"text-align: center;\"><a href=\"http:\/\/www.slovakdoublebassclub.com\/wp-content\/uploads\/2017\/02\/FPU_logo1_modre.jpg\"><img loading=\"lazy\" decoding=\"async\" class=\"aligncenter wp-image-4406 size-medium\" src=\"http:\/\/www.slovakdoublebassclub.com\/wp-content\/uploads\/2017\/02\/FPU_logo1_modre-300x225.jpg\" alt=\"\" width=\"300\" height=\"225\" srcset=\"https:\/\/www.slovakdoublebassclub.com\/wp-content\/uploads\/2017\/02\/FPU_logo1_modre-300x225.jpg 300w, https:\/\/www.slovakdoublebassclub.com\/wp-content\/uploads\/2017\/02\/FPU_logo1_modre-600x450.jpg 600w, https:\/\/www.slovakdoublebassclub.com\/wp-content\/uploads\/2017\/02\/FPU_logo1_modre-768x576.jpg 768w, https:\/\/www.slovakdoublebassclub.com\/wp-content\/uploads\/2017\/02\/FPU_logo1_modre-1024x768.jpg 1024w\" sizes=\"auto, (max-width: 300px) 100vw, 300px\" \/><\/a><\/h4>\n","protected":false},"excerpt":{"rendered":"<p>V\u00e1\u017een\u00ed priatelia, mil\u00ed \u017eiaci. SDBC aj tento rok pripravilo eduka\u010dno vzdel\u00e1vac\u00ed projekt MUSIC CAMP 2024. Tentoraz je venovan\u00fd de\u0165om a dorastencom ktor\u00ed sa venuj\u00fa hre na violon\u010delo a kontrabas. Kona\u0165 sa bude v Senci v d\u0148och 23-26 m\u00e1ja 2024. V\u0161etky &hellip; <a href=\"https:\/\/www.slovakdoublebassclub.com\/en\/music-camp-2024\/\">Continued<\/a><\/p>\n","protected":false},"author":5,"featured_media":27884,"parent":0,"menu_order":0,"comment_status":"closed","ping_status":"closed","template":"","meta":{"ngg_post_thumbnail":0,"footnotes":""},"class_list":["post-27895","page","type-page","status-publish","has-post-thumbnail","hentry"],"_links":{"self":[{"href":"https:\/\/www.slovakdoublebassclub.com\/en\/wp-json\/wp\/v2\/pages\/27895","targetHints":{"allow":["GET"]}}],"collection":[{"href":"https:\/\/www.slovakdoublebassclub.com\/en\/wp-json\/wp\/v2\/pages"}],"about":[{"href":"https:\/\/www.slovakdoublebassclub.com\/en\/wp-json\/wp\/v2\/types\/page"}],"author":[{"embeddable":true,"href":"https:\/\/www.slovakdoublebassclub.com\/en\/wp-json\/wp\/v2\/users\/5"}],"replies":[{"embeddable":true,"href":"https:\/\/www.slovakdoublebassclub.com\/en\/wp-json\/wp\/v2\/comments?post=27895"}],"version-history":[{"count":4,"href":"https:\/\/www.slovakdoublebassclub.com\/en\/wp-json\/wp\/v2\/pages\/27895\/revisions"}],"predecessor-version":[{"id":27901,"href":"https:\/\/www.slovakdoublebassclub.com\/en\/wp-json\/wp\/v2\/pages\/27895\/revisions\/27901"}],"wp:featuredmedia":[{"embeddable":true,"href":"https:\/\/www.slovakdoublebassclub.com\/en\/wp-json\/wp\/v2\/media\/27884"}],"wp:attachment":[{"href":"https:\/\/www.slovakdoublebassclub.com\/en\/wp-json\/wp\/v2\/media?parent=27895"}],"curies":[{"name":"wp","href":"https:\/\/api.w.org\/{rel}","templated":true}]}}