{"id":28113,"date":"2025-09-19T16:14:41","date_gmt":"2025-09-19T14:14:41","guid":{"rendered":"https:\/\/www.slovakdoublebassclub.com\/?page_id=28113"},"modified":"2025-09-19T16:45:05","modified_gmt":"2025-09-19T14:45:05","slug":"robert-grondzel","status":"publish","type":"page","link":"https:\/\/www.slovakdoublebassclub.com\/en\/robert-grondzel\/","title":{"rendered":"R\u00f3bert Grond\u017eel"},"content":{"rendered":"<h2 class=\"image-with-text__heading inline-richtext h2\" style=\"text-align: center;\"><a href=\"https:\/\/www.slovakdoublebassclub.com\/wp-content\/uploads\/2025\/08\/Robert_Grondzel_600x600_df62a5d5-636a-4e5b-b0bc-896138e26acb.png\"><img loading=\"lazy\" decoding=\"async\" class=\"wp-image-28071 aligncenter\" src=\"https:\/\/www.slovakdoublebassclub.com\/wp-content\/uploads\/2025\/08\/Robert_Grondzel_600x600_df62a5d5-636a-4e5b-b0bc-896138e26acb.png\" alt=\"\" width=\"362\" height=\"362\" srcset=\"https:\/\/www.slovakdoublebassclub.com\/wp-content\/uploads\/2025\/08\/Robert_Grondzel_600x600_df62a5d5-636a-4e5b-b0bc-896138e26acb.png 535w, https:\/\/www.slovakdoublebassclub.com\/wp-content\/uploads\/2025\/08\/Robert_Grondzel_600x600_df62a5d5-636a-4e5b-b0bc-896138e26acb-300x300.png 300w, https:\/\/www.slovakdoublebassclub.com\/wp-content\/uploads\/2025\/08\/Robert_Grondzel_600x600_df62a5d5-636a-4e5b-b0bc-896138e26acb-150x150.png 150w, https:\/\/www.slovakdoublebassclub.com\/wp-content\/uploads\/2025\/08\/Robert_Grondzel_600x600_df62a5d5-636a-4e5b-b0bc-896138e26acb-100x100.png 100w, https:\/\/www.slovakdoublebassclub.com\/wp-content\/uploads\/2025\/08\/Robert_Grondzel_600x600_df62a5d5-636a-4e5b-b0bc-896138e26acb-365x365.png 365w\" sizes=\"auto, (max-width: 362px) 100vw, 362px\" \/><\/a><\/h2>\n<div class=\"image-with-text__text rte body\">\n<p style=\"text-align: center;\"><span class=\"metafield-multi_line_text_field\">R\u00f3bert Grond\u017eel was born in Slovakia in 1977. He began his music education with Jozef Bik\u00e1r, who is the principal double bass player at the State Philharmonic Orchestra of Ko\u0161ice. Later, he enrolled at the Hochschule f\u00fcr K\u00fcnste in Bremen, Germany, where he studied under Stefan Adelmann, the principal double bass of the Bamberg Symphony Orchestra.<\/span><\/p>\n<p style=\"text-align: center;\">R\u00f3bert gained his first orchestral experience in 2001 as part of the Orchesterakademie at the Theater M\u00fcnster. In 2002, he made his debut with the Deutsche Oper Berlin. The following year, he was appointed second assistant principal double bass at the Museum Orchester Frankfurt, and in 2005, he received a permanent position as assistant principal double bass with the Danish National Opera.<\/p>\n<p style=\"text-align: center;\">Since 2008, R\u00f3bert has served as the principal double bass with the Beethoven Orchestra Bonn. This orchestra&#8217;s regular activities include opera, chamber music, educational concerts, as well as musicals and cross-genre performances, in addition to the standard repertoire.<\/p>\n<\/div>\n","protected":false},"excerpt":{"rendered":"<p>R\u00f3bert Grond\u017eel was born in Slovakia in 1977. He began his music education with Jozef Bik\u00e1r, who is the principal double bass player at the State Philharmonic Orchestra of Ko\u0161ice. Later, he enrolled at the Hochschule f\u00fcr K\u00fcnste in Bremen, &hellip; <a href=\"https:\/\/www.slovakdoublebassclub.com\/en\/robert-grondzel\/\">Continued<\/a><\/p>\n","protected":false},"author":5,"featured_media":28071,"parent":0,"menu_order":0,"comment_status":"closed","ping_status":"closed","template":"","meta":{"ngg_post_thumbnail":0,"footnotes":""},"class_list":["post-28113","page","type-page","status-publish","has-post-thumbnail","hentry"],"_links":{"self":[{"href":"https:\/\/www.slovakdoublebassclub.com\/en\/wp-json\/wp\/v2\/pages\/28113","targetHints":{"allow":["GET"]}}],"collection":[{"href":"https:\/\/www.slovakdoublebassclub.com\/en\/wp-json\/wp\/v2\/pages"}],"about":[{"href":"https:\/\/www.slovakdoublebassclub.com\/en\/wp-json\/wp\/v2\/types\/page"}],"author":[{"embeddable":true,"href":"https:\/\/www.slovakdoublebassclub.com\/en\/wp-json\/wp\/v2\/users\/5"}],"replies":[{"embeddable":true,"href":"https:\/\/www.slovakdoublebassclub.com\/en\/wp-json\/wp\/v2\/comments?post=28113"}],"version-history":[{"count":2,"href":"https:\/\/www.slovakdoublebassclub.com\/en\/wp-json\/wp\/v2\/pages\/28113\/revisions"}],"predecessor-version":[{"id":28133,"href":"https:\/\/www.slovakdoublebassclub.com\/en\/wp-json\/wp\/v2\/pages\/28113\/revisions\/28133"}],"wp:featuredmedia":[{"embeddable":true,"href":"https:\/\/www.slovakdoublebassclub.com\/en\/wp-json\/wp\/v2\/media\/28071"}],"wp:attachment":[{"href":"https:\/\/www.slovakdoublebassclub.com\/en\/wp-json\/wp\/v2\/media?parent=28113"}],"curies":[{"name":"wp","href":"https:\/\/api.w.org\/{rel}","templated":true}]}}