{"id":28115,"date":"2025-09-19T16:21:11","date_gmt":"2025-09-19T14:21:11","guid":{"rendered":"https:\/\/www.slovakdoublebassclub.com\/?page_id=28115"},"modified":"2025-09-19T16:21:11","modified_gmt":"2025-09-19T14:21:11","slug":"martin-ruman","status":"publish","type":"page","link":"https:\/\/www.slovakdoublebassclub.com\/en\/martin-ruman\/","title":{"rendered":"Martin Ruman"},"content":{"rendered":"<p style=\"text-align: center;\"><a href=\"https:\/\/www.slovakdoublebassclub.com\/wp-content\/uploads\/2025\/09\/Martin-Ruman.jpg\"><img loading=\"lazy\" decoding=\"async\" class=\"aligncenter wp-image-28116 \" src=\"https:\/\/www.slovakdoublebassclub.com\/wp-content\/uploads\/2025\/09\/Martin-Ruman-300x200.jpg\" alt=\"\" width=\"374\" height=\"249\" srcset=\"https:\/\/www.slovakdoublebassclub.com\/wp-content\/uploads\/2025\/09\/Martin-Ruman-300x200.jpg 300w, https:\/\/www.slovakdoublebassclub.com\/wp-content\/uploads\/2025\/09\/Martin-Ruman-768x511.jpg 768w, https:\/\/www.slovakdoublebassclub.com\/wp-content\/uploads\/2025\/09\/Martin-Ruman-600x400.jpg 600w, https:\/\/www.slovakdoublebassclub.com\/wp-content\/uploads\/2025\/09\/Martin-Ruman.jpg 1000w\" sizes=\"auto, (max-width: 374px) 100vw, 374px\" \/><\/a><\/p>\n<p style=\"text-align: center;\">\u2013 od r. 2012 \u010dlen Slovenskej filharm\u00f3nie, kde zast\u00e1va post s\u00f3lo violistu. Je akt\u00edvnym komorn\u00fdm hr\u00e1\u010dom, ako s\u00f3lista \u00fa\u010dinkoval s popredn\u00fdmi slovensk\u00fdmi telesami (Slovensk\u00e1 filharm\u00f3nia, SKO B. Warchala, Cappella Istropolitana, Sinfonietta Bratislava).<\/p>\n<p style=\"text-align: center;\">Rod\u00e1k z Prievidze a absolvent tamoj\u0161ieho Piaristick\u00e9ho gymn\u00e1zia F. Han\u00e1ka \u0161tudoval na Konzervat\u00f3riu v Bratislave (K. Klatt), na Pra\u017eskom konzervat\u00f3riu (K. Dole\u017eal), na V\u0160MU v Bratislave (J. Ho\u0161ek), u A. Zemtsova vo Viedni a na Akad\u00e9mii umen\u00ed v B. Bystrici (E. Danel).<\/p>\n<p style=\"text-align: center;\">Z\u00fa\u010dastnil sa na majstrovsk\u00fdch interpreta\u010dn\u00fdch kurzoch pod veden\u00edm osobnost\u00ed ako G. Karni, H. Schlichtig, A. Arad, M. Zemtsov, J. Dinerstein, V. Buka\u010d a S. Baer. Po\u010das \u0161t\u00fadia v Prahe vystupoval ako s\u00f3lista a komorn\u00fd hr\u00e1\u010d (Komorn\u00fd orchester P. Haasa, orchester Berg a i.). Je laure\u00e1tom S\u00fa\u0165a\u017ee \u0161tudentov konzervat\u00f3ri\u00ed Slovenskej republiky, medzin\u00e1rodnej s\u00fa\u0165a\u017ee Talenty pre Eur\u00f3pu, S\u00fa\u0165a\u017enej prehliadky konzervat\u00f3ri\u00ed \u010ceskej republiky.<\/p>\n<p style=\"text-align: center;\">\u00da\u010dinkoval s Moyzesov\u00fdm i Muchov\u00fdm kvartetom, je \u010dlenom s\u00faboru Collegium Wartberg. Pravidelne spolupracuje s renomovan\u00fdmi dom\u00e1cimi i zahrani\u010dn\u00fdmi umelcami (Sh. Ashkenasi, Zh. Qian, Y. Revich, A. A\u00f1azco, I. van Keulen, D. Rowland, P. Barrag\u00e1n, J. Lupt\u00e1k, B. Lenko, M. Pa\u013ea, I. Kar\u0161ko, J. Tomka a \u010f.). Vzdelanie si roz\u0161\u00edril na Hudobnej a umeleckej univerzite mesta Viede\u0148, p\u00f4sob\u00ed ako lektor Slovensk\u00e9ho ml\u00e1de\u017en\u00edckeho orchestra a akad\u00e9mie festivalu Konvergencie, kde je pravideln\u00fdm hos\u0165om.<\/p>\n<p style=\"text-align: center;\">Pedagogicky p\u00f4sob\u00ed na Konzervat\u00f3riu v Bratislave, \u00fa\u010dinkuje v komornom duu s klaviristkou A. Hu\u010dkovou.&nbsp;<\/p>\n","protected":false},"excerpt":{"rendered":"<p>\u2013 od r. 2012 \u010dlen Slovenskej filharm\u00f3nie, kde zast\u00e1va post s\u00f3lo violistu. Je akt\u00edvnym komorn\u00fdm hr\u00e1\u010dom, ako s\u00f3lista \u00fa\u010dinkoval s popredn\u00fdmi slovensk\u00fdmi telesami (Slovensk\u00e1 filharm\u00f3nia, SKO B. Warchala, Cappella Istropolitana, Sinfonietta Bratislava). Rod\u00e1k z Prievidze a absolvent tamoj\u0161ieho Piaristick\u00e9ho gymn\u00e1zia &hellip; <a href=\"https:\/\/www.slovakdoublebassclub.com\/en\/martin-ruman\/\">Continued<\/a><\/p>\n","protected":false},"author":5,"featured_media":28116,"parent":0,"menu_order":0,"comment_status":"closed","ping_status":"closed","template":"","meta":{"ngg_post_thumbnail":0,"footnotes":""},"class_list":["post-28115","page","type-page","status-publish","has-post-thumbnail","hentry"],"_links":{"self":[{"href":"https:\/\/www.slovakdoublebassclub.com\/en\/wp-json\/wp\/v2\/pages\/28115","targetHints":{"allow":["GET"]}}],"collection":[{"href":"https:\/\/www.slovakdoublebassclub.com\/en\/wp-json\/wp\/v2\/pages"}],"about":[{"href":"https:\/\/www.slovakdoublebassclub.com\/en\/wp-json\/wp\/v2\/types\/page"}],"author":[{"embeddable":true,"href":"https:\/\/www.slovakdoublebassclub.com\/en\/wp-json\/wp\/v2\/users\/5"}],"replies":[{"embeddable":true,"href":"https:\/\/www.slovakdoublebassclub.com\/en\/wp-json\/wp\/v2\/comments?post=28115"}],"version-history":[{"count":1,"href":"https:\/\/www.slovakdoublebassclub.com\/en\/wp-json\/wp\/v2\/pages\/28115\/revisions"}],"predecessor-version":[{"id":28117,"href":"https:\/\/www.slovakdoublebassclub.com\/en\/wp-json\/wp\/v2\/pages\/28115\/revisions\/28117"}],"wp:featuredmedia":[{"embeddable":true,"href":"https:\/\/www.slovakdoublebassclub.com\/en\/wp-json\/wp\/v2\/media\/28116"}],"wp:attachment":[{"href":"https:\/\/www.slovakdoublebassclub.com\/en\/wp-json\/wp\/v2\/media?parent=28115"}],"curies":[{"name":"wp","href":"https:\/\/api.w.org\/{rel}","templated":true}]}}