{"id":3360,"date":"2015-03-04T00:02:22","date_gmt":"2015-03-03T23:02:22","guid":{"rendered":"http:\/\/www.slovakdoublebassclub.com\/?page_id=3360"},"modified":"2018-09-28T00:33:42","modified_gmt":"2018-09-27T22:33:42","slug":"juraj-griglak","status":"publish","type":"page","link":"https:\/\/www.slovakdoublebassclub.com\/en\/juraj-griglak\/","title":{"rendered":"Juraj Grigl\u00e1k"},"content":{"rendered":"<h6 style=\"text-align: justify;\"><a href=\"http:\/\/www.slovakdoublebassclub.com\/wp-content\/uploads\/2015\/03\/Juraj-Griglak_foto_Anna_Raitl_1.jpg\"><img loading=\"lazy\" decoding=\"async\" class=\" wp-image-3361 aligncenter\" src=\"http:\/\/www.slovakdoublebassclub.com\/wp-content\/uploads\/2015\/03\/Juraj-Griglak_foto_Anna_Raitl_1.jpg\" alt=\"Juraj Griglak_foto_Anna_Raitl_1\" width=\"239\" height=\"360\" srcset=\"https:\/\/www.slovakdoublebassclub.com\/wp-content\/uploads\/2015\/03\/Juraj-Griglak_foto_Anna_Raitl_1.jpg 399w, https:\/\/www.slovakdoublebassclub.com\/wp-content\/uploads\/2015\/03\/Juraj-Griglak_foto_Anna_Raitl_1-199x300.jpg 199w\" sizes=\"auto, (max-width: 239px) 100vw, 239px\" \/><\/a><\/h6>\n<p style=\"text-align: justify;\">Born to a family of musicians, his father played clarinet in the Czechoslovak Radio Symphony Orchestra and his mother sang in S\u013dUK Folk song and Dance Ensemble.&nbsp; Juraj studied piano at a primary music school and at the age of twelve, he began playing drums and guitar. With such variety of interests, his father decided he would study double bass at the Bratislava Conservatory (1978-1984). At the conservatory, he played in funk groups Tamis and Tagore, The Bratislava Conservatory Big Band,&nbsp; Martin Kratochv\u00edl\u2019s Jazz Q, Esprit band and Vlado Valovi\u010d\u2019s VV System (performed on Copenhagen Jazz Festival 1987). Between 1987 and 1991, he furthered his studies of double bass at the Academy of Music and Dramatic Arts in Bratislava, and played with professional bands \u2013 the Czechoslovak Radio Big Band and the Czechoslovak Television Big Band. He scored success as a member of the fusion music group, Stop Time (led by Mat\u00fa\u0161 Jakabcic). The group performed at several Jazz festivals\u2014 Jazz in Duketown (Hertogenbosch, Holand) and Jazz festival Aix en Provance (France). He has appeared repeatedly at the Bratislava Jazz Festival. Many people still remember his jam session with Stanley Clark at BJF (1985).<br \/>\nIn the early nineties he played in ASH Band and The Quartet. With The Quartet, he recorded the CD &#8220;Alice in Jazzland (1992),&#8221; the music of which reflects the mainstream of the nineties. The group performed to high acclaim in the Czech and Slovak Republics. Juraj also is a very successful studio musician having recorded about 60 CDs. He appeared on the profile CD of Madre (1994), he played in the Mat\u00fa\u0161 Jakab\u010dic Tentet and recorded with them the CD &#8220;Mat\u00fa\u0161 Jakab\u010dic Tentet,\u201d featuring Greg Hopkins (1998).<\/p>\n<p style=\"text-align: justify;\">In 2000, he recorded his first CD \u201cBass Friends\u201d with special guest from New York, Ron Affif. The CD \u201cBass Friends\u201d was highly evaluated by the very well known and internationally acclaimed magazine \u201cBass Player.\u201d&nbsp; The composition \u201cCodfish,&#8221; a track from the CD, has been featured on the \u201cCD Sampler Station,&#8221; released by another respected US magazine \u201cBassics,&#8221; as a recommended new release alongside such bass greats as Marcus Miller, Matt Garrison and Ray Brown.&nbsp; In 1994, the Slovak Jazz Association awarded him with the Ladislav Marton\u00edk Prize \u201cJazzman of the Year.\u201d<\/p>\n<p style=\"text-align: justify;\">He teaches jazz workshops: 12th International XXXL JAZZ Workshop 2001 Innsbruck &#8211; Tyrol-Austria,&nbsp;International Jazz Workshop Jazz and Wine Summer 2000 \u2014 \u201902, Poysdorf -Austria,&nbsp;International Czech Jazz Workshops 2008 \u2014 \u201913,&nbsp;Jazz Workshop Leszno, Poland<\/p>\n<p style=\"text-align: justify;\">He is Sadowsky player.<\/p>\n<p style=\"text-align: justify;\"><a href=\"http:\/\/www.sadowsky.com\/artists\/index.html\" target=\"_blank\" rel=\"noopener\">&nbsp;http:\/\/www.sadowsky.com\/artists\/index.html<\/a><\/p>\n<p style=\"text-align: justify;\">Juraj divides his time between jazz and classical music. In 1988, he toured Europe with&nbsp;the Gustav Mahler Youth Orchestra conducted by Claudio Abbado, V\u00e1clav Neumann and&nbsp;James Judd.<\/p>\n<p style=\"text-align: justify;\">Since 1991 he is a member of the Slovak Philharmonic Orchestra. Whith S.P.O. he&nbsp;performed in most European countries, Japan, South Korea and the United States.&nbsp;Presently he playing with his band Juraj Griglak &amp; Company, Anita Soul, Martin&nbsp;Valihora trio, Boris Cellar trio, Miss Moravia<a href=\"http:\/\/www.missmoravia.com\/\" target=\"_blank\" rel=\"noopener\">&nbsp;\u2014 www.missmoravia.com&nbsp;<\/a>He occasionally working with New York guitarist Ron Affif, Frank McComb and Poogie&nbsp;Bell Band (European tours 2012,13.)<\/p>","protected":false},"excerpt":{"rendered":"<p>Born to a family of musicians, his father played clarinet in the Czechoslovak Radio Symphony Orchestra and his mother sang in S\u013dUK Folk song and Dance Ensemble.&nbsp; Juraj studied piano at a primary music school and at the age of &hellip; <a href=\"https:\/\/www.slovakdoublebassclub.com\/en\/juraj-griglak\/\">Continued<\/a><\/p>\n","protected":false},"author":5,"featured_media":0,"parent":0,"menu_order":0,"comment_status":"closed","ping_status":"open","template":"","meta":{"ngg_post_thumbnail":0,"footnotes":""},"class_list":["post-3360","page","type-page","status-publish","hentry"],"_links":{"self":[{"href":"https:\/\/www.slovakdoublebassclub.com\/en\/wp-json\/wp\/v2\/pages\/3360","targetHints":{"allow":["GET"]}}],"collection":[{"href":"https:\/\/www.slovakdoublebassclub.com\/en\/wp-json\/wp\/v2\/pages"}],"about":[{"href":"https:\/\/www.slovakdoublebassclub.com\/en\/wp-json\/wp\/v2\/types\/page"}],"author":[{"embeddable":true,"href":"https:\/\/www.slovakdoublebassclub.com\/en\/wp-json\/wp\/v2\/users\/5"}],"replies":[{"embeddable":true,"href":"https:\/\/www.slovakdoublebassclub.com\/en\/wp-json\/wp\/v2\/comments?post=3360"}],"version-history":[{"count":3,"href":"https:\/\/www.slovakdoublebassclub.com\/en\/wp-json\/wp\/v2\/pages\/3360\/revisions"}],"predecessor-version":[{"id":4888,"href":"https:\/\/www.slovakdoublebassclub.com\/en\/wp-json\/wp\/v2\/pages\/3360\/revisions\/4888"}],"wp:attachment":[{"href":"https:\/\/www.slovakdoublebassclub.com\/en\/wp-json\/wp\/v2\/media?parent=3360"}],"curies":[{"name":"wp","href":"https:\/\/api.w.org\/{rel}","templated":true}]}}