{"id":3398,"date":"2015-03-04T00:43:29","date_gmt":"2015-03-03T23:43:29","guid":{"rendered":"http:\/\/www.slovakdoublebassclub.com\/?page_id=3398"},"modified":"2015-03-19T00:15:21","modified_gmt":"2015-03-18T23:15:21","slug":"ivica-gabrisova","status":"publish","type":"page","link":"https:\/\/www.slovakdoublebassclub.com\/en\/ivica-gabrisova\/","title":{"rendered":"Ivica Gabri\u0161ov\u00e1"},"content":{"rendered":"<p style=\"text-align: justify;\"><a href=\"http:\/\/www.slovakdoublebassclub.com\/wp-content\/uploads\/2015\/03\/Ivica-Gabri\u0161ov\u00e1.jpg\"><img loading=\"lazy\" decoding=\"async\" class=\" wp-image-3399 aligncenter\" src=\"http:\/\/www.slovakdoublebassclub.com\/wp-content\/uploads\/2015\/03\/Ivica-Gabri\u0161ov\u00e1.jpg\" alt=\"Ivica Gabri\u0161ov\u00e1\" width=\"200\" height=\"300\" \/><\/a><\/p>\n<p class=\"prvy\" style=\"text-align: justify;\">Geboren 1976 in Bratislava\/Slowakei, erhielt mit 13 Jahren den ersten Fl\u00f6tenunterricht bei Valeria B\u00e1novsk\u00e1. Nach dem Studium am Konservatorium in Bratislava folgten weitere Studien an der Franz-Liszt-Akademie in Ungarn bei Gyula Cset\u00e9nyi und am Mozarteum in Salzburg bei Michael Kofler.<\/p>\n<p style=\"text-align: justify;\">Orchestererfahrungen sammelte sie an der Akademie der M\u00fcnchner Philharmoniker, am Mozarteum Salzburg, an der Salzburger Kammerphilharmonie, an der Pressburger Philharmonie, im Symphonieorchester des Slowakischen Rundfunks und in der Capella Istropolitana. Als Solistin wirkte sie mit in der Jungen Philharmonie Salzburg, in der Capella Istropolitana und beim Orchester der Staatsoper Banska Bystrica.<\/p>\n<p style=\"text-align: justify;\">Als Mitglied des DUO CORDEFIATO (Fl\u00f6te und Gitarre) musiziert sie zusammen mit Miriam Rodriguez- Br\u00fcllova auch auf kammermusikalische Weise. Das Duo konzertiert mittlerweile in ganz Europa und in der Slowakei. Eine CD mit dem Titel \u201ePictures\u201c dokumentiert ihr musikalisches Schaffen. Ihre Zusammenarbeit mit vielen bedeutenden Musikern in verschiedenen Kammerbesetzungen, ihre zahlreichen Rezital-Klavierkonzerte, Aufnahmen beim Slowakischen Rundfunk und beim Tschechischen Rundfunk sowie Konzerte in Europa, Japan und China runden ihr musikalisches Schaffen ab.<\/p>\n<p style=\"text-align: justify;\">Fl\u00f6tenunterricht erteilt sie am Kirchlichen Konservatorium in Bratislava und leitet dort den Fachbereich Blas-, Schlag- und Streichinstrumente.<\/p>\n<p style=\"text-align: justify;\">Sie ist Initiatorin und Mitbegr\u00fcnderin des Internationalen Wettbewerbs f\u00fcr Junge Fl\u00f6tisten \u201eFlautiada\u201c, dem ersten Wettbewerb dieser Art in der Slowakei.<\/p>\n<hr \/>\n<p><a href=\"http:\/\/www.gabrisova.com\/\">http:\/\/www.gabrisova.com\/<\/a>","protected":false},"excerpt":{"rendered":"<p>Geboren 1976 in Bratislava\/Slowakei, erhielt mit 13 Jahren den ersten Fl\u00f6tenunterricht bei Valeria B\u00e1novsk\u00e1. Nach dem Studium am Konservatorium in Bratislava folgten weitere Studien an der Franz-Liszt-Akademie in Ungarn bei Gyula Cset\u00e9nyi und am Mozarteum in Salzburg bei Michael Kofler. &hellip; <a href=\"https:\/\/www.slovakdoublebassclub.com\/en\/ivica-gabrisova\/\">Continued<\/a><\/p>\n","protected":false},"author":5,"featured_media":0,"parent":0,"menu_order":0,"comment_status":"closed","ping_status":"open","template":"","meta":{"ngg_post_thumbnail":0,"footnotes":""},"class_list":["post-3398","page","type-page","status-publish","hentry"],"_links":{"self":[{"href":"https:\/\/www.slovakdoublebassclub.com\/en\/wp-json\/wp\/v2\/pages\/3398","targetHints":{"allow":["GET"]}}],"collection":[{"href":"https:\/\/www.slovakdoublebassclub.com\/en\/wp-json\/wp\/v2\/pages"}],"about":[{"href":"https:\/\/www.slovakdoublebassclub.com\/en\/wp-json\/wp\/v2\/types\/page"}],"author":[{"embeddable":true,"href":"https:\/\/www.slovakdoublebassclub.com\/en\/wp-json\/wp\/v2\/users\/5"}],"replies":[{"embeddable":true,"href":"https:\/\/www.slovakdoublebassclub.com\/en\/wp-json\/wp\/v2\/comments?post=3398"}],"version-history":[{"count":2,"href":"https:\/\/www.slovakdoublebassclub.com\/en\/wp-json\/wp\/v2\/pages\/3398\/revisions"}],"predecessor-version":[{"id":3637,"href":"https:\/\/www.slovakdoublebassclub.com\/en\/wp-json\/wp\/v2\/pages\/3398\/revisions\/3637"}],"wp:attachment":[{"href":"https:\/\/www.slovakdoublebassclub.com\/en\/wp-json\/wp\/v2\/media?parent=3398"}],"curies":[{"name":"wp","href":"https:\/\/api.w.org\/{rel}","templated":true}]}}