{"id":3447,"date":"2015-03-05T00:25:48","date_gmt":"2015-03-04T23:25:48","guid":{"rendered":"http:\/\/www.slovakdoublebassclub.com\/?page_id=3447"},"modified":"2015-09-18T22:42:33","modified_gmt":"2015-09-18T20:42:33","slug":"competition-rules-2015","status":"publish","type":"page","link":"https:\/\/www.slovakdoublebassclub.com\/en\/competition-rules-2015\/","title":{"rendered":"Competition rules, categories and repertoir 2015"},"content":{"rendered":"<i><a href=\"http:\/\/www.slovakdoublebassclub.com\/wp-content\/uploads\/2014\/09\/IMG_114.jpg\"><img loading=\"lazy\" decoding=\"async\" class=\"aligncenter wp-image-2598\" src=\"http:\/\/www.slovakdoublebassclub.com\/wp-content\/uploads\/2014\/09\/IMG_114.jpg\" alt=\"IMG_114\" width=\"500\" height=\"334\" srcset=\"https:\/\/www.slovakdoublebassclub.com\/wp-content\/uploads\/2014\/09\/IMG_114.jpg 1000w, https:\/\/www.slovakdoublebassclub.com\/wp-content\/uploads\/2014\/09\/IMG_114-600x400.jpg 600w, https:\/\/www.slovakdoublebassclub.com\/wp-content\/uploads\/2014\/09\/IMG_114-300x200.jpg 300w\" sizes=\"auto, (max-width: 500px) 100vw, 500px\" \/><\/a><\/i><\/p>\n<hr \/>\n<h4 style=\"text-align: center;\"><i>\u00a0<strong>deadline 1. september 2015<\/strong><\/i><\/h4>\n<hr \/>\n<h4 style=\"text-align: center;\"><strong>Competition rules<\/strong><\/h4>\n<hr \/>\n<h4 style=\"text-align: center;\"><\/h4>\n<p style=\"text-align: center;\"><strong>One of the most important rule and the mail point of the organizers of the international Double Bass competitin of C. D. von Dittersdorf is to preserve for the objective appraising of all participants.<\/strong><\/p>\n<hr \/>\n<h4 style=\"text-align: center;\"><strong>Competition categories and repertoire the year\u00a02015:<\/strong><\/h4>\n<hr \/>\n<h4 style=\"text-align: center;\"><\/h4>\n<h4 style=\"text-align: center;\"><\/h4>\n<h4 style=\"text-align: center;\"><strong>I. category:\u00a0pupils of primary music schools:<\/strong><\/h4>\n<h4 style=\"text-align: center;\"><a href=\"http:\/\/www.slovakdoublebassclub.com\/wp-content\/uploads\/2015\/03\/IMG_082.jpg\"><img loading=\"lazy\" decoding=\"async\" class=\"aligncenter wp-image-3720\" src=\"http:\/\/www.slovakdoublebassclub.com\/wp-content\/uploads\/2015\/03\/IMG_082.jpg\" alt=\"IMG_082\" width=\"500\" height=\"334\" srcset=\"https:\/\/www.slovakdoublebassclub.com\/wp-content\/uploads\/2015\/03\/IMG_082.jpg 1000w, https:\/\/www.slovakdoublebassclub.com\/wp-content\/uploads\/2015\/03\/IMG_082-600x400.jpg 600w, https:\/\/www.slovakdoublebassclub.com\/wp-content\/uploads\/2015\/03\/IMG_082-300x200.jpg 300w\" sizes=\"auto, (max-width: 500px) 100vw, 500px\" \/><\/a><b><\/b><\/h4>\n<p style=\"text-align: center;\">repertoir:<strong>\u00a0<\/strong><\/p>\n<p style=\"text-align: center;\"><strong>one song, or piece for double bass solo, or with piano accompaniment max. 5 min<\/strong><\/p>\n<hr \/>\n<h4 style=\"text-align: center;\"><\/h4>\n<h4 style=\"text-align: center;\"><strong>II. category:\u00a0students of conservatories<\/strong><\/h4>\n<p><a href=\"http:\/\/www.slovakdoublebassclub.com\/wp-content\/uploads\/2015\/03\/IMG_1451.jpg\"><img loading=\"lazy\" decoding=\"async\" class=\"aligncenter wp-image-3721\" src=\"http:\/\/www.slovakdoublebassclub.com\/wp-content\/uploads\/2015\/03\/IMG_1451.jpg\" alt=\"IMG_145\" width=\"500\" height=\"334\" srcset=\"https:\/\/www.slovakdoublebassclub.com\/wp-content\/uploads\/2015\/03\/IMG_1451.jpg 1000w, https:\/\/www.slovakdoublebassclub.com\/wp-content\/uploads\/2015\/03\/IMG_1451-600x400.jpg 600w, https:\/\/www.slovakdoublebassclub.com\/wp-content\/uploads\/2015\/03\/IMG_1451-300x200.jpg 300w\" sizes=\"auto, (max-width: 500px) 100vw, 500px\" \/><\/a><\/p>\n<hr \/>\n<h5 style=\"text-align: center;\"><span style=\"text-decoration: underline;\"><b>II. A &#8211; category 15 \u2013 18 years:\u00a0<\/b><b>date of birth from 27. 9. 1997<\/b>\u00a0<\/span><i><\/i><\/h5>\n<p style=\"text-align: center;\">Repertoir:<\/p>\n<p style=\"text-align: center;\"><span style=\"text-decoration: underline;\"><strong>1st round<\/strong><\/span><\/p>\n<p style=\"text-align: center;\"><strong>\u00a0piece of free choice max. 5 min <\/strong>(solo or with accompaniment)<\/p>\n<p style=\"text-align: center;\"><strong>obligatory piece: <em>Tibor Fre\u0161o &#8211; mal\u00e1 fant\u00e1zia <\/em><\/strong>&#8211;<strong>\u00a0<i>\u00a0<\/i><\/strong><i><a href=\"http:\/\/www.slovakdoublebassclub.com\/wp-content\/uploads\/2015\/03\/Freso-Fantazia.zip\">download <strong>HERE!<\/strong><\/a><\/i><\/p>\n<p style=\"text-align: center;\">piano part for solo tuned double bass <em><a href=\"http:\/\/www.slovakdoublebassclub.com\/wp-content\/uploads\/2015\/08\/T.-Fre\u0161o-piano-part-for-solo-tuned-DB.zip\">download <strong>HERE!<\/strong><\/a><\/em><\/p>\n<p style=\"text-align: center;\"><span style=\"text-decoration: underline;\"><strong>2nd round<\/strong><\/span><\/p>\n<p style=\"text-align: center;\"><strong>fast movement from sonata or concert (baroque, classicism)<\/strong><\/p>\n<hr \/>\n<h5 style=\"text-align: center;\"><span style=\"text-decoration: underline;\"><b>II. B &#8211; category 18 and higher:<\/b>\u00a0date of the birth till\u00a0<b>27. 9. 1997<\/b><\/span><\/h5>\n<p style=\"text-align: center;\">Repertoir:<\/p>\n<p style=\"text-align: center;\"><span style=\"text-decoration: underline;\"><strong>1st round<\/strong><\/span><\/p>\n<p style=\"text-align: center;\"><strong>piece of free choice max. 5 min <\/strong>(solo or with accompaniment)<\/p>\n<p style=\"text-align: center;\"><strong>obligatory piece: \u013dudov\u00edt Rajter: Sonat\u00edna pre kontrabas a klav\u00edr &#8211; 1. movement <\/strong><\/p>\n<p style=\"text-align: center;\"><strong><a href=\"http:\/\/www.slovakdoublebassclub.com\/wp-content\/uploads\/2015\/04\/ll.B-\u013d.-Rajter-.-Sonatina-pre-kontrabas-a-klav\u00edr-1.\u010das\u0165.zip\">solo part\u00a0<\/a><\/strong><a href=\"http:\/\/www.slovakdoublebassclub.com\/wp-content\/uploads\/2015\/04\/ll.B-\u013d.-Rajter-.-Sonatina-pre-kontrabas-a-klav\u00edr-1.\u010das\u0165.zip\"><em>download <strong>HERE!<\/strong><\/em><\/a><strong>\u00a0<\/strong><\/p>\n<p style=\"text-align: center;\"><a href=\"http:\/\/www.slovakdoublebassclub.com\/wp-content\/uploads\/2015\/05\/\u013d.-Rajter-Sonat\u00edna.pdf\"><strong>piano part<\/strong> <em>download <strong>HERE!<\/strong><\/em><\/a><\/p>\n<p style=\"text-align: center;\"><span style=\"text-decoration: underline;\"><strong>2nd round<\/strong><\/span><\/p>\n<p style=\"text-align: center;\">\u00a0\u00a0<b>1st and 2nd movement from s<\/b><b>onata or concerto<\/b><b>\u00a0from Baroque or Classicism period<\/b><\/p>\n<hr \/>\n<h4 style=\"text-align: center;\"><\/h4>\n<h4 style=\"text-align: center;\"><strong>III. category: \u00a0students of universities and music academies<\/strong><i><\/i><\/h4>\n<p><a href=\"http:\/\/www.slovakdoublebassclub.com\/wp-content\/uploads\/2015\/03\/IMG_140.jpg\"><img loading=\"lazy\" decoding=\"async\" class=\"aligncenter wp-image-3722\" src=\"http:\/\/www.slovakdoublebassclub.com\/wp-content\/uploads\/2015\/03\/IMG_140.jpg\" alt=\"IMG_140\" width=\"500\" height=\"334\" srcset=\"https:\/\/www.slovakdoublebassclub.com\/wp-content\/uploads\/2015\/03\/IMG_140.jpg 1000w, https:\/\/www.slovakdoublebassclub.com\/wp-content\/uploads\/2015\/03\/IMG_140-600x400.jpg 600w, https:\/\/www.slovakdoublebassclub.com\/wp-content\/uploads\/2015\/03\/IMG_140-300x200.jpg 300w\" sizes=\"auto, (max-width: 500px) 100vw, 500px\" \/><\/a><\/p>\n<hr \/>\n<h5 style=\"text-align: center;\"><span style=\"text-decoration: underline;\"><strong>III. A category 18 &#8211; 21 years: date of the birth from 27.9. 1994<\/strong><\/span><\/h5>\n<p style=\"text-align: center;\">Repertoir:<\/p>\n<p style=\"text-align: center;\"><span style=\"text-decoration: underline;\"><strong>1st round<\/strong><\/span><\/p>\n<p style=\"text-align: center;\"><strong>piece of free choice max. 5 min <\/strong>(solo or with accompaniment)<\/p>\n<p style=\"text-align: center;\"><strong>obligatory piece: <a href=\"http:\/\/www.slovakdoublebassclub.com\/?p=3788\">Viktor Fortin<\/a>:<\/strong><b><i>\u00a0<a href=\"http:\/\/www.slovakdoublebassclub.com\/?p=3783\">\u201eToccata f\u00fcr kontrabas und piano<\/a><\/i><\/b><strong><a href=\"http:\/\/www.slovakdoublebassclub.com\/?p=3783\"><i>\u201c\u00a0download HERE!<\/i><\/a><\/strong><\/p>\n<p style=\"text-align: center;\"><span style=\"text-decoration: underline;\"><strong>2nd round<\/strong><\/span><\/p>\n<p style=\"text-align: center;\">\u00a0<strong>1st and 2nd movement from classicism Sonata or Concerto (without cadenza)<\/strong><\/p>\n<hr \/>\n<h5 style=\"text-align: center;\"><span style=\"text-decoration: underline;\"><strong>III. B category 21 &#8211; and higher, date of birth till 27.9. 1994<\/strong><\/span><\/h5>\n<p style=\"text-align: center;\">Repertoir:<\/p>\n<p style=\"text-align: center;\"><span style=\"text-decoration: underline;\"><strong>1st round<\/strong><\/span><\/p>\n<p style=\"text-align: center;\">\u00a0<strong>virtuose piece<\/strong><\/p>\n<p style=\"text-align: center;\"><strong>obligatory piece: <a href=\"http:\/\/www.slovakdoublebassclub.com\/?p=3788\">Viktor Fortin<\/a>:<\/strong><b><i>\u00a0<a href=\"http:\/\/www.slovakdoublebassclub.com\/?p=3783\">\u201eToccata f\u00fcr kontrabas und piano<\/a><\/i><\/b><a href=\"http:\/\/www.slovakdoublebassclub.com\/?p=3783\"><i>\u201c <strong>dowload HERE!<\/strong><\/i><\/a><\/p>\n<p style=\"text-align: center;\"><strong>2nd. possibility new obligatory composition: <a href=\"http:\/\/www.slovakdoublebassclub.com\/wp-content\/uploads\/2015\/08\/Paluch-Remone-Score_and_parts.pdf\">Stano Pal\u00fach: <em>&#8220;Remone&#8221; download HERE!<\/em><\/a><\/strong><i>\u00a0<\/i><\/p>\n<p style=\"text-align: center;\">\u00a0 \u00a0 \u00a0 <strong><a href=\"http:\/\/www.slovakdoublebassclub.com\/wp-content\/uploads\/2015\/09\/S.-Paluch-Remone-piano-part-solo-tuning.pdf\">Stano Pal\u00fach: <em>&#8220;Remone&#8221;<\/em> <em>piano part solo tuning! download HERE!<\/em><\/a><\/strong><\/p>\n<p style=\"text-align: center;\">\/2nd obligatory composition is also available <strong>from 1st. of august<\/strong>, depending of short time you can choose also this composition\/<\/p>\n<p style=\"text-align: center;\"><span style=\"text-decoration: underline;\"><strong>2nd round<\/strong><\/span>:<\/p>\n<p style=\"text-align: center;\"><strong>1st and 2nd movement from classicism Sonata or Concerto (without cadenza)<\/strong><\/p>\n<h4 style=\"text-align: center;\"><\/h4>\n<h4 style=\"text-align: center;\">\u00a0<strong>Points and valuational criteria<\/strong><\/h4>\n<hr \/>\n<h4 style=\"text-align: center;\"><\/h4>\n<p style=\"text-align: center;\"><strong>The jury of competition will rate each participant in accordance to the point system from 0-5 point, following valuational criteria:<\/strong><\/p>\n<h5 style=\"text-align: center;\"><strong>\u00a0<\/strong><\/h5>\n<p style=\"text-align: center;\"><strong>1, technical skills \u00a0 \u00a0 \u00a0 \u00a0 \u00a0 \u00a0 \u00a0 \u00a0 \u00a0 \u00a0 \u00a0 \u00a0 \u00a0 \u00a0 \u00a00 -5\u00a0points<\/strong><\/p>\n<p style=\"text-align: center;\"><strong>2, intonation flexibility \u00a0 \u00a0 \u00a0 \u00a0 \u00a0 \u00a0 \u00a0 \u00a0 \u00a0 \u00a0 \u00a00 -5\u00a0points<\/strong><\/p>\n<p style=\"text-align: center;\"><strong>3, interpretation style \u00a0 \u00a0 \u00a0 \u00a0 \u00a0 \u00a0 \u00a0 \u00a0 \u00a0 \u00a0 \u00a0 \u00a00 -5\u00a0points<\/strong><\/p>\n<p style=\"text-align: center;\"><strong>4,\u00a0musical forwardnees \u00a0 \u00a0 \u00a0 \u00a0 \u00a0 \u00a0 \u00a0 \u00a0 \u00a0 \u00a0\u00a00 -5\u00a0points<\/strong><\/p>\n<p style=\"text-align: center;\"><strong>5, communication skills \u00a0 \u00a0 \u00a0 \u00a0 \u00a0 \u00a0 \u00a0 \u00a0 \u00a0 \u00a00 -5\u00a0points<\/strong><\/p>\n<p style=\"text-align: center;\"><strong><i>Together: \u00a0 \u00a0 \u00a0 \u00a0 \u00a0 \u00a0 \u00a0 \u00a0 \u00a0 \u00a0 \u00a0 \u00a0 \u00a0 \u00a0 \u00a0 \u00a0 \u00a0 \u00a0 \u00a0 \u00a0\u00a0<\/i>max. 25 points<\/strong><\/p>\n<p style=\"text-align: center;\"><strong><i>Special apperacion of point from 0-5, will be in the third category for the obligatory composition.\u00a0<\/i><\/strong><\/p>\n<p style=\"text-align: center;\"><i>\u00a0<\/i><i> \u00a0 \u00a0 \u00a0 \u00a0 \u00a0<\/i><\/p>\n<p style=\"margin-bottom: 18.0pt; text-align: center;\" align=\"center\"><strong><span style=\"font-family: 'Georgia','serif'; color: black;\">All results are public!<\/span><\/strong><\/p>\n<hr \/>\n<h4 align=\"center\">\u00a0Jury for the year 2015<b>:<\/b><\/h4>\n<hr \/>\n<h4><\/h4>\n<h5 style=\"text-align: center;\">Chairman of the jury: Thomas Martin (UK)<\/h5>\n<p style=\"text-align: center;\"><b>Members<\/b>: J\u00e1n Krigovsk\u00fd (SK), Thiery Barb\u00e9 (FR), Roman Patkol\u00f3 (SK\/CH), Radoslav \u0160a\u0161ina (SK), Franti\u0161ek Szanto (SK\/CH), Robert Ragan (SK), Herbert Mayr (AT), Irena Olkiewicz (PL), David Sinclair (FR\/CH), Klaus Trumph (DE), Zsolt Ferejv\u00e1ri (HU), Jacek Nedziela- Meira (PL), Vlado \u017datko (SK\/DE)<\/p>\n<p style=\"text-align: center;\"><strong>Honorable member of the jury: Stanislav Pal\u00fach<\/strong><strong> \u2013 <em>jazzman, violinist, aranger and composer \u2013 autor of obligatory composition for the year 2015<\/em><\/strong><\/p>\n<hr \/>\n<h4><\/h4>\n<p><a href=\"http:\/\/www.slovakdoublebassclub.com\/registration\/\">Online registration<\/a><\/p>\n<p><a href=\"http:\/\/www.slovakdoublebassclub.com\/SK\/prices-2015\/\">Prices of competition 2015<\/a><\/p>\n<p>obligatory compositions 2015","protected":false},"excerpt":{"rendered":"<p>\u00a0deadline 1. september 2015 Competition rules One of the most important rule and the mail point of the organizers of the international Double Bass competitin of C. D. von Dittersdorf is to preserve for the objective appraising of all participants. &hellip; <a href=\"https:\/\/www.slovakdoublebassclub.com\/en\/competition-rules-2015\/\">Continued<\/a><\/p>\n","protected":false},"author":5,"featured_media":0,"parent":0,"menu_order":0,"comment_status":"closed","ping_status":"open","template":"","meta":{"ngg_post_thumbnail":0,"footnotes":""},"class_list":["post-3447","page","type-page","status-publish","hentry"],"_links":{"self":[{"href":"https:\/\/www.slovakdoublebassclub.com\/en\/wp-json\/wp\/v2\/pages\/3447","targetHints":{"allow":["GET"]}}],"collection":[{"href":"https:\/\/www.slovakdoublebassclub.com\/en\/wp-json\/wp\/v2\/pages"}],"about":[{"href":"https:\/\/www.slovakdoublebassclub.com\/en\/wp-json\/wp\/v2\/types\/page"}],"author":[{"embeddable":true,"href":"https:\/\/www.slovakdoublebassclub.com\/en\/wp-json\/wp\/v2\/users\/5"}],"replies":[{"embeddable":true,"href":"https:\/\/www.slovakdoublebassclub.com\/en\/wp-json\/wp\/v2\/comments?post=3447"}],"version-history":[{"count":66,"href":"https:\/\/www.slovakdoublebassclub.com\/en\/wp-json\/wp\/v2\/pages\/3447\/revisions"}],"predecessor-version":[{"id":3991,"href":"https:\/\/www.slovakdoublebassclub.com\/en\/wp-json\/wp\/v2\/pages\/3447\/revisions\/3991"}],"wp:attachment":[{"href":"https:\/\/www.slovakdoublebassclub.com\/en\/wp-json\/wp\/v2\/media?parent=3447"}],"curies":[{"name":"wp","href":"https:\/\/api.w.org\/{rel}","templated":true}]}}