{"id":3640,"date":"2015-03-19T00:28:52","date_gmt":"2015-03-18T23:28:52","guid":{"rendered":"http:\/\/www.slovakdoublebassclub.com\/?page_id=3640"},"modified":"2015-03-19T00:28:52","modified_gmt":"2015-03-18T23:28:52","slug":"juraj-bartos-2","status":"publish","type":"page","link":"https:\/\/www.slovakdoublebassclub.com\/en\/juraj-bartos-2\/","title":{"rendered":"Juraj Barto\u0161"},"content":{"rendered":"<a href=\"http:\/\/www.slovakdoublebassclub.com\/wp-content\/uploads\/2015\/03\/Barto\u0161.jpg\"><img loading=\"lazy\" decoding=\"async\" class=\" size-full wp-image-3641 aligncenter\" src=\"http:\/\/www.slovakdoublebassclub.com\/wp-content\/uploads\/2015\/03\/Barto\u0161.jpg\" alt=\"Barto\u0161\" width=\"350\" height=\"259\" srcset=\"https:\/\/www.slovakdoublebassclub.com\/wp-content\/uploads\/2015\/03\/Barto\u0161.jpg 350w, https:\/\/www.slovakdoublebassclub.com\/wp-content\/uploads\/2015\/03\/Barto\u0161-300x222.jpg 300w\" sizes=\"auto, (max-width: 350px) 100vw, 350px\" \/><\/a><\/p>\n<p style=\"text-align: justify;\">One of the leading figures of the Slovak music scene with high credit even beyond the borders of the country, trumpeter and arranger dedicated to jazz and classical music. He studied at the Academy of Performing Arts in Bratislava and he took courses of Brass Meeting in Grieskirchen (P. Thibauld, A. van Rooyer). In the `80s he was a member of the Bratislava Big Band and the Peter Lipa Combo, during 1988-1993 he was playing in the Emil Viklick\u00fd Quartet (which was Dizzy Gillespie`s opening act). In 1990 he founded the successful ensemble Bratislava Hot Serenaders focusing on the interpretation of American jazz and hot dance music from the `20s and the `30s and the Slovak dance music with jazz elements. In the `90s he played in The Quartet (Barto\u0161, \u0160kuta, Zele\u0148\u00e1k) and in the \u0160t\u011bp\u00e1n Markovi\u010d`s Jazz Face, later in the Hot House Quintet (since 2002), since 1996 he has been a member of the Gustav Brom Orchestra. He also performed with the Vienna Art Orchestra. As a member of the Ray Charles Orchestra he accompanied the singers L. Minnelli and Shirley Bassey on their international tours. During his career Juraj Barto\u0161 received a number of national and international awards (the Prague Spring Competition finalist, laureate of the International Competition of young performers during the Bratislava Music Festival, prizes of the Slovakia Music Fund, Ladislav Marton\u00edk Prize, the Jazz K\u00e1ja prize and other.) As a soloist he performed with the Slovak Philharmonic, the Slovak State Philharmonic Ko\u0161ice, the Slovak Radio Symphony Orchestra and the Zl\u00edn Philharmonic Orchestra. In 2012 he played with the organist J. V. Michalko at the Prague Spring Festival. J. Barto\u0161 has cooperated at the national and the international level with a number of renowned artists both from the world of jazz and classical music, his art can be heard on dozens of recordings.<\/p>\n<p>&nbsp;<\/p>\n<p>&nbsp;","protected":false},"excerpt":{"rendered":"<p>One of the leading figures of the Slovak music scene with high credit even beyond the borders of the country, trumpeter and arranger dedicated to jazz and classical music. He studied at the Academy of Performing Arts in Bratislava and &hellip; <a href=\"https:\/\/www.slovakdoublebassclub.com\/en\/juraj-bartos-2\/\">Continued<\/a><\/p>\n","protected":false},"author":5,"featured_media":0,"parent":0,"menu_order":0,"comment_status":"closed","ping_status":"open","template":"","meta":{"ngg_post_thumbnail":0,"footnotes":""},"class_list":["post-3640","page","type-page","status-publish","hentry"],"_links":{"self":[{"href":"https:\/\/www.slovakdoublebassclub.com\/en\/wp-json\/wp\/v2\/pages\/3640","targetHints":{"allow":["GET"]}}],"collection":[{"href":"https:\/\/www.slovakdoublebassclub.com\/en\/wp-json\/wp\/v2\/pages"}],"about":[{"href":"https:\/\/www.slovakdoublebassclub.com\/en\/wp-json\/wp\/v2\/types\/page"}],"author":[{"embeddable":true,"href":"https:\/\/www.slovakdoublebassclub.com\/en\/wp-json\/wp\/v2\/users\/5"}],"replies":[{"embeddable":true,"href":"https:\/\/www.slovakdoublebassclub.com\/en\/wp-json\/wp\/v2\/comments?post=3640"}],"version-history":[{"count":1,"href":"https:\/\/www.slovakdoublebassclub.com\/en\/wp-json\/wp\/v2\/pages\/3640\/revisions"}],"predecessor-version":[{"id":3642,"href":"https:\/\/www.slovakdoublebassclub.com\/en\/wp-json\/wp\/v2\/pages\/3640\/revisions\/3642"}],"wp:attachment":[{"href":"https:\/\/www.slovakdoublebassclub.com\/en\/wp-json\/wp\/v2\/media?parent=3640"}],"curies":[{"name":"wp","href":"https:\/\/api.w.org\/{rel}","templated":true}]}}