{"id":3788,"date":"2015-06-06T23:47:32","date_gmt":"2015-06-06T21:47:32","guid":{"rendered":"http:\/\/www.slovakdoublebassclub.com\/?page_id=3788"},"modified":"2015-06-06T23:54:15","modified_gmt":"2015-06-06T21:54:15","slug":"viktor-fortin","status":"publish","type":"page","link":"https:\/\/www.slovakdoublebassclub.com\/en\/viktor-fortin\/","title":{"rendered":"Viktor Fortin"},"content":{"rendered":"<a href=\"http:\/\/www.slovakdoublebassclub.com\/wp-content\/uploads\/2015\/06\/Viktor-Fortin.jpg\"><img loading=\"lazy\" decoding=\"async\" class=\"aligncenter wp-image-3789\" src=\"http:\/\/www.slovakdoublebassclub.com\/wp-content\/uploads\/2015\/06\/Viktor-Fortin-217x300.jpg\" alt=\"Viktor Fortin\" width=\"305\" height=\"422\" srcset=\"https:\/\/www.slovakdoublebassclub.com\/wp-content\/uploads\/2015\/06\/Viktor-Fortin-217x300.jpg 217w, https:\/\/www.slovakdoublebassclub.com\/wp-content\/uploads\/2015\/06\/Viktor-Fortin-600x831.jpg 600w, https:\/\/www.slovakdoublebassclub.com\/wp-content\/uploads\/2015\/06\/Viktor-Fortin-739x1024.jpg 739w, https:\/\/www.slovakdoublebassclub.com\/wp-content\/uploads\/2015\/06\/Viktor-Fortin.jpg 1535w\" sizes=\"auto, (max-width: 305px) 100vw, 305px\" \/><\/a><\/p>\n<p style=\"text-align: justify;\">Geboren am 14. 5. 1936 in Fohnsdorf, Steiermark, dort bis 1956 G\u00e4rtner im elterlichen Betrieb. Dann Beginn des Musikstudiums am Konservatorium Graz: Klavier, Fagott, Blockfl\u00f6te, Komposition (bei Waldemar Bloch). Doktorat Musikwissenschaft und Germanistik, 1979 Ernennung zum Ordentlichen Universit\u00e4tsprofessor, Goldenes Ehrenzeichendes Landes Steiermark. 2004: Emeritierung. 2005: Wahl zum Ehrenpr\u00e4sidenten des Steirischen Tonk\u00fcnstlerbundes.<\/p>\n<p style=\"text-align: justify;\">Zunehmend nationale und internationale Erfolge als Komponist von Kammermusik, Chor-, Orchester- und B\u00fchnenwerken. 1994\/95: \u201eOhhh Pinocchio!\u201c in den Opernh\u00e4usern Graz, 1999-2001 in Tartu (Estland) und 2003-08 in Krakau. 2007: \u201eFranz J\u00e4gerst\u00e4tter\u201c in Graz und in Linz. 2011: &#8220;Pinocchio und der Fl\u00f6tenspieler&#8221; in Winterthur (Schweiz), &#8220;Alice im Wunderland&#8221; in Salzburg, Konzert f\u00fcr Steirische Harmonika und Symphonieorchester, UA. 2013 in St. Petersburg; Kinderoper \u201e Tausendbl\u00fctennarr\u201c UA. im Next Liberty, Graz. Konzert f\u00fcr Blockfl\u00f6te und Blasorchester, UA. 2014 in Sindelfingen. \u201eKapfenberger Symphonie\u201c (2. Symph.), UA.: Januar 2015 in Kapfenberg.<\/p>\n<p style=\"text-align: justify;\">An die 50 Notenpublikationen bei \u00f6sterreichischen und deutschen Verlagen. Siehe auch <a href=\"http:\/\/www.fortin.at\">www.fortin.at<\/a><\/p>\n<ol style=\"text-align: justify;\">\n<li>F. \u00fcber seine Musik<em>: Ich sitze mit Erfolg zwischen den zwei St\u00fchlen der sogenannten E- und U-Musik, wobei ich seit je versuche, die \u201eUnterhaltungsmusik\u201c so ernst und die \u201eErnste\u201c so unterhaltend wie m\u00f6glich zu gestalten.<\/em><\/li>\n<\/ol>\n<p style=\"text-align: justify;\"><em>Die Emeritierung \u2013 und damit das Zur\u00fccktreten aus dem Lehrberuf &#8211; sehe ich als willkommene Chance, mich auf dem Gebiet der Komposition lustvoll und inspiriert weiter zu bet\u00e4tigen.<\/em><\/p>\n<p style=\"text-align: justify;\"><em>\u00a0<\/em><\/p>\n<p style=\"text-align: justify;\">Zur Toccata f\u00fcr Kontrabass und Klavier:<\/p>\n<p style=\"text-align: justify;\">Entstanden im Februar 2014. Es existieren zwei unterschiedliche Versionen dieses Werks: Die meines Erachtens interessantere geht zur\u00fcck auf den slowakischen Kontrabassisten J\u00e1n Krigovsk\u00fd, den ich um eine Beurteilung des (bereits fertig gestellten) Werkes bat, da ich noch nie etwas Solistisches f\u00fcr Kontrabass geschrieben hatte. Es besteht in der Hauptsache aus raschen, virtuosen Repetitionen im Kontrabass, wobei an einzelnen Stellen raffinierte, metrische \u00a0Schwerpunkt-.Verschiebungen auftreten. Wie der Name nahelegt, ein virtuoses St\u00fcck, in welchem der Interpret, die Interpretin am Bass gefordert ist.<\/p>","protected":false},"excerpt":{"rendered":"<p>Geboren am 14. 5. 1936 in Fohnsdorf, Steiermark, dort bis 1956 G\u00e4rtner im elterlichen Betrieb. Dann Beginn des Musikstudiums am Konservatorium Graz: Klavier, Fagott, Blockfl\u00f6te, Komposition (bei Waldemar Bloch). Doktorat Musikwissenschaft und Germanistik, 1979 Ernennung zum Ordentlichen Universit\u00e4tsprofessor, Goldenes Ehrenzeichendes &hellip; <a href=\"https:\/\/www.slovakdoublebassclub.com\/en\/viktor-fortin\/\">Continued<\/a><\/p>\n","protected":false},"author":5,"featured_media":0,"parent":0,"menu_order":0,"comment_status":"closed","ping_status":"open","template":"","meta":{"ngg_post_thumbnail":0,"footnotes":""},"class_list":["post-3788","page","type-page","status-publish","hentry"],"_links":{"self":[{"href":"https:\/\/www.slovakdoublebassclub.com\/en\/wp-json\/wp\/v2\/pages\/3788","targetHints":{"allow":["GET"]}}],"collection":[{"href":"https:\/\/www.slovakdoublebassclub.com\/en\/wp-json\/wp\/v2\/pages"}],"about":[{"href":"https:\/\/www.slovakdoublebassclub.com\/en\/wp-json\/wp\/v2\/types\/page"}],"author":[{"embeddable":true,"href":"https:\/\/www.slovakdoublebassclub.com\/en\/wp-json\/wp\/v2\/users\/5"}],"replies":[{"embeddable":true,"href":"https:\/\/www.slovakdoublebassclub.com\/en\/wp-json\/wp\/v2\/comments?post=3788"}],"version-history":[{"count":2,"href":"https:\/\/www.slovakdoublebassclub.com\/en\/wp-json\/wp\/v2\/pages\/3788\/revisions"}],"predecessor-version":[{"id":3793,"href":"https:\/\/www.slovakdoublebassclub.com\/en\/wp-json\/wp\/v2\/pages\/3788\/revisions\/3793"}],"wp:attachment":[{"href":"https:\/\/www.slovakdoublebassclub.com\/en\/wp-json\/wp\/v2\/media?parent=3788"}],"curies":[{"name":"wp","href":"https:\/\/api.w.org\/{rel}","templated":true}]}}