{"id":4020,"date":"2016-03-21T10:46:08","date_gmt":"2016-03-21T09:46:08","guid":{"rendered":"http:\/\/www.slovakdoublebassclub.com\/?page_id=4020"},"modified":"2016-03-26T11:48:42","modified_gmt":"2016-03-26T10:48:42","slug":"musica-perennis-iuventutis-2016","status":"publish","type":"page","link":"https:\/\/www.slovakdoublebassclub.com\/en\/musica-perennis-iuventutis-2016\/","title":{"rendered":"Musica Perennis Iuventutis 2016"},"content":{"rendered":"<h5 style=\"text-align: center;\">this site is available only in Slovak language&#8230;<\/h5>\n<h3 style=\"text-align: center;\">Musica Perennis Iuventutis 2016<\/h3>\n<h3 style=\"text-align: center;\">\u201eve\u010dn\u00e1 hudba mlad\u00fdch\u201c<\/h3>\n<h3 style=\"text-align: center;\">celoro\u010dn\u00fd benefi\u010dn\u00fd hudobn\u00fd festival<\/h3>\n<p>Festival <strong>Musica Perennis Iuventutis 2016<\/strong> je 5. ro\u010dn\u00edk celoro\u010dn\u00e9ho hudobn\u00e9ho festivalu zameran\u00e9ho na podporu koncertn\u00e9ho \u017eivota v\u00a0meste Senec, Ve\u013ek\u00fd Bie\u013e a\u00a0okol\u00ed. Reprezentuje umeleck\u00e9 aktivity <strong>mlad\u00fdch slovensk\u00fdch umelcov<\/strong>, otv\u00e1ra priestor pre <strong>umeleck\u00fa tvorbu a reflexiu, \u00a0obohacuje kult\u00farne aktivity<\/strong>. Svoj\u00edm region\u00e1lnym charakterom sa sna\u017e\u00ed vyplni\u0165 medzeru v\u00a0<strong>koncertnom \u017eivote<\/strong> v\u00a0meste Senec a\u00a0okol\u00ed. Prin\u00e1\u0161a profesion\u00e1lne kult\u00farne aktivity vo forme s\u00e9rie <strong>koncertov<\/strong> a\u00a0kult\u00farnych akci\u00ed po\u010das cel\u00e9ho roka 2016.<\/p>\n<p>Festival je \u017e\u00e1nrovo rozdelen\u00fd na viacero koncertov, ktor\u00e9 sa \u00fa\u010delovo striedaj\u00fa, navz\u00e1jom dop\u013a\u0148aj\u00fa a nes\u00fa v\u00a0sebe pestros\u0165 hudobn\u00fdch \u017e\u00e1nrov. \u00a0<strong>Pon\u00faka barokov\u00fa a klasicistick\u00fa hudbu na origin\u00e1lnych dobov\u00fdch n\u00e1strojoch, romantick\u00fa hudbu<\/strong> na s\u00fa\u010dasn\u00fdch n\u00e1strojoch, <strong>jazz, world music, folkl\u00f3r<\/strong> a\u00a0in\u00e9 zauj\u00edmav\u00e9 a\u00a0<strong>netradi\u010dn\u00e9 hudobn\u00e9 form\u00e1cie<\/strong>\u00a0. Participuj\u00fa na nich predov\u0161etk\u00fdm dom\u00e1ci hudobn\u00edci v\u00a0spolupr\u00e1ci s\u00a0<strong>renomovan\u00fdmi telesami, s\u00f3listami a\u00a0umelcami z\u00a0celej Eur\u00f3py.<\/strong><br \/>\nFestival <strong>Musica Perennis Iuventutis 2016<\/strong> m\u00e1 hlbok\u00fd <strong>soci\u00e1lny rozmer<\/strong>, ke\u010f\u017ee ka\u017ed\u00fd v\u00fd\u0165a\u017eok z\u00a0koncertov a\u00a0jeho aktiv\u00edt\u00a0 je venovan\u00fd na konkr\u00e9tnu soci\u00e1lnu pomoc. Jednou z\u00a0hlavn\u00fdch my\u0161lienok festivalu je i tento rok <strong>benef\u00edcia<\/strong>. V\u00fd\u0165a\u017eky z\u00a0koncertov bud\u00fa pou\u017eit\u00e9 pre charity, ob\u010dianske zdru\u017eenia a\u00a0soci\u00e1lne znev\u00fdhodnen\u00e9 skupiny obyvate\u013eov, taktie\u017e na\u00a0in\u00e9 neziskov\u00e9 dobro\u010dinn\u00e9 zdru\u017eenia doma i\u00a0v zahrani\u010d\u00ed.<\/p>\n<p><strong><u>Program Festivalu<\/u><\/strong><strong><u>:<\/u><\/strong><\/p>\n<p><strong>Janu\u00e1r:\u00a0<\/strong><\/p>\n<p><strong>24.1.2016<\/strong> o\u00a0 16.00 kostol sv. Mikul\u00e1\u0161a, Senec<\/p>\n<p>Solamente naturali<\/p>\n<p>\u201eBarokov\u00e1 zbierka z Luben\u00edka\u201c<\/p>\n<p><strong>Febru\u00e1r:<\/strong><\/p>\n<p><strong>27.2.2016<\/strong> o 16.00 \u2013 ka\u0161tie\u013e Ve\u013ek\u00fd Biel<\/p>\n<p><strong>Rafael Catal\u00e1 trio<\/strong><\/p>\n<p>Rafael Catal\u00e1- gitara<\/p>\n<p>Hrvoje Rubci\u010d- perkusie<\/p>\n<p>J\u00e1n Krigovsk\u00fd- kontrabas<\/p>\n<p><strong>\u00a0<\/strong><\/p>\n<p><strong>Marec:<\/strong><\/p>\n<p>24.3\u2013\u00a0 o 20.00\u00a0 kostol sv. Mikul\u00e1\u0161a, Senec<\/p>\n<p>Haydn \u2013\u201eSedem slov spasite\u013ea na kr\u00ed\u017ei\u201c<\/p>\n<p>Collegium Wartberg<\/p>\n<p><strong>Apr\u00edl:<\/strong><\/p>\n<p><strong>01.4.:\u00a0<\/strong><\/p>\n<p>ka\u0161tie\u013e Ve\u013ek\u00fd Bie\u013e<\/p>\n<p>Solamente Naturali<\/p>\n<p><strong>\u201eGlobus\u201c<\/strong><\/p>\n<p><strong>17.4. \u00a0<\/strong><\/p>\n<p>ka\u0161tie\u013e Ve\u013ek\u00fd Bie\u013e<\/p>\n<p>kontrabasov\u00fd recit\u00e1l<\/p>\n<p><strong>\u201eKontrabas na Slovensku od 18.str\u201c\u00a0<\/strong><\/p>\n<p>J\u00e1n Krigovsk\u00fd- kontrabas<\/p>\n<p>Daniel Buranovsk\u00fd- klav\u00edr<\/p>\n<p><strong>M\u00e1j:\u00a0<\/strong><\/p>\n<p>13,14-15.5.\u00a0 <strong>\u017eidovsk\u00e1 synag\u00f3ga, kostol sv. Mikul\u00e1\u0161a &#8211; Senec<\/strong><\/p>\n<p>Hudobn\u00fd maraton \u2013 \u00ab farby Slovenska \u00bb<br \/>\n\u201eSen\u010dania Sen\u010danom\u201c<\/p>\n<p>Program\u00a0:<\/p>\n<p><strong>S\u013euk, Art Music Orchestra &amp; L\u00fa\u010dnica, \u010cavorenge &amp; Ida Kellarov\u00e1, Pu\u013es, Presburger Klezmer Band Ghymes<\/strong><\/p>\n<p><strong>J\u00fan\u00a0:<\/strong><\/p>\n<p><strong>12.6.<\/strong> <strong>2016<\/strong> &#8211; 18.00<\/p>\n<p>ka\u0161tie\u013e Ve\u013ek\u00fd Bie\u013e<\/p>\n<p>J.S.Bach \u2013 \u00ab\u00a0Goldbergove vari\u00e1cie pre \u010dembalo \u00ab<\/p>\n<p>Erich Traxler \u2013 \u010dembalo solo<\/p>\n<p><strong>J\u00fal\u00a0<\/strong><\/p>\n<p><strong>5.7<\/strong> <strong>2016<\/strong>\u2013\u00a0 19.00 ev.kostol Senec<\/p>\n<p>\u201csviatok sv. Cyrila a Metoda\u201d<\/p>\n<p>\u00ab\u00a0Stabat Mater\u00a0\u00bb<\/p>\n<p>Collegium Wartberg<\/p>\n<p><strong>\u00a0<\/strong><\/p>\n<p><strong>August:<\/strong><\/p>\n<p><strong>4-10.8 2016<\/strong><\/p>\n<p>ka\u0161tie\u013e Ve\u013ek\u00fd Bie\u013e<\/p>\n<p><strong>\u201eMusic Camp\u201d\u00a0<\/strong><\/p>\n<p><strong>September:\u00a0<\/strong><\/p>\n<p><strong>24.9. 2016<\/strong> \u2013 o 19.00 ka\u0161tie\u013e Ve\u013ek\u00fd Bie\u013e<\/p>\n<p>\u00ab\u00a0 Vivaldi blue grass superstar\u00a0\u00bb<\/p>\n<p>Collegium Wartberg + Karvay+ Paluch<\/p>\n<p><strong>Okt\u00f3ber:\u00a0<\/strong><\/p>\n<p><strong>9.10.2016<\/strong> \u2013 o 16.00 kostol sv. Mikul\u00e1\u0161a, Senec<\/p>\n<p>Lotz trio<\/p>\n<p>Dru\u017eeck\u00fd<\/p>\n<p><strong>\u00a0<\/strong><\/p>\n<p><strong>November:\u00a0<\/strong><\/p>\n<p><strong>13.11.2016<\/strong> o 16.00 kostol sv. Mikul\u00e1\u0161a, Senec<\/p>\n<p><strong>\u201eHudobnicky rod Harvanovcov\u201c<\/strong> \u00a04<\/p>\n<p>Collegium Wartberg Young<\/p>\n<p><strong>\u00a0<\/strong><\/p>\n<p><strong>December\u00a0:<br \/>\n4.12.2016<\/strong> \u2013 kostol sv. Mikul\u00e1\u0161a, Senec<\/p>\n<p>Mikul\u00e1\u0161sky koncert<\/p>\n<p><strong>Mucha quartet<\/strong><\/p>\n<p>J\u00e1n Krigovsk\u00fd ,<\/p>\n<p>Program\u00a0:Dvo\u0159\u00e1k, Bottesini","protected":false},"excerpt":{"rendered":"<p>this site is available only in Slovak language&#8230; Musica Perennis Iuventutis 2016 \u201eve\u010dn\u00e1 hudba mlad\u00fdch\u201c celoro\u010dn\u00fd benefi\u010dn\u00fd hudobn\u00fd festival Festival Musica Perennis Iuventutis 2016 je 5. ro\u010dn\u00edk celoro\u010dn\u00e9ho hudobn\u00e9ho festivalu zameran\u00e9ho na podporu koncertn\u00e9ho \u017eivota v\u00a0meste Senec, Ve\u013ek\u00fd Bie\u013e a\u00a0okol\u00ed. &hellip; <a href=\"https:\/\/www.slovakdoublebassclub.com\/en\/musica-perennis-iuventutis-2016\/\">Continued<\/a><\/p>\n","protected":false},"author":5,"featured_media":4033,"parent":0,"menu_order":0,"comment_status":"closed","ping_status":"closed","template":"","meta":{"ngg_post_thumbnail":0,"footnotes":""},"class_list":["post-4020","page","type-page","status-publish","has-post-thumbnail","hentry"],"_links":{"self":[{"href":"https:\/\/www.slovakdoublebassclub.com\/en\/wp-json\/wp\/v2\/pages\/4020","targetHints":{"allow":["GET"]}}],"collection":[{"href":"https:\/\/www.slovakdoublebassclub.com\/en\/wp-json\/wp\/v2\/pages"}],"about":[{"href":"https:\/\/www.slovakdoublebassclub.com\/en\/wp-json\/wp\/v2\/types\/page"}],"author":[{"embeddable":true,"href":"https:\/\/www.slovakdoublebassclub.com\/en\/wp-json\/wp\/v2\/users\/5"}],"replies":[{"embeddable":true,"href":"https:\/\/www.slovakdoublebassclub.com\/en\/wp-json\/wp\/v2\/comments?post=4020"}],"version-history":[{"count":2,"href":"https:\/\/www.slovakdoublebassclub.com\/en\/wp-json\/wp\/v2\/pages\/4020\/revisions"}],"predecessor-version":[{"id":4038,"href":"https:\/\/www.slovakdoublebassclub.com\/en\/wp-json\/wp\/v2\/pages\/4020\/revisions\/4038"}],"wp:featuredmedia":[{"embeddable":true,"href":"https:\/\/www.slovakdoublebassclub.com\/en\/wp-json\/wp\/v2\/media\/4033"}],"wp:attachment":[{"href":"https:\/\/www.slovakdoublebassclub.com\/en\/wp-json\/wp\/v2\/media?parent=4020"}],"curies":[{"name":"wp","href":"https:\/\/api.w.org\/{rel}","templated":true}]}}