{"id":4103,"date":"2016-07-10T18:08:42","date_gmt":"2016-07-10T16:08:42","guid":{"rendered":"http:\/\/www.slovakdoublebassclub.com\/?page_id=4103"},"modified":"2017-05-26T13:51:37","modified_gmt":"2017-05-26T11:51:37","slug":"acomodation-2016","status":"publish","type":"page","link":"https:\/\/www.slovakdoublebassclub.com\/en\/acomodation-2016\/","title":{"rendered":"Acomodation 2017"},"content":{"rendered":"<h4 style=\"text-align: center;\"><strong>Accomodation<br \/>\n<\/strong><\/h4>\n<p><a href=\"http:\/\/www.slovakdoublebassclub.com\/wp-content\/uploads\/2017\/01\/BASSFEST2017_FB-180x180_01.jpg\"><img loading=\"lazy\" decoding=\"async\" class=\"size-full wp-image-4452 aligncenter\" src=\"http:\/\/www.slovakdoublebassclub.com\/wp-content\/uploads\/2017\/01\/BASSFEST2017_FB-180x180_01.jpg\" alt=\"\" width=\"180\" height=\"180\" srcset=\"https:\/\/www.slovakdoublebassclub.com\/wp-content\/uploads\/2017\/01\/BASSFEST2017_FB-180x180_01.jpg 180w, https:\/\/www.slovakdoublebassclub.com\/wp-content\/uploads\/2017\/01\/BASSFEST2017_FB-180x180_01-100x100.jpg 100w, https:\/\/www.slovakdoublebassclub.com\/wp-content\/uploads\/2017\/01\/BASSFEST2017_FB-180x180_01-150x150.jpg 150w\" sizes=\"auto, (max-width: 180px) 100vw, 180px\" \/><\/a><\/p>\n<hr>\n<p style=\"text-align: center;\"><strong>Price for one person in double room is: 15 eur\/night<\/strong><\/p>\n<p style=\"text-align: center;\"><strong>In case of variant &#8220;only one person&#8221; in double room price is: 17 eur\/night<\/strong><\/p>\n<p style=\"text-align: center;\"><strong>Accommodation in double rooms with bathroom<\/strong><\/p>\n<h4 style=\"text-align: center;\">&nbsp;<\/h4>\n<h4 style=\"text-align: center;\">&nbsp;<\/h4>\n<p style=\"text-align: center;\">&nbsp;<\/p>\n<hr>\n<p style=\"text-align: center;\">\u0160tudentsk\u00fd domov Akad\u00e9mie Umen\u00ed<\/p>\n<p style=\"text-align: center;\">J. Koll\u00e1ra 22<\/p>\n<p style=\"text-align: center;\">974 01 Bansk\u00e1 Bystrica<\/p>\n<p style=\"text-align: center;\"><iframe loading=\"lazy\" src=\"https:\/\/maps.google.sk\/maps?f=q&amp;source=s_q&amp;hl=en&amp;geocode=&amp;q=%C5%A0D2,+Komensk%C3%A9ho+20,+Bansk%C3%A1+Bystrica&amp;sll=48.135866,17.115917&amp;sspn=0.408294,0.891953&amp;ie=UTF8&amp;hq=%C5%A0D2,&amp;hnear=Komensk%C3%A9ho+3730%2F20,+974+01+Bansk%C3%A1+Bystrica&amp;ll=48.738852,19.165026&amp;spn=0.014003,0.042458&amp;t=m&amp;output=embed\" width=\"429\" height=\"353\" frameborder=\"0\" marginwidth=\"0\" marginheight=\"0\" scrolling=\"no\"><\/iframe><\/p>\n<p style=\"text-align: center;\"><small><a href=\"https:\/\/maps.google.sk\/maps?f=q&amp;source=embed&amp;hl=en&amp;geocode=&amp;q=%C5%A0D2,+Komensk%C3%A9ho+20,+Bansk%C3%A1+Bystrica&amp;sll=48.135866,17.115917&amp;sspn=0.408294,0.891953&amp;ie=UTF8&amp;hq=%C5%A0D2,&amp;hnear=Komensk%C3%A9ho+3730%2F20,+974+01+Bansk%C3%A1+Bystrica&amp;ll=48.738852,19.165026&amp;spn=0.014003,0.042458&amp;t=m\">View Larger Map<\/a><\/small><\/p>","protected":false},"excerpt":{"rendered":"<p>Accomodation Price for one person in double room is: 15 eur\/night In case of variant &#8220;only one person&#8221; in double room price is: 17 eur\/night Accommodation in double rooms with bathroom &nbsp; &nbsp; &nbsp; \u0160tudentsk\u00fd domov Akad\u00e9mie Umen\u00ed J. Koll\u00e1ra &hellip; <a href=\"https:\/\/www.slovakdoublebassclub.com\/en\/acomodation-2016\/\">Continued<\/a><\/p>\n","protected":false},"author":5,"featured_media":0,"parent":0,"menu_order":0,"comment_status":"closed","ping_status":"closed","template":"","meta":{"ngg_post_thumbnail":0,"footnotes":""},"class_list":["post-4103","page","type-page","status-publish","hentry"],"_links":{"self":[{"href":"https:\/\/www.slovakdoublebassclub.com\/en\/wp-json\/wp\/v2\/pages\/4103","targetHints":{"allow":["GET"]}}],"collection":[{"href":"https:\/\/www.slovakdoublebassclub.com\/en\/wp-json\/wp\/v2\/pages"}],"about":[{"href":"https:\/\/www.slovakdoublebassclub.com\/en\/wp-json\/wp\/v2\/types\/page"}],"author":[{"embeddable":true,"href":"https:\/\/www.slovakdoublebassclub.com\/en\/wp-json\/wp\/v2\/users\/5"}],"replies":[{"embeddable":true,"href":"https:\/\/www.slovakdoublebassclub.com\/en\/wp-json\/wp\/v2\/comments?post=4103"}],"version-history":[{"count":6,"href":"https:\/\/www.slovakdoublebassclub.com\/en\/wp-json\/wp\/v2\/pages\/4103\/revisions"}],"predecessor-version":[{"id":5116,"href":"https:\/\/www.slovakdoublebassclub.com\/en\/wp-json\/wp\/v2\/pages\/4103\/revisions\/5116"}],"wp:attachment":[{"href":"https:\/\/www.slovakdoublebassclub.com\/en\/wp-json\/wp\/v2\/media?parent=4103"}],"curies":[{"name":"wp","href":"https:\/\/api.w.org\/{rel}","templated":true}]}}