{"id":4114,"date":"2016-07-10T18:16:54","date_gmt":"2016-07-10T16:16:54","guid":{"rendered":"http:\/\/www.slovakdoublebassclub.com\/?page_id=4114"},"modified":"2025-09-19T15:57:57","modified_gmt":"2025-09-19T13:57:57","slug":"costsexpences-2025","status":"publish","type":"page","link":"https:\/\/www.slovakdoublebassclub.com\/en\/costsexpences-2025\/","title":{"rendered":"Costs\/expences 2025"},"content":{"rendered":"<p style=\"text-align: center;\">&nbsp;<\/p>\n<h4 style=\"text-align: center;\">POPLATKY\/ <em>COSTS<\/em>&nbsp;2025:<\/h4>\n<p style=\"text-align: center;\">&nbsp;<\/p>\n<p><a href=\"https:\/\/www.slovakdoublebassclub.com\/wp-content\/uploads\/2025\/09\/BASSFEST2025_export_3000x3000-scaled.jpg\"><img loading=\"lazy\" decoding=\"async\" class=\"aligncenter wp-image-28101 size-medium\" src=\"https:\/\/www.slovakdoublebassclub.com\/wp-content\/uploads\/2025\/09\/BASSFEST2025_export_3000x3000-300x300.jpg\" alt=\"\" width=\"300\" height=\"300\" srcset=\"https:\/\/www.slovakdoublebassclub.com\/wp-content\/uploads\/2025\/09\/BASSFEST2025_export_3000x3000-300x300.jpg 300w, https:\/\/www.slovakdoublebassclub.com\/wp-content\/uploads\/2025\/09\/BASSFEST2025_export_3000x3000-1024x1024.jpg 1024w, https:\/\/www.slovakdoublebassclub.com\/wp-content\/uploads\/2025\/09\/BASSFEST2025_export_3000x3000-150x150.jpg 150w, https:\/\/www.slovakdoublebassclub.com\/wp-content\/uploads\/2025\/09\/BASSFEST2025_export_3000x3000-768x768.jpg 768w, https:\/\/www.slovakdoublebassclub.com\/wp-content\/uploads\/2025\/09\/BASSFEST2025_export_3000x3000-1536x1536.jpg 1536w, https:\/\/www.slovakdoublebassclub.com\/wp-content\/uploads\/2025\/09\/BASSFEST2025_export_3000x3000-2048x2048.jpg 2048w, https:\/\/www.slovakdoublebassclub.com\/wp-content\/uploads\/2025\/09\/BASSFEST2025_export_3000x3000-600x600.jpg 600w, https:\/\/www.slovakdoublebassclub.com\/wp-content\/uploads\/2025\/09\/BASSFEST2025_export_3000x3000-100x100.jpg 100w, https:\/\/www.slovakdoublebassclub.com\/wp-content\/uploads\/2025\/09\/BASSFEST2025_export_3000x3000-scaled-730x730.jpg 730w, https:\/\/www.slovakdoublebassclub.com\/wp-content\/uploads\/2025\/09\/BASSFEST2025_export_3000x3000-scaled-365x365.jpg 365w\" sizes=\"auto, (max-width: 300px) 100vw, 300px\" \/><\/a><\/p>\n<hr>\n<p style=\"text-align: center;\"><strong>Kurzovn\u00e9\/ <em>Workshop fee BASS FEST+2025<\/em><\/strong><\/p>\n<hr>\n<h4 style=\"text-align: center;\">&nbsp;&#8220;JUNIOR BASS&#8221;<\/h4>\n<h3 style=\"text-align: center;\"><strong>25EUR\/de\u0148\/<\/strong> <em>day<\/em>&nbsp;<\/h3>\n<hr>\n<h4 style=\"text-align: center;\">&nbsp;&#8220;master class&#8221;&nbsp;<\/h4>\n<h3 style=\"text-align: center;\"><strong>50EUR\/ de\u0148\/ <\/strong><em>day<\/em><\/h3>\n<hr>\n<p style=\"text-align: center;\"><strong>V\u0161etky poplatky sa platia a\u017e na mieste pri pr\u00edchode a registr\u00e1cii.<\/strong><\/p>\n<p style=\"text-align: center;\"><strong>alebo prevodom na \u00fa\u010det organiz\u00e1tora SDBC<\/strong><\/p>\n<p style=\"text-align: center;\"><em>\/All costs need to be paid after arrival&nbsp;<\/em><\/p>\n<p style=\"text-align: center;\">or bank transfer to the account of organizer SDBC<\/p>\n<hr>\n<p style=\"text-align: center;\"><strong>TATRA BANKA<\/strong><\/p>\n<p style=\"text-align: center;\"><strong>IBAN:<\/strong> <strong>SK1611000000002927848313<\/strong><\/p>\n<h5 style=\"text-align: center;\"><strong>BIC TATRSKBX<\/strong><\/h5>\n<hr>\n<p style=\"text-align: center;\"><strong>Ubytovanie\/ <\/strong><em>Accomodation:<\/em><\/p>\n<p style=\"text-align: center;\"><strong><em>Kv\u00f4li organiza\u010dn\u00fdm d\u00f4vodom nevieme garantova\u0165 \u00fa\u010dastn\u00edkom workshopov ubytovanie. Je potrebn\u00e9 aby si ka\u017ed\u00fd \u00fa\u010dastn\u00edk zabezpe\u010dil ubytovanie s\u00e1m vo vlastnej r\u00e9\u017eii.&nbsp;<\/em><\/strong><\/p>\n<p style=\"text-align: center;\"><em>Due to organisation reasons we are not able to organize accomodation in this moment. Every participant has to organize accomodation ourself.<\/em><\/p>\n<hr>\n<p style=\"text-align: center;\">&nbsp;<\/p>","protected":false},"excerpt":{"rendered":"<p>&nbsp; POPLATKY\/ COSTS&nbsp;2025: &nbsp; Kurzovn\u00e9\/ Workshop fee BASS FEST+2025 &nbsp;&#8220;JUNIOR BASS&#8221; 25EUR\/de\u0148\/ day&nbsp; &nbsp;&#8220;master class&#8221;&nbsp; 50EUR\/ de\u0148\/ day V\u0161etky poplatky sa platia a\u017e na mieste pri pr\u00edchode a registr\u00e1cii. alebo prevodom na \u00fa\u010det organiz\u00e1tora SDBC \/All costs need to be &hellip; <a href=\"https:\/\/www.slovakdoublebassclub.com\/en\/costsexpences-2025\/\">Continued<\/a><\/p>\n","protected":false},"author":5,"featured_media":28101,"parent":0,"menu_order":0,"comment_status":"closed","ping_status":"closed","template":"","meta":{"ngg_post_thumbnail":0,"footnotes":""},"class_list":["post-4114","page","type-page","status-publish","has-post-thumbnail","hentry"],"_links":{"self":[{"href":"https:\/\/www.slovakdoublebassclub.com\/en\/wp-json\/wp\/v2\/pages\/4114","targetHints":{"allow":["GET"]}}],"collection":[{"href":"https:\/\/www.slovakdoublebassclub.com\/en\/wp-json\/wp\/v2\/pages"}],"about":[{"href":"https:\/\/www.slovakdoublebassclub.com\/en\/wp-json\/wp\/v2\/types\/page"}],"author":[{"embeddable":true,"href":"https:\/\/www.slovakdoublebassclub.com\/en\/wp-json\/wp\/v2\/users\/5"}],"replies":[{"embeddable":true,"href":"https:\/\/www.slovakdoublebassclub.com\/en\/wp-json\/wp\/v2\/comments?post=4114"}],"version-history":[{"count":28,"href":"https:\/\/www.slovakdoublebassclub.com\/en\/wp-json\/wp\/v2\/pages\/4114\/revisions"}],"predecessor-version":[{"id":28106,"href":"https:\/\/www.slovakdoublebassclub.com\/en\/wp-json\/wp\/v2\/pages\/4114\/revisions\/28106"}],"wp:featuredmedia":[{"embeddable":true,"href":"https:\/\/www.slovakdoublebassclub.com\/en\/wp-json\/wp\/v2\/media\/28101"}],"wp:attachment":[{"href":"https:\/\/www.slovakdoublebassclub.com\/en\/wp-json\/wp\/v2\/media?parent=4114"}],"curies":[{"name":"wp","href":"https:\/\/api.w.org\/{rel}","templated":true}]}}