{"id":4262,"date":"2016-10-12T22:34:47","date_gmt":"2016-10-12T20:34:47","guid":{"rendered":"http:\/\/www.slovakdoublebassclub.com\/?page_id=4262"},"modified":"2016-11-02T09:47:12","modified_gmt":"2016-11-02T08:47:12","slug":"sperger-duo","status":"publish","type":"page","link":"https:\/\/www.slovakdoublebassclub.com\/en\/sperger-duo\/","title":{"rendered":"Sperger Duo"},"content":{"rendered":"<a href=\"http:\/\/www.slovakdoublebassclub.com\/wp-content\/uploads\/2016\/09\/Jaro-Flip-Xenia.jpg\"><img loading=\"lazy\" decoding=\"async\" class=\"aligncenter wp-image-4204 size-medium\" src=\"http:\/\/www.slovakdoublebassclub.com\/wp-content\/uploads\/2016\/09\/Jaro-Flip-Xenia-225x300.jpg\" alt=\"jaro-flip-xenia\" width=\"225\" height=\"300\" srcset=\"https:\/\/www.slovakdoublebassclub.com\/wp-content\/uploads\/2016\/09\/Jaro-Flip-Xenia-225x300.jpg 225w, https:\/\/www.slovakdoublebassclub.com\/wp-content\/uploads\/2016\/09\/Jaro-Flip-Xenia-600x800.jpg 600w, https:\/\/www.slovakdoublebassclub.com\/wp-content\/uploads\/2016\/09\/Jaro-Flip-Xenia-768x1024.jpg 768w, https:\/\/www.slovakdoublebassclub.com\/wp-content\/uploads\/2016\/09\/Jaro-Flip-Xenia.jpg 1200w\" sizes=\"auto, (max-width: 225px) 100vw, 225px\" \/><\/a><\/p>\n<h3><a href=\"http:\/\/www.slovakdoublebassclub.com\/wp-content\/uploads\/2016\/09\/SpregerDuo-Sperger.png\"><img loading=\"lazy\" decoding=\"async\" class=\"aligncenter wp-image-4205 size-thumbnail\" src=\"http:\/\/www.slovakdoublebassclub.com\/wp-content\/uploads\/2016\/09\/SpregerDuo-Sperger-150x150.png\" alt=\"spregerduo-sperger\" width=\"150\" height=\"150\" srcset=\"https:\/\/www.slovakdoublebassclub.com\/wp-content\/uploads\/2016\/09\/SpregerDuo-Sperger-150x150.png 150w, https:\/\/www.slovakdoublebassclub.com\/wp-content\/uploads\/2016\/09\/SpregerDuo-Sperger-300x300.png 300w, https:\/\/www.slovakdoublebassclub.com\/wp-content\/uploads\/2016\/09\/SpregerDuo-Sperger-100x100.png 100w, https:\/\/www.slovakdoublebassclub.com\/wp-content\/uploads\/2016\/09\/SpregerDuo-Sperger-365x365.png 365w\" sizes=\"auto, (max-width: 150px) 100vw, 150px\" \/><\/a><\/h3>\n<p style=\"text-align: justify;\">Kontrabasista Filip Jaro a klaviristka X\u00e9nia Jarov\u00e1 p\u00f4sobia ako koncertn\u00e9 duo od roku 2011.<\/p>\n<p style=\"text-align: justify;\">S hudobnou ideou objavovania a spolo\u010dn\u00e9ho s\u00faznenia\u00a0 o\u017eivuj\u00fa diela zabudnut\u00fdch kontrabasov\u00fdch virtu\u00f3zov a slovensk\u00fd i svetov\u00fd komorn\u00fd reperto\u00e1r.\u00a0 Osobitn\u00fa pozornos\u0165 venuj\u00fa trad\u00edcii dom\u00e1ceho reperto\u00e1ru (Rajter, Fre\u0161o, Kupkovi\u010d, Sucho\u0148) a uv\u00e1dzaniu skladieb \u010desk\u00fdch kontrabasov\u00fdch virtu\u00f3zov 19.storo\u010dia (M\u00ed\u0161ek, L\u00e1ska, Storch, Simandl, Kuchynka).<\/p>\n<p style=\"text-align: justify;\">Spolo\u010dne z\u00edskali Cenu za interpret\u00e1ciu na Festivale mlad\u00fdch umelcov v Pie\u0161\u0165anoch 2012, hrali recit\u00e1l v priamom prenose Slovensk\u00e9ho rozhlasu, \u00fa\u010dinkovali v koncertn\u00fdch cykloch Nede\u013en\u00e9 matin\u00e9 v Mirbachu,\u00a0 Albrechtina, Hudobn\u00e9 ve\u010dery na Palis\u00e1dach, na festivale Akademick\u00e9 koncerty v Pre\u0161ove a na mnoh\u00fdch samostatn\u00fdch koncertoch\u00a0 Bratislave a \u010fal\u0161\u00edch slovensk\u00fdch mest\u00e1ch. V septembri 2016 sa predstavili recit\u00e1lom na 5. bien\u00e1le eur\u00f3pskeho kontrabasov\u00e9ho kongresu BASS2016 PRAGUE.<\/p>\n<p style=\"text-align: justify;\">S \u00factou k v\u00fdznamn\u00e9mu kontrabasistovi a skladate\u013eovi Johannovi Mathiasovi Spergerovi zastre\u0161ili svoje p\u00f4sobenie prijat\u00edm n\u00e1zvu Sperger Duo.<\/p>\n<hr \/>\n<p>\u017eivotopisy:<\/p>\n<p><a href=\"http:\/\/www.slovakdoublebassclub.com\/filip-jaro-kontrabas\/\"><strong>Filip<\/strong> <strong>Jaro<\/strong><\/a><\/p>\n<p><strong><a href=\"http:\/\/www.slovakdoublebassclub.com\/xenia-jarova\/\">X\u00e9nia Jarov\u00e1<\/a><\/strong><\/p>\n<p>&nbsp;<\/p>\n<p>&nbsp;<\/p>\n<h3><\/h3>\n<p>.<\/p>\n<p>&nbsp;<\/p>\n<p>&nbsp;","protected":false},"excerpt":{"rendered":"<p>Kontrabasista Filip Jaro a klaviristka X\u00e9nia Jarov\u00e1 p\u00f4sobia ako koncertn\u00e9 duo od roku 2011. S hudobnou ideou objavovania a spolo\u010dn\u00e9ho s\u00faznenia\u00a0 o\u017eivuj\u00fa diela zabudnut\u00fdch kontrabasov\u00fdch virtu\u00f3zov a slovensk\u00fd i svetov\u00fd komorn\u00fd reperto\u00e1r.\u00a0 Osobitn\u00fa pozornos\u0165 venuj\u00fa trad\u00edcii dom\u00e1ceho reperto\u00e1ru (Rajter, Fre\u0161o, &hellip; <a href=\"https:\/\/www.slovakdoublebassclub.com\/en\/sperger-duo\/\">Continued<\/a><\/p>\n","protected":false},"author":5,"featured_media":0,"parent":0,"menu_order":0,"comment_status":"closed","ping_status":"closed","template":"","meta":{"ngg_post_thumbnail":0,"footnotes":""},"class_list":["post-4262","page","type-page","status-publish","hentry"],"_links":{"self":[{"href":"https:\/\/www.slovakdoublebassclub.com\/en\/wp-json\/wp\/v2\/pages\/4262","targetHints":{"allow":["GET"]}}],"collection":[{"href":"https:\/\/www.slovakdoublebassclub.com\/en\/wp-json\/wp\/v2\/pages"}],"about":[{"href":"https:\/\/www.slovakdoublebassclub.com\/en\/wp-json\/wp\/v2\/types\/page"}],"author":[{"embeddable":true,"href":"https:\/\/www.slovakdoublebassclub.com\/en\/wp-json\/wp\/v2\/users\/5"}],"replies":[{"embeddable":true,"href":"https:\/\/www.slovakdoublebassclub.com\/en\/wp-json\/wp\/v2\/comments?post=4262"}],"version-history":[{"count":2,"href":"https:\/\/www.slovakdoublebassclub.com\/en\/wp-json\/wp\/v2\/pages\/4262\/revisions"}],"predecessor-version":[{"id":4320,"href":"https:\/\/www.slovakdoublebassclub.com\/en\/wp-json\/wp\/v2\/pages\/4262\/revisions\/4320"}],"wp:attachment":[{"href":"https:\/\/www.slovakdoublebassclub.com\/en\/wp-json\/wp\/v2\/media?parent=4262"}],"curies":[{"name":"wp","href":"https:\/\/api.w.org\/{rel}","templated":true}]}}