{"id":4454,"date":"2017-03-24T11:23:49","date_gmt":"2017-03-24T10:23:49","guid":{"rendered":"http:\/\/www.slovakdoublebassclub.com\/?page_id=4454"},"modified":"2017-09-13T23:08:03","modified_gmt":"2017-09-13T21:08:03","slug":"lectors-2017","status":"publish","type":"page","link":"https:\/\/www.slovakdoublebassclub.com\/en\/lectors-2017\/","title":{"rendered":"Lectors 2017"},"content":{"rendered":"<h4 style=\"text-align: center;\"><a href=\"http:\/\/www.slovakdoublebassclub.com\/wp-content\/uploads\/2017\/01\/BASSFEST2017_FB-180x180_01.jpg\"><img loading=\"lazy\" decoding=\"async\" class=\"size-full wp-image-4452 aligncenter\" src=\"http:\/\/www.slovakdoublebassclub.com\/wp-content\/uploads\/2017\/01\/BASSFEST2017_FB-180x180_01.jpg\" alt=\"\" width=\"180\" height=\"180\" srcset=\"https:\/\/www.slovakdoublebassclub.com\/wp-content\/uploads\/2017\/01\/BASSFEST2017_FB-180x180_01.jpg 180w, https:\/\/www.slovakdoublebassclub.com\/wp-content\/uploads\/2017\/01\/BASSFEST2017_FB-180x180_01-100x100.jpg 100w, https:\/\/www.slovakdoublebassclub.com\/wp-content\/uploads\/2017\/01\/BASSFEST2017_FB-180x180_01-150x150.jpg 150w\" sizes=\"auto, (max-width: 180px) 100vw, 180px\" \/><\/a><\/h4>\n<p style=\"text-align: center;\"><strong>DOUBLE BASS:<\/strong><\/p>\n<p style=\"text-align: center;\"><a href=\"http:\/\/www.slovakdoublebassclub.com\/jan-krigovsky\/\">J\u00e1n Krigovsk\u00fd \/SK<\/a><\/p>\n<p style=\"text-align: center;\"><a href=\"http:\/\/www.slovakdoublebassclub.com\/dan-styffe\/\">Dan Styffe \/SWE<\/a><\/p>\n<p style=\"text-align: center;\"><a href=\"http:\/\/www.slovakdoublebassclub.com\/thiery-barbe\/\">Thierry Barb\u00e9 \/FR<\/a><\/p>\n<p style=\"text-align: center;\"><a href=\"http:\/\/www.slovakdoublebassclub.com\/christine-hoock\/\">Cristine Hoock \/AT<\/a><\/p>\n<p style=\"text-align: center;\"><a href=\"http:\/\/www.slovakdoublebassclub.com\/bela-sedlak\/\">B\u00e9la Szedl\u00e1k \/HU\/CH<\/a><\/p>\n<p style=\"text-align: center;\"><a href=\"http:\/\/www.slovakdoublebassclub.com\/miloslav-jelinek\/\">Miloslav Jel\u00ednek \/CZ<\/a><\/p>\n<p style=\"text-align: center;\"><a href=\"http:\/\/www.slovakdoublebassclub.com\/jan-prievoznik\/\">J\u00e1n Prievozn\u00edk \/SK<\/a><\/p>\n<p style=\"text-align: center;\">&nbsp;<\/p>\n<p style=\"text-align: center;\"><strong>JAZZ BASS:<\/strong><\/p>\n<p style=\"text-align: center;\"><a href=\"http:\/\/www.slovakdoublebassclub.com\/stefan-bartus\/\">\u0160tefan &#8220;Pi\u0161ta&#8221; Bartu\u0161 \/SK<\/a><\/p>\n<p style=\"text-align: center;\"><strong>PIANO:&nbsp;<\/strong><\/p>\n<p style=\"text-align: center;\"><a href=\"http:\/\/www.slovakdoublebassclub.com\/ladislav-fancovic\/\">Ladislav Fan\u010dovi\u010d \/<\/a><a href=\"http:\/\/www.slovakdoublebassclub.com\/ladislav-fancovic\/\">SK<\/a><\/p>\n<p style=\"text-align: center;\"><strong>HUSLE:<\/strong>&nbsp;<\/p>\n<p style=\"text-align: center;\"><a href=\"http:\/\/www.slovakdoublebassclub.com\/milan-pala\/\">Milan Pa\u013ea \/SK<\/a><\/p>\n<p style=\"text-align: center;\"><strong>VIOLA:<\/strong><\/p>\n<p style=\"text-align: center;\"><a href=\"http:\/\/www.slovakdoublebassclub.com\/milan-radic\/\">Milan Radi\u010d SK\/AT<\/a><\/p>\n<p style=\"text-align: center;\"><strong>BAROQUE VIOLIN:<\/strong><\/p>\n<p style=\"text-align: center;\"><a href=\"http:\/\/www.slovakdoublebassclub.com\/gunar-letzbor\/\">Gunar Letzbor \/AT&nbsp;<\/a><\/p>\n<p style=\"text-align: center;\"><strong>BAROQUE VIOLONCELLO:<\/strong><\/p>\n<p style=\"text-align: center;\"><a href=\"http:\/\/www.slovakdoublebassclub.com\/petr-skalka\/\">Petr Skalka \/CZ,CH<\/a><\/p>\n<p style=\"text-align: center;\"><strong>CEMBALLO, HAMMER CLAVIER:<\/strong>&nbsp;<\/p>\n<p style=\"text-align: center;\"><a href=\"http:\/\/www.slovakdoublebassclub.com\/peter-gulas\/\">Peter Gu\u013eas \/SK&nbsp;<\/a><\/p>\n<p style=\"text-align: center;\"><strong>PHYSIOTERAPHY:<\/strong>&nbsp;<\/p>\n<p style=\"text-align: center;\"><a href=\"http:\/\/www.slovakdoublebassclub.com\/frantisek-szanto\/\">Franti\u0161ek Szanto \/SK,CH<\/a><\/p>","protected":false},"excerpt":{"rendered":"<p>DOUBLE BASS: J\u00e1n Krigovsk\u00fd \/SK Dan Styffe \/SWE Thierry Barb\u00e9 \/FR Cristine Hoock \/AT B\u00e9la Szedl\u00e1k \/HU\/CH Miloslav Jel\u00ednek \/CZ J\u00e1n Prievozn\u00edk \/SK &nbsp; JAZZ BASS: \u0160tefan &#8220;Pi\u0161ta&#8221; Bartu\u0161 \/SK PIANO:&nbsp; Ladislav Fan\u010dovi\u010d \/SK HUSLE:&nbsp; Milan Pa\u013ea \/SK VIOLA: Milan &hellip; <a href=\"https:\/\/www.slovakdoublebassclub.com\/en\/lectors-2017\/\">Continued<\/a><\/p>\n","protected":false},"author":5,"featured_media":4452,"parent":0,"menu_order":0,"comment_status":"closed","ping_status":"closed","template":"","meta":{"ngg_post_thumbnail":0,"footnotes":""},"class_list":["post-4454","page","type-page","status-publish","has-post-thumbnail","hentry"],"_links":{"self":[{"href":"https:\/\/www.slovakdoublebassclub.com\/en\/wp-json\/wp\/v2\/pages\/4454","targetHints":{"allow":["GET"]}}],"collection":[{"href":"https:\/\/www.slovakdoublebassclub.com\/en\/wp-json\/wp\/v2\/pages"}],"about":[{"href":"https:\/\/www.slovakdoublebassclub.com\/en\/wp-json\/wp\/v2\/types\/page"}],"author":[{"embeddable":true,"href":"https:\/\/www.slovakdoublebassclub.com\/en\/wp-json\/wp\/v2\/users\/5"}],"replies":[{"embeddable":true,"href":"https:\/\/www.slovakdoublebassclub.com\/en\/wp-json\/wp\/v2\/comments?post=4454"}],"version-history":[{"count":13,"href":"https:\/\/www.slovakdoublebassclub.com\/en\/wp-json\/wp\/v2\/pages\/4454\/revisions"}],"predecessor-version":[{"id":4627,"href":"https:\/\/www.slovakdoublebassclub.com\/en\/wp-json\/wp\/v2\/pages\/4454\/revisions\/4627"}],"wp:featuredmedia":[{"embeddable":true,"href":"https:\/\/www.slovakdoublebassclub.com\/en\/wp-json\/wp\/v2\/media\/4452"}],"wp:attachment":[{"href":"https:\/\/www.slovakdoublebassclub.com\/en\/wp-json\/wp\/v2\/media?parent=4454"}],"curies":[{"name":"wp","href":"https:\/\/api.w.org\/{rel}","templated":true}]}}