{"id":4758,"date":"2018-05-14T12:58:16","date_gmt":"2018-05-14T10:58:16","guid":{"rendered":"http:\/\/www.slovakdoublebassclub.com\/?page_id=4758"},"modified":"2018-05-14T12:58:16","modified_gmt":"2018-05-14T10:58:16","slug":"milos-valent","status":"publish","type":"page","link":"https:\/\/www.slovakdoublebassclub.com\/en\/milos-valent\/","title":{"rendered":"Milo\u0161 Valent"},"content":{"rendered":"&nbsp;<\/p>\n<p><a href=\"http:\/\/www.slovakdoublebassclub.com\/wp-content\/uploads\/2018\/05\/Milo\u0161-Valent.jpg\"><img loading=\"lazy\" decoding=\"async\" class=\"aligncenter wp-image-4759 size-medium\" src=\"http:\/\/www.slovakdoublebassclub.com\/wp-content\/uploads\/2018\/05\/Milo\u0161-Valent-240x300.jpg\" alt=\"\" width=\"240\" height=\"300\" srcset=\"https:\/\/www.slovakdoublebassclub.com\/wp-content\/uploads\/2018\/05\/Milo\u0161-Valent-240x300.jpg 240w, https:\/\/www.slovakdoublebassclub.com\/wp-content\/uploads\/2018\/05\/Milo\u0161-Valent-600x750.jpg 600w, https:\/\/www.slovakdoublebassclub.com\/wp-content\/uploads\/2018\/05\/Milo\u0161-Valent.jpg 625w\" sizes=\"auto, (max-width: 240px) 100vw, 240px\" \/><\/a><\/p>\n<p>&nbsp;<\/p>\n<p>Milo\u0161 Valent was from 1986 \u2013 1997 a member of the ensemble Musica Aeterna (artistic director Peter Zaj\u00ed\u010dek), specializing in authentic interpretation of early music. On the basis of experiences he gained in this group, in 1993 he founded the chamber ensemble Solamente Naturali, in which until present he is primarius and artistic director. As a concert master he cooperates also with other ensembles of similar orientation: Tragicomedia, Teatro Lirico, Tirami Su, Fiori Musicali Bremen, Musica Florea Praha, De Nederlandse Bachvereniging Utrecht, Musicalische Compagney Berlin, and Ritornello Prague.<\/p>\n<p>He deserves credit for beginning in 1995 the cycle of concerts Musica Poetica Da Camera in the Slovak National Gallery in Bratislava. In performing of early music he cooperates with the Trnava choir Musica Vocalis, with Choir of Conservatory in Bratislava, Voci Festes, Cappella Nova Graz, and Domkantorei St. Poelten. With Solamente Naturali he has performed many concerts at home and abroad.<\/p>\n<p>With other ensembles he has also performed in many foreign festivals of early music: Boston Early Music Festival, Resonanzen Wien, Holland Festival Oude Muziek Utrecht (Netherlands, 1993, 1994, 1999), Festivals of Early Music in Versailles (since 1989), Internationale Festtage Alter Musik Stuttgart, Vancouver Early Music Festival (Canada), Tage Alter Musik in Herne (1991, 2002), G\u00f6ttinger H\u00e4ndel Festtage, Robecco Zomerconcerten Amsterdam, Europanische Kirchen Musik \u2013 Schwabisch Gmund, Uckermarkische Musikwochen, Musikfest Bremen 1998, 1999, H\u00e4ndel Festpiele 1995, De Musiques sacrees Fribourg (Switzerland), Festival Wiener Klassik 1991, Internazionale Barocktage Stift Melk (Austria), Bach Fest Leipzig, Festival Brezice (Slovenia), Musikfestspiele Potsdam-Sanssouci, Concentus Moraviae, H\u00e4ndel Festspiele Karslruhe, and Festwochen der alten Musik Innsbruck.<\/p>\n<p>He has cooperated with conductors: Stephen Stubbs, Thomas Albert, Manfred Huss, Otto Kargl, Lars Ulrik Mortensen, Andrew Parrot, Christophe Rousset, Olivier Schneebeli, Marek \u0160tryncl, and with choirmasters Du\u0161an Bill, Branislav Kostka, Martin Majk\u00fat. As a chamber musician he has performed with a series of domestic and foreign artists (Jozef Lupt\u00e1k, vc, Ivana Prista\u0161ov\u00e1, vn, Peter Spi\u0161sk\u00fd, vn, Juraj Kov\u00e1\u010d, vc, Juraj Struh\u00e1rik, lute, Ronald \u0160ebesta, cl, Peter \u0160est\u00e1k, vl, Eleon\u00f3ra \u0160kutov\u00e1, pf, Paul O&#8217;Dette, lute, Stephen Stubbs, lute, Erin Headley, vl da gamba, Dagmar Valentov\u00e1, vn, Alexander Weimann, cmb, Keren Bruce, viola da gamba, Bruce Dickey, zink<em>,<\/em>&nbsp;Maxime Eilender, harp, Mark Gothoni, vn, and Vladim\u00edr Mendelssohn, vl).<\/p>\n<p>Valent belongs to the respected lecturers of playing baroque violin and baroque viola in an international context. He has led master classes in Prague (1998), Malmo (Sweden, 2000), Geneva (Switzerland, 2001), Bremen (Germany, 2002, 2003) and Boston (USA, 2005).<\/p>\n<p>&nbsp;","protected":false},"excerpt":{"rendered":"<p>&nbsp; &nbsp; Milo\u0161 Valent was from 1986 \u2013 1997 a member of the ensemble Musica Aeterna (artistic director Peter Zaj\u00ed\u010dek), specializing in authentic interpretation of early music. On the basis of experiences he gained in this group, in 1993 he &hellip; <a href=\"https:\/\/www.slovakdoublebassclub.com\/en\/milos-valent\/\">Continued<\/a><\/p>\n","protected":false},"author":5,"featured_media":4759,"parent":0,"menu_order":0,"comment_status":"closed","ping_status":"closed","template":"","meta":{"ngg_post_thumbnail":0,"footnotes":""},"class_list":["post-4758","page","type-page","status-publish","has-post-thumbnail","hentry"],"_links":{"self":[{"href":"https:\/\/www.slovakdoublebassclub.com\/en\/wp-json\/wp\/v2\/pages\/4758","targetHints":{"allow":["GET"]}}],"collection":[{"href":"https:\/\/www.slovakdoublebassclub.com\/en\/wp-json\/wp\/v2\/pages"}],"about":[{"href":"https:\/\/www.slovakdoublebassclub.com\/en\/wp-json\/wp\/v2\/types\/page"}],"author":[{"embeddable":true,"href":"https:\/\/www.slovakdoublebassclub.com\/en\/wp-json\/wp\/v2\/users\/5"}],"replies":[{"embeddable":true,"href":"https:\/\/www.slovakdoublebassclub.com\/en\/wp-json\/wp\/v2\/comments?post=4758"}],"version-history":[{"count":1,"href":"https:\/\/www.slovakdoublebassclub.com\/en\/wp-json\/wp\/v2\/pages\/4758\/revisions"}],"predecessor-version":[{"id":4760,"href":"https:\/\/www.slovakdoublebassclub.com\/en\/wp-json\/wp\/v2\/pages\/4758\/revisions\/4760"}],"wp:featuredmedia":[{"embeddable":true,"href":"https:\/\/www.slovakdoublebassclub.com\/en\/wp-json\/wp\/v2\/media\/4759"}],"wp:attachment":[{"href":"https:\/\/www.slovakdoublebassclub.com\/en\/wp-json\/wp\/v2\/media?parent=4758"}],"curies":[{"name":"wp","href":"https:\/\/api.w.org\/{rel}","templated":true}]}}