{"id":4788,"date":"2018-05-24T09:31:53","date_gmt":"2018-05-24T07:31:53","guid":{"rendered":"http:\/\/www.slovakdoublebassclub.com\/?page_id=4788"},"modified":"2018-05-24T09:32:52","modified_gmt":"2018-05-24T07:32:52","slug":"jorg-andreas-botticher","status":"publish","type":"page","link":"https:\/\/www.slovakdoublebassclub.com\/en\/jorg-andreas-botticher\/","title":{"rendered":"J\u00f6rg-Andreas B\u00f6tticher"},"content":{"rendered":"<p><a href=\"http:\/\/www.slovakdoublebassclub.com\/wp-content\/uploads\/2018\/05\/Jorg-Andreas-Bottiger.jpg\"><img loading=\"lazy\" decoding=\"async\" class=\"aligncenter wp-image-4789 \" src=\"http:\/\/www.slovakdoublebassclub.com\/wp-content\/uploads\/2018\/05\/Jorg-Andreas-Bottiger-300x200.jpg\" alt=\"\" width=\"351\" height=\"234\" srcset=\"https:\/\/www.slovakdoublebassclub.com\/wp-content\/uploads\/2018\/05\/Jorg-Andreas-Bottiger-300x200.jpg 300w, https:\/\/www.slovakdoublebassclub.com\/wp-content\/uploads\/2018\/05\/Jorg-Andreas-Bottiger-600x399.jpg 600w, https:\/\/www.slovakdoublebassclub.com\/wp-content\/uploads\/2018\/05\/Jorg-Andreas-Bottiger-768x511.jpg 768w, https:\/\/www.slovakdoublebassclub.com\/wp-content\/uploads\/2018\/05\/Jorg-Andreas-Bottiger.jpg 1000w\" sizes=\"auto, (max-width: 351px) 100vw, 351px\" \/><\/a><\/p>\n<p style=\"text-align: center;\">Born in Berlin in 1964, J\u00f6rg-Andreas B\u00f6tticher studied early music at the<br \/>\nSchola Cantorum Basiliensis in Basel (1983\u201390). He concluded his studies with diplomas in organ and harpsichord in the classes of Jean-Claude Zehnder and Andreas Staier<br \/>\nrespectively, as well as a wide-ranging training in music theory, and went on to<br \/>\npostgraduate work on the harpsichord and basso continuo with Jesper Christensen and Gustav Leonhardt. After long collaboration with Jean Tub\u00e9ry and La Fenice and with the Swiss chamber ensemble Die Freitagsakademie he now appears as a soloist, in duo with violinists such as Chiara Banchini, Plamena Nikitassova and H\u00e9l\u00e8ne Schmitt, and with ensembles as La Cetra, Akademie f\u00fcr Alte Musik Berlin. His performing career has taken him to many parts of Europe as well as North and South America. He has conducted such operas as Acis and Galatea (Handel) and Dido and Aeneas (Purcell), several large-scale sacred works including G.H. St\u00f6lzel\u2019s Brockes Passion, and more than 100 cantatas by J.S. Bach. Since 1997 he has been professor of harpsichord at the Schola Cantorum and taught early performance practice at the Musikhochschule in Basel; he has also<br \/>\ntaught the organ at the Schola Cantorum since 2006. He is regularly invited to give masterclasses and lectures at the Berlin, Frankfurt, Karlsruhe, Leipzig, Lucerne, Zurich, Prague, and Warsaw conservatories. In addition he is the organist of the Predigerkirche<br \/>\nin Basel, famed for its three historical organs. His recordings as a soloist<br \/>\n(Poglietti, Rossi, Muffat) and as a chamber musician with Plamena Nikitassova (Zuccari, Fritz), Chiara Banchini (J.S. Bach) or H\u00e9l\u00e8ne Schmitt (Albertini, Matteis, Schmelzer) have been warmly praised by the critics. He frequently serves as a jury member at several international organ competitions, e.g. Paul Hofhaimer in Innsbruck, the organ competition in Alkmaar and the Grand Prix Bach in Lausanne. His musicological publications (such as the article on basso continuo in the music dictionary MGG) show the different aspects of his musical interests and commitments, balanced between performing and theoretical considerations.<\/p>\n","protected":false},"excerpt":{"rendered":"<p>Born in Berlin in 1964, J\u00f6rg-Andreas B\u00f6tticher studied early music at the Schola Cantorum Basiliensis in Basel (1983\u201390). He concluded his studies with diplomas in organ and harpsichord in the classes of Jean-Claude Zehnder and Andreas Staier respectively, as well &hellip; <a href=\"https:\/\/www.slovakdoublebassclub.com\/en\/jorg-andreas-botticher\/\">Continued<\/a><\/p>\n","protected":false},"author":5,"featured_media":0,"parent":0,"menu_order":0,"comment_status":"closed","ping_status":"closed","template":"","meta":{"ngg_post_thumbnail":0,"footnotes":""},"class_list":["post-4788","page","type-page","status-publish","hentry"],"_links":{"self":[{"href":"https:\/\/www.slovakdoublebassclub.com\/en\/wp-json\/wp\/v2\/pages\/4788","targetHints":{"allow":["GET"]}}],"collection":[{"href":"https:\/\/www.slovakdoublebassclub.com\/en\/wp-json\/wp\/v2\/pages"}],"about":[{"href":"https:\/\/www.slovakdoublebassclub.com\/en\/wp-json\/wp\/v2\/types\/page"}],"author":[{"embeddable":true,"href":"https:\/\/www.slovakdoublebassclub.com\/en\/wp-json\/wp\/v2\/users\/5"}],"replies":[{"embeddable":true,"href":"https:\/\/www.slovakdoublebassclub.com\/en\/wp-json\/wp\/v2\/comments?post=4788"}],"version-history":[{"count":1,"href":"https:\/\/www.slovakdoublebassclub.com\/en\/wp-json\/wp\/v2\/pages\/4788\/revisions"}],"predecessor-version":[{"id":4790,"href":"https:\/\/www.slovakdoublebassclub.com\/en\/wp-json\/wp\/v2\/pages\/4788\/revisions\/4790"}],"wp:attachment":[{"href":"https:\/\/www.slovakdoublebassclub.com\/en\/wp-json\/wp\/v2\/media?parent=4788"}],"curies":[{"name":"wp","href":"https:\/\/api.w.org\/{rel}","templated":true}]}}