{"id":540,"date":"2012-11-29T16:57:36","date_gmt":"2012-11-29T15:57:36","guid":{"rendered":"http:\/\/www.slovakdoublebassclub.com\/?page_id=540"},"modified":"2015-03-18T23:23:29","modified_gmt":"2015-03-18T22:23:29","slug":"radoslav-sasina","status":"publish","type":"page","link":"https:\/\/www.slovakdoublebassclub.com\/en\/radoslav-sasina\/","title":{"rendered":"Radoslav \u0160a\u0161ina"},"content":{"rendered":"<p style=\"text-align: center;\"><a href=\"http:\/\/www.slovakdoublebassclub.com\/wp-content\/uploads\/2012\/11\/radoslav-sasina.jpg\"><img loading=\"lazy\" decoding=\"async\" class=\"aligncenter wp-image-1205\" src=\"http:\/\/www.slovakdoublebassclub.com\/wp-content\/uploads\/2012\/11\/radoslav-sasina.jpg\" alt=\"radoslav sasina\" width=\"250\" height=\"377\" \/><\/a><\/p>\n<p style=\"text-align: justify;\" align=\"CENTER\">The double bass player Radoslav \u0160a\u0161ina ranks among the active propagators of solo play on his instrument. He has appeared as a soloist at numerous concerts with piano accompaniment and orchestra in many European countries and in the USA. His repertoire ranges from the Vienese classicist (where he uses an original period double bass with thirds-fourth tuning) to contemporary music. Thanks to his initiative, new pieces for double bass were written by Slovak composers (Ilja Zeljenka, Juraj Hatr\u00edk, Vladim\u00edr Bokes, Ladislav Kupkovi\u010d, Jozef Gah\u00e9r, Miloslav Linha). One of the most weighty recordings of \u0160a\u0161ina\u00b4s discography is the original version of the Double Bass Concerto D major by Anton Zimmermann (1741-1781) with the Bratislava ensemble for early music Musica Aeterna in 1992. In addition to his artistic activity, Radoslav \u0160a\u0161ina has been teaching as a Professor at the Academy of Music and Drama in Bratislava, since 1987. Recently he also teaches at international double bass study-courses (Brno, Michaelstein, Wroclaw, \u0141odz, Debrecen, Miskolc, Chicago, Boulder, De Kalb) and has become a jury member at international double bass competitions.<\/p>\n<hr \/>\n<p><a href=\"http:\/\/www.sasina.sk\/\">http:\/\/www.sasina.sk\/<\/a><\/p>\n<p style=\"text-align: center;\">","protected":false},"excerpt":{"rendered":"<p>The double bass player Radoslav \u0160a\u0161ina ranks among the active propagators of solo play on his instrument. He has appeared as a soloist at numerous concerts with piano accompaniment and orchestra in many European countries and in the USA. His &hellip; <a href=\"https:\/\/www.slovakdoublebassclub.com\/en\/radoslav-sasina\/\">Continued<\/a><\/p>\n","protected":false},"author":2,"featured_media":0,"parent":0,"menu_order":0,"comment_status":"closed","ping_status":"closed","template":"","meta":{"ngg_post_thumbnail":0,"footnotes":""},"class_list":["post-540","page","type-page","status-publish","hentry"],"_links":{"self":[{"href":"https:\/\/www.slovakdoublebassclub.com\/en\/wp-json\/wp\/v2\/pages\/540","targetHints":{"allow":["GET"]}}],"collection":[{"href":"https:\/\/www.slovakdoublebassclub.com\/en\/wp-json\/wp\/v2\/pages"}],"about":[{"href":"https:\/\/www.slovakdoublebassclub.com\/en\/wp-json\/wp\/v2\/types\/page"}],"author":[{"embeddable":true,"href":"https:\/\/www.slovakdoublebassclub.com\/en\/wp-json\/wp\/v2\/users\/2"}],"replies":[{"embeddable":true,"href":"https:\/\/www.slovakdoublebassclub.com\/en\/wp-json\/wp\/v2\/comments?post=540"}],"version-history":[{"count":5,"href":"https:\/\/www.slovakdoublebassclub.com\/en\/wp-json\/wp\/v2\/pages\/540\/revisions"}],"predecessor-version":[{"id":3613,"href":"https:\/\/www.slovakdoublebassclub.com\/en\/wp-json\/wp\/v2\/pages\/540\/revisions\/3613"}],"wp:attachment":[{"href":"https:\/\/www.slovakdoublebassclub.com\/en\/wp-json\/wp\/v2\/media?parent=540"}],"curies":[{"name":"wp","href":"https:\/\/api.w.org\/{rel}","templated":true}]}}