{"id":646,"date":"2012-12-13T16:01:42","date_gmt":"2012-12-13T15:01:42","guid":{"rendered":"http:\/\/www.slovakdoublebassclub.com\/?page_id=646"},"modified":"2015-03-19T00:08:04","modified_gmt":"2015-03-18T23:08:04","slug":"klaudius-kovac","status":"publish","type":"page","link":"https:\/\/www.slovakdoublebassclub.com\/en\/klaudius-kovac\/","title":{"rendered":"Klaudius Kov\u00e1\u010d"},"content":{"rendered":"<p style=\"text-align: center;\"><a href=\"http:\/\/www.slovakdoublebassclub.com\/wp-content\/uploads\/2012\/12\/Klaudius-Kov\u00e1\u010d.jpg\"><img loading=\"lazy\" decoding=\"async\" class=\" size-medium wp-image-1222 aligncenter\" src=\"http:\/\/www.slovakdoublebassclub.com\/wp-content\/uploads\/2012\/12\/Klaudius-Kov\u00e1\u010d-225x300.jpg\" alt=\"Klaudius Kov\u00e1\u010d\" width=\"225\" height=\"300\" srcset=\"https:\/\/www.slovakdoublebassclub.com\/wp-content\/uploads\/2012\/12\/Klaudius-Kov\u00e1\u010d-225x300.jpg 225w, https:\/\/www.slovakdoublebassclub.com\/wp-content\/uploads\/2012\/12\/Klaudius-Kov\u00e1\u010d.jpg 450w\" sizes=\"auto, (max-width: 225px) 100vw, 225px\" \/><\/a><\/p>\n<p style=\"text-align: justify;\">Je jednou z\u00a0najv\u00fdraznej\u0161\u00edch s\u00fa\u010dasn\u00fdch osobnost\u00ed slovensk\u00e9ho jazzov\u00e9ho klav\u00edra. Jeho akt\u00edvna koncertn\u00e1 \u010dinnos\u0165 siaha od samostatn\u00e9ho s\u00f3lov\u00e9ho recit\u00e1lu cez r\u00f4zne jazzov\u00e9 zoskupenia a\u017e po \u00fa\u010dinkovanie v\u00a0bigbande Gustava Broma. Narodil sa v\u00a0Lu\u010denci v\u00a0roku 1976 v\u00a0hudobn\u00edckej rodine. U\u017e jeho star\u00fd otec bol v\u00a0p\u00e4\u0165desiatych rokoch minul\u00e9ho storo\u010dia zn\u00e1my huslista a\u00a0kapeln\u00edk, viedol orchester, ktor\u00fd mal pr\u00edle\u017eitostne a\u017e 24 \u010dlenov. Klaudio si pod\u013ea otcovho vzoru vybral klav\u00edr, ktor\u00fd nesk\u00f4r \u0161tudoval na konzervat\u00f3riu v\u00a0\u017diline a\u00a0v\u00a0Banskej Bystrici. Obidvaja jeho bratia sa tie\u017e venuj\u00fa hudbe. Prv\u00e9 kontakty s\u00a0jazzom z\u00edskal u\u017e v\u00a0rannom detstve, ktor\u00fd mu jeho otec pribl\u00ed\u017eil prostredn\u00edctvom nahr\u00e1vok svet J. Smitha, O. Petersona, G. Bensona a\u00a0E. Fitzgeraldovej.\u00a0\u00a0 Svoje vlohy pre tento \u017e\u00e1ner \u010falej s\u00e1m rozv\u00edjal po\u010das \u0161t\u00fadia klasick\u00e9ho klav\u00edra. K\u00a0jeho nevy\u010derpate\u013en\u00fdm zdrojom in\u0161pir\u00e1cie patria predov\u0161etk\u00fdm Oscar Peterson, Bud Powell, Wynton Kelly, T. Monk a\u00a0\u010fal\u0161\u00ed. V\u00a0rokoch 1996 \u2013 1998 formoval svoju hru v\u00a0skupine Swing Q saxofonistu \u0160tefana \u010cemana. Od roku 1998 a\u017e\u00a0 podnes je \u010dlenom Nothing but Swing Tria. Pre svoj \u0161t\u00fdlov\u00fd jazzov\u00fd prejav je vyh\u013ead\u00e1van\u00fdm sprievodn\u00fdm hr\u00e1\u010dom. V\u00a0roku 2000 bol anga\u017eovan\u00fd americk\u00fdm jazzov\u00fdm spev\u00e1kom Lee Andrew Davisonom na polro\u010dn\u00e9 turn\u00e9 v\u00a0Ju\u017enej a\u00a0Strednej Amerike.<br \/>\nAkt\u00edvne \u010falej spolupracuje aj s\u00a0Quartetom Mila Suchomela (Live CD \u2013 BJD Slovensk\u00e1 Sporite\u013e\u0148a 2003, \u0161tvr\u00e9 miesto na prest\u00ed\u017enej s\u00fa\u0165a\u017ei Hoeilaart International v\u00a0Belgicku, International de Getxo festival v\u00a0\u0160panielsku&#8230; at\u010f.), so Slovak Jazz Quartetom \u201eDoda\u201c\u00a0 \u0160o\u0161oku (turn\u00e9 Montreal \u2013 Canada), ako aj s\u00a0in\u00fdmi v\u00fdznamn\u00fdmi osobnos\u0165ami z\u00a0oblasti jazzu, ako Juraj Barto\u0161 \u2013 tr (SK), Robert Balzar \u2013 b (CZ), Karen Edwards \u2013 voc (USA), Andrzej Cudzich \u2013 b (PL), Yvonne Sanchez \u2013 voc (Cuba) a\u00a0s\u00a0Jazz brothers \u0160tefana Bartu\u0161a. K\u00a0jeho ob\u013e\u00faben\u00fdm projektom patr\u00ed aj koncertn\u00fd program pre dva akustick\u00e9 klav\u00edre, v\u00a0ktorom naj\u010dastej\u0161ie spolupracuje s\u00a0vlastn\u00fdm bratrancom, v\u00fdznamn\u00fdm slovensk\u00fdm jazzov\u00fdm klav\u00edristom, Ondrejom Kraj\u0148\u00e1kom. V\u00fdznamn\u00e1 je aj jeho pedagogick\u00e1 \u010dinnos\u0165, od roku 2010 je odborn\u00fdm asistentom na JAMU v\u00a0Brne.<\/p>\n","protected":false},"excerpt":{"rendered":"<p>Je jednou z\u00a0najv\u00fdraznej\u0161\u00edch s\u00fa\u010dasn\u00fdch osobnost\u00ed slovensk\u00e9ho jazzov\u00e9ho klav\u00edra. Jeho akt\u00edvna koncertn\u00e1 \u010dinnos\u0165 siaha od samostatn\u00e9ho s\u00f3lov\u00e9ho recit\u00e1lu cez r\u00f4zne jazzov\u00e9 zoskupenia a\u017e po \u00fa\u010dinkovanie v\u00a0bigbande Gustava Broma. Narodil sa v\u00a0Lu\u010denci v\u00a0roku 1976 v\u00a0hudobn\u00edckej rodine. U\u017e jeho star\u00fd otec bol v\u00a0p\u00e4\u0165desiatych &hellip; <a href=\"https:\/\/www.slovakdoublebassclub.com\/en\/klaudius-kovac\/\">Continued<\/a><\/p>\n","protected":false},"author":2,"featured_media":0,"parent":0,"menu_order":0,"comment_status":"closed","ping_status":"closed","template":"","meta":{"ngg_post_thumbnail":0,"footnotes":""},"class_list":["post-646","page","type-page","status-publish","hentry"],"_links":{"self":[{"href":"https:\/\/www.slovakdoublebassclub.com\/en\/wp-json\/wp\/v2\/pages\/646","targetHints":{"allow":["GET"]}}],"collection":[{"href":"https:\/\/www.slovakdoublebassclub.com\/en\/wp-json\/wp\/v2\/pages"}],"about":[{"href":"https:\/\/www.slovakdoublebassclub.com\/en\/wp-json\/wp\/v2\/types\/page"}],"author":[{"embeddable":true,"href":"https:\/\/www.slovakdoublebassclub.com\/en\/wp-json\/wp\/v2\/users\/2"}],"replies":[{"embeddable":true,"href":"https:\/\/www.slovakdoublebassclub.com\/en\/wp-json\/wp\/v2\/comments?post=646"}],"version-history":[{"count":4,"href":"https:\/\/www.slovakdoublebassclub.com\/en\/wp-json\/wp\/v2\/pages\/646\/revisions"}],"predecessor-version":[{"id":3632,"href":"https:\/\/www.slovakdoublebassclub.com\/en\/wp-json\/wp\/v2\/pages\/646\/revisions\/3632"}],"wp:attachment":[{"href":"https:\/\/www.slovakdoublebassclub.com\/en\/wp-json\/wp\/v2\/media?parent=646"}],"curies":[{"name":"wp","href":"https:\/\/api.w.org\/{rel}","templated":true}]}}