{"id":706,"date":"2012-12-17T09:30:36","date_gmt":"2012-12-17T08:30:36","guid":{"rendered":"http:\/\/www.slovakdoublebassclub.com\/?page_id=706"},"modified":"2014-02-13T05:19:53","modified_gmt":"2014-02-13T04:19:53","slug":"sutazny-repertoar-2013-repertoire-for-competition-2013","status":"publish","type":"page","link":"https:\/\/www.slovakdoublebassclub.com\/en\/sutazny-repertoar-2013-repertoire-for-competition-2013\/","title":{"rendered":"S\u00fa\u0165a\u017en\u00fd reperto\u00e1r 2014\/ Repertoire for competition 2014"},"content":{"rendered":"<p><b>S\u00fa\u0165a\u017en\u00fd reperto\u00e1r Kontrabasovej s\u00fa\u0165a\u017ee K. D. von Dittersdorfa pre rok\u00a0<\/b><b>2014<\/b><b>\/ Repertoire for Double bass Competition of C. D. von Dittersdorf for year\u00a0<\/b><b>2014<\/b><b>:<\/b><\/p>\n<p><b>I. kateg\u00f3ria: \u017eiakov zu\u0161\/ First category &#8211; students\/pupils of primary music schools:<\/b><\/p>\n<p>\u013eubovo\u013en\u00e1 skladba pre kontrabas s\u00f3lo, alebo so sprievodom klav\u00edra\/ one song, or piece for double bass solo, or with piano accompaniment<\/p>\n<p><b>II. kateg\u00f3ria: \u0161tudenti konzervat\u00f3ri\u00ed\/ Second category &#8211; students of conservatories<\/b><\/p>\n<p><b>1. a 2. \u010das\u0165 zo\u00a0Son\u00e1ty<\/b>\u00a0z obdobia\u00a0<b>Baroka alebo Klasicizmu\/<\/b>\u00a0first and second movement from\u00a0<b>Baroque<\/b>\u00a0or<b>\u00a0Klassicizm<\/b>\u00a0Sonata<\/p>\n<p>15 \u2013 18 rokov\/ 15-18 years \u00a0 \u00a0 \u00a0d\u00e1t. nar.\u00a0<b>od<\/b>\u00a013. 2. 1996\/ date of birth\u00a0<b>from<\/b>\u00a013. 2. 1996<br \/>\n18 \u2013 vy\u0161\u0161ie\/ 18 and higher \u00a0 \u00a0 \u00a0 d\u00e1t. nar.\u00a0<b>do<\/b>\u00a013. 2. 1996\/date of birth\u00a0<b>till<\/b>\u00a013. 2. 1996<\/p>\n<p><b>III. kateg\u00f3ria: \u0161tudenti vysok\u00fdch umeleck\u00fdch \u0161k\u00f4l a akad\u00e9mi\u00ed\/ \u00a0Third category &#8211; students of \u00a0high schools and music academies:<\/b><\/p>\n<p>18 -21 rokov\/18-21 years \u00a0 \u00a0 \u00a0 \u00a0\u00a0nar.\u00a0<strong>od<\/strong>\u00a013.2. 1993\/ date of birth\u00a0<b>from<\/b>\u00a013. 2. 1993<br \/>\n21 &#8211; a vy\u0161\u0161ie\/ 21 &#8211; and higher \u00a0 nar.\u00a0<strong>do<\/strong>\u00a013.2. 1993\/ date of birth\u00a0<strong>till<\/strong>\u00a013. 2. 1993<\/p>\n<p><b>-1. a 2. \u010das\u0165 zo Son\u00e1ty<\/b>\u00a0alebo\u00a0<b>Koncertu<\/b>\u00a0z obdobia\u00a0<b>Klasicizmu<\/b>\u00a0(bez kadencie)\/\u00a0<b>first\u00a0<\/b>and<b>\u00a0second movement<\/b>\u00a0from\u00a0<b>Klassicism<\/b>\u00a0<b>Sonata<\/b>\u00a0or\u00a0<b>Concert<\/b>\u00a0(without cadenza)<\/p>\n<p><b>-povinn\u00e1 skladba\/ obligatory composition:<\/b>\u00a0k stiahnutiu TU!\/ download HERE!<\/p>\n<p><a href=\"http:\/\/www.slovakdoublebassclub.com\/wp-content\/uploads\/2013\/12\/Bassome_mucho__Contrabass.pdf\" target=\"_blank\" rel=\"attachment wp-att-1567\">Bassome mucho &#8211; Contrabass<\/a>\u00a0(solo ladenie\/solo tuning)<br \/>\n<a href=\"http:\/\/www.slovakdoublebassclub.com\/wp-content\/uploads\/2013\/12\/Bassome-mucho-Cb-Piano.pdf\" target=\"_blank\">Bassome mucho &#8211; Cb-Piano<\/a><\/p>\n<p><em><strong>V pr\u00edpade povinnej skladby j<em><strong>e povolen\u00e1 hra z n\u00f4t!<\/strong><\/em><\/strong><\/em><\/p>\n<p><em><strong>It is allowed to use music score in obligatory composition!<\/strong><\/em><\/p>\n","protected":false},"excerpt":{"rendered":"<p>S\u00fa\u0165a\u017en\u00fd reperto\u00e1r Kontrabasovej s\u00fa\u0165a\u017ee K. D. von Dittersdorfa pre rok\u00a02014\/ Repertoire for Double bass Competition of C. D. von Dittersdorf for year\u00a02014: I. kateg\u00f3ria: \u017eiakov zu\u0161\/ First category &#8211; students\/pupils of primary music schools: \u013eubovo\u013en\u00e1 skladba pre kontrabas s\u00f3lo, alebo &hellip; <a href=\"https:\/\/www.slovakdoublebassclub.com\/en\/sutazny-repertoar-2013-repertoire-for-competition-2013\/\">Continued<\/a><\/p>\n","protected":false},"author":2,"featured_media":0,"parent":0,"menu_order":0,"comment_status":"closed","ping_status":"closed","template":"onecolumn-page.php","meta":{"ngg_post_thumbnail":0,"footnotes":""},"class_list":["post-706","page","type-page","status-publish","hentry"],"_links":{"self":[{"href":"https:\/\/www.slovakdoublebassclub.com\/en\/wp-json\/wp\/v2\/pages\/706","targetHints":{"allow":["GET"]}}],"collection":[{"href":"https:\/\/www.slovakdoublebassclub.com\/en\/wp-json\/wp\/v2\/pages"}],"about":[{"href":"https:\/\/www.slovakdoublebassclub.com\/en\/wp-json\/wp\/v2\/types\/page"}],"author":[{"embeddable":true,"href":"https:\/\/www.slovakdoublebassclub.com\/en\/wp-json\/wp\/v2\/users\/2"}],"replies":[{"embeddable":true,"href":"https:\/\/www.slovakdoublebassclub.com\/en\/wp-json\/wp\/v2\/comments?post=706"}],"version-history":[{"count":12,"href":"https:\/\/www.slovakdoublebassclub.com\/en\/wp-json\/wp\/v2\/pages\/706\/revisions"}],"predecessor-version":[{"id":1861,"href":"https:\/\/www.slovakdoublebassclub.com\/en\/wp-json\/wp\/v2\/pages\/706\/revisions\/1861"}],"wp:attachment":[{"href":"https:\/\/www.slovakdoublebassclub.com\/en\/wp-json\/wp\/v2\/media?parent=706"}],"curies":[{"name":"wp","href":"https:\/\/api.w.org\/{rel}","templated":true}]}}